{"id":561,"date":"2026-03-11T12:45:42","date_gmt":"2026-03-11T12:45:42","guid":{"rendered":"https:\/\/anexollc.com\/notarios\/?page_id=561"},"modified":"2026-03-25T14:10:21","modified_gmt":"2026-03-25T14:10:21","slug":"directorio-notarial","status":"publish","type":"page","link":"https:\/\/anexollc.com\/notarios\/directorio-notarial\/","title":{"rendered":"Directorio Notarial"},"content":{"rendered":"\t\t<div data-elementor-type=\"wp-page\" data-elementor-id=\"561\" class=\"elementor elementor-561\" data-elementor-post-type=\"page\">\n\t\t\t\t<div class=\"elementor-element elementor-element-7ab7140 e-con-full e-flex e-con e-parent\" data-id=\"7ab7140\" data-element_type=\"container\" data-e-type=\"container\" data-settings=\"{&quot;background_background&quot;:&quot;gradient&quot;}\">\n\t\t<div class=\"elementor-element elementor-element-3d3ff3e e-flex e-con-boxed e-con e-child\" data-id=\"3d3ff3e\" data-element_type=\"container\" data-e-type=\"container\">\n\t\t\t\t\t<div class=\"e-con-inner\">\n\t\t\t\t<div class=\"elementor-element elementor-element-71645ea elementor-widget elementor-widget-html\" data-id=\"71645ea\" data-element_type=\"widget\" data-e-type=\"widget\" data-widget_type=\"html.default\">\n\t\t\t\t\t<div style=\"display:inline-block;background:rgba(212,181,107,0.15);border:1px solid rgba(212,181,107,0.40);border-radius:999px;padding:7px 24px;margin-bottom:22px;\"><span style=\"color:#D4B56B;font-size:13px;font-weight:700;letter-spacing:1.8px;text-transform:uppercase;\"><center>COLEGIO NOTARIAL DE PUERTO RICO<\/center><\/span><\/div>\t\t\t\t<\/div>\n\t\t\t\t<div class=\"elementor-element elementor-element-a69f9b6 elementor-widget elementor-widget-heading\" data-id=\"a69f9b6\" data-element_type=\"widget\" data-e-type=\"widget\" data-widget_type=\"heading.default\">\n\t\t\t\t\t<h1 class=\"elementor-heading-title elementor-size-default\">Directorio Notarial<\/h1>\t\t\t\t<\/div>\n\t\t\t\t<div class=\"elementor-element elementor-element-1c67241 elementor-widget elementor-widget-text-editor\" data-id=\"1c67241\" data-element_type=\"widget\" data-e-type=\"widget\" data-widget_type=\"text-editor.default\">\n\t\t\t\t\t\t\t\t\t<p>Acceda al listado actualizado de notarios autorizados, con informaci\u00f3n relevante para su consulta y contacto.<\/p>\t\t\t\t\t\t\t\t<\/div>\n\t\t\t\t\t<\/div>\n\t\t\t\t<\/div>\n\t\t\t\t<\/div>\n\t\t<div class=\"elementor-element elementor-element-6aeaa8a e-con-full e-flex e-con e-parent\" data-id=\"6aeaa8a\" data-element_type=\"container\" data-e-type=\"container\" data-settings=\"{&quot;background_background&quot;:&quot;classic&quot;}\">\n\t\t\t\t<div class=\"elementor-element elementor-element-15da8ac elementor-widget elementor-widget-shortcode\" data-id=\"15da8ac\" data-element_type=\"widget\" data-e-type=\"widget\" data-widget_type=\"shortcode.default\">\n\t\t\t\t\t\t\t<div class=\"elementor-shortcode\">    <div id=\"directorio-notarios-wrap\" data-cols=\"1\">\r\n\r\n        <!-- BUSCADOR -->\r\n        <div class=\"dn-search-bar\">\r\n            <select id=\"dn-filtro-pueblo\">\r\n                <option value=\"\">Todos los Pueblos<\/option>\r\n                                    <option value=\"8\">\r\n                        Adjuntas                    <\/option>\r\n                                    <option value=\"9\">\r\n                        Aguada                    <\/option>\r\n                                    <option value=\"10\">\r\n                        Aguadilla                    <\/option>\r\n                                    <option value=\"11\">\r\n                        Aguas Buenas                    <\/option>\r\n                                    <option value=\"12\">\r\n                        Aibonito                    <\/option>\r\n                                    <option value=\"13\">\r\n                        A\u00f1asco                    <\/option>\r\n                                    <option value=\"14\">\r\n                        Arecibo                    <\/option>\r\n                                    <option value=\"15\">\r\n                        Arroyo                    <\/option>\r\n                                    <option value=\"16\">\r\n                        Barceloneta                    <\/option>\r\n                                    <option value=\"17\">\r\n                        Barranquitas                    <\/option>\r\n                                    <option value=\"18\">\r\n                        Bayam\u00f3n                    <\/option>\r\n                                    <option value=\"19\">\r\n                        Cabo Rojo                    <\/option>\r\n                                    <option value=\"20\">\r\n                        Caguas                    <\/option>\r\n                                    <option value=\"21\">\r\n                        Camuy                    <\/option>\r\n                                    <option value=\"22\">\r\n                        Can\u00f3vanas                    <\/option>\r\n                                    <option value=\"23\">\r\n                        Carolina                    <\/option>\r\n                                    <option value=\"24\">\r\n                        Cata\u00f1o                    <\/option>\r\n                                    <option value=\"25\">\r\n                        Cayey                    <\/option>\r\n                                    <option value=\"26\">\r\n                        Ceiba                    <\/option>\r\n                                    <option value=\"27\">\r\n                        Ciales                    <\/option>\r\n                                    <option value=\"28\">\r\n                        Cidra                    <\/option>\r\n                                    <option value=\"29\">\r\n                        Coamo                    <\/option>\r\n                                    <option value=\"30\">\r\n                        Comer\u00edo                    <\/option>\r\n                                    <option value=\"31\">\r\n                        Corozal                    <\/option>\r\n                                    <option value=\"32\">\r\n                        Culebra                    <\/option>\r\n                                    <option value=\"33\">\r\n                        Dorado                    <\/option>\r\n                                    <option value=\"34\">\r\n                        Fajardo                    <\/option>\r\n                                    <option value=\"35\">\r\n                        Florida                    <\/option>\r\n                                    <option value=\"36\">\r\n                        Gu\u00e1nica                    <\/option>\r\n                                    <option value=\"37\">\r\n                        Guayama                    <\/option>\r\n                                    <option value=\"38\">\r\n                        Guayanilla                    <\/option>\r\n                                    <option value=\"39\">\r\n                        Guaynabo                    <\/option>\r\n                                    <option value=\"40\">\r\n                        Gurabo                    <\/option>\r\n                                    <option value=\"41\">\r\n                        Hatillo                    <\/option>\r\n                                    <option value=\"42\">\r\n                        Hormigueros                    <\/option>\r\n                                    <option value=\"43\">\r\n                        Humacao                    <\/option>\r\n                                    <option value=\"44\">\r\n                        Isabela                    <\/option>\r\n                                    <option value=\"45\">\r\n                        Jayuya                    <\/option>\r\n                                    <option value=\"46\">\r\n                        Juana D\u00edaz                    <\/option>\r\n                                    <option value=\"47\">\r\n                        Juncos                    <\/option>\r\n                                    <option value=\"48\">\r\n                        Lajas                    <\/option>\r\n                                    <option value=\"49\">\r\n                        Lares                    <\/option>\r\n                                    <option value=\"50\">\r\n                        Las Mar\u00edas                    <\/option>\r\n                                    <option value=\"51\">\r\n                        Las Piedras                    <\/option>\r\n                                    <option value=\"52\">\r\n                        Lo\u00edza                    <\/option>\r\n                                    <option value=\"53\">\r\n                        Luquillo                    <\/option>\r\n                                    <option value=\"54\">\r\n                        Manat\u00ed                    <\/option>\r\n                                    <option value=\"55\">\r\n                        Maricao                    <\/option>\r\n                                    <option value=\"56\">\r\n                        Maunabo                    <\/option>\r\n                                    <option value=\"57\">\r\n                        Mayag\u00fcez                    <\/option>\r\n                                    <option value=\"58\">\r\n                        Moca                    <\/option>\r\n                                    <option value=\"59\">\r\n                        Morovis                    <\/option>\r\n                                    <option value=\"60\">\r\n                        Naguabo                    <\/option>\r\n                                    <option value=\"61\">\r\n                        Naranjito                    <\/option>\r\n                                    <option value=\"62\">\r\n                        Orocovis                    <\/option>\r\n                                    <option value=\"63\">\r\n                        Patillas                    <\/option>\r\n                                    <option value=\"64\">\r\n                        Pe\u00f1uelas                    <\/option>\r\n                                    <option value=\"65\">\r\n                        Ponce                    <\/option>\r\n                                    <option value=\"66\">\r\n                        Quebradillas                    <\/option>\r\n                                    <option value=\"67\">\r\n                        Rinc\u00f3n                    <\/option>\r\n                                    <option value=\"68\">\r\n                        R\u00edo Grande                    <\/option>\r\n                                    <option value=\"69\">\r\n                        Sabana Grande                    <\/option>\r\n                                    <option value=\"70\">\r\n                        Salinas                    <\/option>\r\n                                    <option value=\"71\">\r\n                        San Germ\u00e1n                    <\/option>\r\n                                    <option value=\"72\">\r\n                        San Juan                    <\/option>\r\n                                    <option value=\"73\">\r\n                        San Lorenzo                    <\/option>\r\n                                    <option value=\"74\">\r\n                        San Sebasti\u00e1n                    <\/option>\r\n                                    <option value=\"75\">\r\n                        Santa Isabel                    <\/option>\r\n                                    <option value=\"76\">\r\n                        Toa Alta                    <\/option>\r\n                                    <option value=\"77\">\r\n                        Toa Baja                    <\/option>\r\n                                    <option value=\"78\">\r\n                        Trujillo Alto                    <\/option>\r\n                                    <option value=\"79\">\r\n                        Utuado                    <\/option>\r\n                                    <option value=\"80\">\r\n                        Vega Alta                    <\/option>\r\n                                    <option value=\"81\">\r\n                        Vega Baja                    <\/option>\r\n                                    <option value=\"82\">\r\n                        Vieques                    <\/option>\r\n                                    <option value=\"83\">\r\n                        Villalba                    <\/option>\r\n                                    <option value=\"84\">\r\n                        Yabucoa                    <\/option>\r\n                                    <option value=\"85\">\r\n                        Yauco                    <\/option>\r\n                            <\/select>\r\n            <input type=\"text\" id=\"dn-filtro-nombre\" placeholder=\"Buscar por nombre...\" \/>\r\n            <button id=\"dn-buscar-btn\">Buscar<\/button>\r\n            <button id=\"dn-limpiar-btn\">Ver todos<\/button>\r\n        <\/div>\r\n\r\n        <!-- RESULTADO: LISTADO + MAPA -->\r\n        <div class=\"dn-layout\">\r\n            <div class=\"dn-lista-wrap\">\r\n                <div id=\"dn-contador\" class=\"dn-contador\"><\/div>\r\n                <div id=\"dn-lista\" class=\"dn-lista\">\r\n                    <div class=\"dn-cargando\">Cargando notarios...<\/div>\r\n                <\/div>\r\n            <\/div>\r\n            <div class=\"dn-mapa-wrap\">\r\n                <div id=\"dn-mapa\" style=\"height: 600px; width: 100%;\"><\/div>\r\n            <\/div>\r\n        <\/div>\r\n\r\n    <\/div>\r\n\r\n    <script>\r\n    var dNotariosAjax = {\r\n        url:   'https:\/\/anexollc.com\/notarios\/wp-admin\/admin-ajax.php',\r\n        nonce: '6e3746fb21'\r\n    };\r\n    <\/script>\r\n    <\/div>\n\t\t\t\t\t\t<\/div>\n\t\t\t\t<\/div>\n\t\t<div class=\"elementor-element elementor-element-79f564e e-flex e-con-boxed e-con e-parent\" data-id=\"79f564e\" data-element_type=\"container\" data-e-type=\"container\" data-settings=\"{&quot;background_background&quot;:&quot;classic&quot;}\">\n\t\t\t\t\t<div class=\"e-con-inner\">\n\t\t<div class=\"elementor-element elementor-element-6cf65d3 e-con-full e-flex e-con e-child\" data-id=\"6cf65d3\" data-element_type=\"container\" data-e-type=\"container\" data-settings=\"{&quot;background_background&quot;:&quot;classic&quot;}\">\n\t\t<div class=\"elementor-element elementor-element-e677252 e-con-full e-flex e-con e-child\" data-id=\"e677252\" data-element_type=\"container\" data-e-type=\"container\">\n\t\t\t\t<div class=\"elementor-element elementor-element-b95064c elementor-widget elementor-widget-heading\" data-id=\"b95064c\" data-element_type=\"widget\" data-e-type=\"widget\" data-widget_type=\"heading.default\">\n\t\t\t\t\t<h2 class=\"elementor-heading-title elementor-size-default\">Mensaje del Presidente<\/h2>\t\t\t\t<\/div>\n\t\t\t\t<div class=\"elementor-element elementor-element-271194b elementor-widget elementor-widget-text-editor\" data-id=\"271194b\" data-element_type=\"widget\" data-e-type=\"widget\" data-widget_type=\"text-editor.default\">\n\t\t\t\t\t\t\t\t\t<p data-start=\"189\" data-end=\"506\">En el Colegio Notarial de Puerto Rico reafirmamos nuestro compromiso con la integridad, la excelencia profesional y la protecci\u00f3n de la fe p\u00fablica, fortaleciendo cada d\u00eda la funci\u00f3n notarial en beneficio de nuestra sociedad.<\/p>\t\t\t\t\t\t\t\t<\/div>\n\t\t\t\t<div class=\"elementor-element elementor-element-6b4253c elementor-widget elementor-widget-text-editor\" data-id=\"6b4253c\" data-element_type=\"widget\" data-e-type=\"widget\" data-widget_type=\"text-editor.default\">\n\t\t\t\t\t\t\t\t\t<p><strong>Not. Ismael Garc\u00eda Ortega<\/strong><br \/>Presidente<\/p>\t\t\t\t\t\t\t\t<\/div>\n\t\t\t\t<\/div>\n\t\t<div class=\"elementor-element elementor-element-3e2a8fe e-con-full e-flex e-con e-child\" data-id=\"3e2a8fe\" data-element_type=\"container\" data-e-type=\"container\">\n\t\t\t\t<div class=\"elementor-element elementor-element-a1637be elementor-widget__width-auto elementor-widget elementor-widget-image\" data-id=\"a1637be\" data-element_type=\"widget\" data-e-type=\"widget\" data-widget_type=\"image.default\">\n\t\t\t\t\t\t\t\t\t\t\t\t\t\t\t<img fetchpriority=\"high\" decoding=\"async\" width=\"627\" height=\"642\" src=\"https:\/\/anexollc.com\/notarios\/wp-content\/uploads\/2026\/03\/ismael.png\" class=\"attachment-full size-full wp-image-1317\" alt=\"\" srcset=\"https:\/\/anexollc.com\/notarios\/wp-content\/uploads\/2026\/03\/ismael.png 627w, https:\/\/anexollc.com\/notarios\/wp-content\/uploads\/2026\/03\/ismael-293x300.png 293w\" sizes=\"(max-width: 627px) 100vw, 627px\" \/>\t\t\t\t\t\t\t\t\t\t\t\t\t\t\t<\/div>\n\t\t\t\t<\/div>\n\t\t\t\t<\/div>\n\t\t\t\t\t<\/div>\n\t\t\t\t<\/div>\n\t\t\t\t<\/div>\n\t\t","protected":false},"excerpt":{"rendered":"<p>COLEGIO NOTARIAL DE PUERTO RICO Directorio Notarial Acceda al listado actualizado de notarios autorizados, con informaci\u00f3n relevante para su consulta y contacto. Mensaje del Presidente En el Colegio Notarial de Puerto Rico reafirmamos nuestro compromiso con la integridad, la excelencia profesional y la protecci\u00f3n de la fe p\u00fablica, fortaleciendo cada d\u00eda la funci\u00f3n notarial en [&hellip;]<\/p>\n","protected":false},"author":1,"featured_media":0,"parent":0,"menu_order":0,"comment_status":"closed","ping_status":"closed","template":"elementor_header_footer","meta":{"footnotes":""},"class_list":["post-561","page","type-page","status-publish","hentry"],"_hostinger_reach_plugin_has_subscription_block":false,"_hostinger_reach_plugin_is_elementor":false,"_links":{"self":[{"href":"https:\/\/anexollc.com\/notarios\/wp-json\/wp\/v2\/pages\/561","targetHints":{"allow":["GET"]}}],"collection":[{"href":"https:\/\/anexollc.com\/notarios\/wp-json\/wp\/v2\/pages"}],"about":[{"href":"https:\/\/anexollc.com\/notarios\/wp-json\/wp\/v2\/types\/page"}],"author":[{"embeddable":true,"href":"https:\/\/anexollc.com\/notarios\/wp-json\/wp\/v2\/users\/1"}],"replies":[{"embeddable":true,"href":"https:\/\/anexollc.com\/notarios\/wp-json\/wp\/v2\/comments?post=561"}],"version-history":[{"count":28,"href":"https:\/\/anexollc.com\/notarios\/wp-json\/wp\/v2\/pages\/561\/revisions"}],"predecessor-version":[{"id":34874,"href":"https:\/\/anexollc.com\/notarios\/wp-json\/wp\/v2\/pages\/561\/revisions\/34874"}],"wp:attachment":[{"href":"https:\/\/anexollc.com\/notarios\/wp-json\/wp\/v2\/media?parent=561"}],"curies":[{"name":"wp","href":"https:\/\/api.w.org\/{rel}","templated":true}]}}