{"id":35166,"date":"2026-04-13T15:23:15","date_gmt":"2026-04-13T15:23:15","guid":{"rendered":"https:\/\/anexollc.com\/notarios\/?page_id=35166"},"modified":"2026-04-13T19:27:25","modified_gmt":"2026-04-13T19:27:25","slug":"modelos-y-formularios","status":"publish","type":"page","link":"https:\/\/anexollc.com\/notarios\/modelos-y-formularios\/","title":{"rendered":"Modelos y Formularios"},"content":{"rendered":"\t\t<div data-elementor-type=\"wp-page\" data-elementor-id=\"35166\" class=\"elementor elementor-35166\" data-elementor-post-type=\"page\">\n\t\t\t\t<div class=\"elementor-element elementor-element-e1cc2c7 e-con-full e-flex e-con e-parent\" data-id=\"e1cc2c7\" data-element_type=\"container\" data-e-type=\"container\" data-settings=\"{&quot;background_background&quot;:&quot;gradient&quot;}\">\n\t\t<div class=\"elementor-element elementor-element-8def439 e-flex e-con-boxed e-con e-child\" data-id=\"8def439\" data-element_type=\"container\" data-e-type=\"container\">\n\t\t\t\t\t<div class=\"e-con-inner\">\n\t\t\t\t<div class=\"elementor-element elementor-element-4d6464b elementor-widget elementor-widget-html\" data-id=\"4d6464b\" data-element_type=\"widget\" data-e-type=\"widget\" data-widget_type=\"html.default\">\n\t\t\t\t\t<div style=\"display:inline-block;background:rgba(212,181,107,0.15);border:1px solid rgba(212,181,107,0.40);border-radius:999px;padding:7px 24px;margin-bottom:22px;\"><span style=\"color:#D4B56B;font-size:13px;font-weight:700;letter-spacing:1.8px;text-transform:uppercase;\">El Colegio Notarial de Puerto Rico (CNPR)<\/span><\/div>\t\t\t\t<\/div>\n\t\t\t\t<div class=\"elementor-element elementor-element-3bd8bd0 elementor-widget elementor-widget-heading\" data-id=\"3bd8bd0\" data-element_type=\"widget\" data-e-type=\"widget\" data-widget_type=\"heading.default\">\n\t\t\t\t\t<h1 class=\"elementor-heading-title elementor-size-default\">Modelos y Formularios<\/h1>\t\t\t\t<\/div>\n\t\t\t\t\t<\/div>\n\t\t\t\t<\/div>\n\t\t\t\t<\/div>\n\t\t<div class=\"elementor-element elementor-element-6aeaa8a e-con-full e-flex e-con e-parent\" data-id=\"6aeaa8a\" data-element_type=\"container\" data-e-type=\"container\" data-settings=\"{&quot;background_background&quot;:&quot;classic&quot;}\">\n\t\t<div class=\"elementor-element elementor-element-88cdd37 e-flex e-con-boxed e-con e-child\" data-id=\"88cdd37\" data-element_type=\"container\" data-e-type=\"container\">\n\t\t\t\t\t<div class=\"e-con-inner\">\n\t\t<div class=\"elementor-element elementor-element-c1e26c4 e-con-full e-flex e-con e-child\" data-id=\"c1e26c4\" data-element_type=\"container\" data-e-type=\"container\" data-settings=\"{&quot;background_background&quot;:&quot;classic&quot;}\">\n\t\t\t\t<div class=\"elementor-element elementor-element-8d7e2dd elementor-widget elementor-widget-html\" data-id=\"8d7e2dd\" data-element_type=\"widget\" data-e-type=\"widget\" data-widget_type=\"html.default\">\n\t\t\t\t\t<section style=\"font-family: Arial, sans-serif; padding: 40px 20px; max-width: 960px; margin: 0 auto;\">\r\n\r\n  <!-- Header -->\r\n  <div style=\"display:flex; align-items:center; gap:12px; margin-bottom:10px;\">\r\n    <div style=\"width:4px; height:40px; background:linear-gradient(180deg,#D4B56B,#123B73); border-radius:2px; flex-shrink:0;\"><\/div>\r\n    <div>\r\n\r\n      <p style=\"margin:5px 0 0; font-size:0.97rem; color:#555;\">Acceso directo a formularios oficiales para la pr\u00e1ctica notarial<\/p>\r\n    <\/div>\r\n  <\/div>\r\n  <hr style=\"border:none; border-top:2px solid #D4B56B; width:80px; margin:14px 0 36px 16px;\">\r\n\r\n\r\n  <!-- ===================== HACIENDA ===================== -->\r\n  <div style=\"margin-bottom:40px;\">\r\n\r\n    <!-- Encabezado de grupo -->\r\n    <div style=\"display:flex; align-items:center; gap:14px; margin-bottom:18px;\">\r\n      <div style=\"width:42px; height:42px; background:linear-gradient(135deg,#0B1F3B,#123B73); border-radius:10px; display:flex; align-items:center; justify-content:center; font-size:1.2rem; flex-shrink:0;\">\ud83c\udfdb\ufe0f<\/div>\r\n      <div>\r\n        <p style=\"margin:0; font-size:0.7rem; font-weight:700; color:#D4B56B; text-transform:uppercase; letter-spacing:0.09em;\">Gobierno de Puerto Rico<\/p>\r\n        <h3 style=\"margin:0; font-size:1.1rem; font-weight:700; color:#0B1F3B;\">Departamento de Hacienda<\/h3>\r\n      <\/div>\r\n    <\/div>\r\n\r\n    <div style=\"display:flex; flex-direction:column; gap:10px;\">\r\n\r\n      <!-- Fila de formulario -->\r\n      <div style=\"display:flex; align-items:center; justify-content:space-between; gap:12px; background:#fff; border:1px solid #dde3ee; border-radius:10px; padding:14px 18px; box-shadow:0 1px 6px rgba(11,31,59,0.05);\">\r\n        <div style=\"display:flex; align-items:center; gap:14px; flex:1; min-width:0;\">\r\n          <span style=\"background:#0B1F3B; color:#D4B56B; font-size:0.68rem; font-weight:700; padding:4px 9px; border-radius:6px; white-space:nowrap; flex-shrink:0;\">499 R-1B<\/span>\r\n          <span style=\"font-size:0.88rem; color:#222; font-weight:600; line-height:1.3;\">Planilla Trimestral Patronal de Contribuci\u00f3n sobre Ingresos Retenida<\/span>\r\n        <\/div>\r\n        <a href=\"https:\/\/hacienda.pr.gov\/sites\/default\/files\/documentos\/499_r-1b.pdf\" target=\"_blank\" rel=\"noopener\" style=\"text-decoration:none; display:inline-flex; align-items:center; gap:6px; background:linear-gradient(135deg,#0B1F3B,#123B73); color:#fff; font-size:0.78rem; font-weight:700; padding:8px 14px; border-radius:8px; white-space:nowrap; flex-shrink:0;\">\r\n          <svg width=\"13\" height=\"13\" viewBox=\"0 0 24 24\" fill=\"none\" stroke=\"#D4B56B\" stroke-width=\"2.5\" stroke-linecap=\"round\" stroke-linejoin=\"round\"><path d=\"M21 15v4a2 2 0 0 1-2 2H5a2 2 0 0 1-2-2v-4\"\/><polyline points=\"7 10 12 15 17 10\"\/><line x1=\"12\" y1=\"15\" x2=\"12\" y2=\"3\"\/><\/svg>\r\n          PDF\r\n        <\/a>\r\n      <\/div>\r\n\r\n      <div style=\"display:flex; align-items:center; justify-content:space-between; gap:12px; background:#fff; border:1px solid #dde3ee; border-radius:10px; padding:14px 18px; box-shadow:0 1px 6px rgba(11,31,59,0.05);\">\r\n        <div style=\"display:flex; align-items:center; gap:14px; flex:1; min-width:0;\">\r\n          <span style=\"background:#0B1F3B; color:#D4B56B; font-size:0.68rem; font-weight:700; padding:4px 9px; border-radius:6px; white-space:nowrap; flex-shrink:0;\">SC 2800<\/span>\r\n          <span style=\"font-size:0.88rem; color:#222; font-weight:600; line-height:1.3;\">Planilla de Contribuci\u00f3n sobre Caudal Relicto e Instrucciones<\/span>\r\n        <\/div>\r\n        <a href=\"https:\/\/hacienda.pr.gov\/sites\/default\/files\/documentos\/sc_2800_rev_6_ago_10_rep_16_mar_15_suri.pdf\" target=\"_blank\" rel=\"noopener\" style=\"text-decoration:none; display:inline-flex; align-items:center; gap:6px; background:linear-gradient(135deg,#0B1F3B,#123B73); color:#fff; font-size:0.78rem; font-weight:700; padding:8px 14px; border-radius:8px; white-space:nowrap; flex-shrink:0;\">\r\n          <svg width=\"13\" height=\"13\" viewBox=\"0 0 24 24\" fill=\"none\" stroke=\"#D4B56B\" stroke-width=\"2.5\" stroke-linecap=\"round\" stroke-linejoin=\"round\"><path d=\"M21 15v4a2 2 0 0 1-2 2H5a2 2 0 0 1-2-2v-4\"\/><polyline points=\"7 10 12 15 17 10\"\/><line x1=\"12\" y1=\"15\" x2=\"12\" y2=\"3\"\/><\/svg>\r\n          PDF\r\n        <\/a>\r\n      <\/div>\r\n\r\n      <div style=\"display:flex; align-items:center; justify-content:space-between; gap:12px; background:#fff; border:1px solid #dde3ee; border-radius:10px; padding:14px 18px; box-shadow:0 1px 6px rgba(11,31,59,0.05);\">\r\n        <div style=\"display:flex; align-items:center; gap:14px; flex:1; min-width:0;\">\r\n          <span style=\"background:#0B1F3B; color:#D4B56B; font-size:0.68rem; font-weight:700; padding:4px 9px; border-radius:6px; white-space:nowrap; flex-shrink:0;\">SC 2800 A<\/span>\r\n          <span style=\"font-size:0.88rem; color:#222; font-weight:600; line-height:1.3;\">Planilla Corta de Contribuci\u00f3n sobre Caudal Relicto e Instrucciones<\/span>\r\n        <\/div>\r\n        <a href=\"https:\/\/hacienda.pr.gov\/downloads\/pdf\/planillas\/SC%202800%20A.pdf\" target=\"_blank\" rel=\"noopener\" style=\"text-decoration:none; display:inline-flex; align-items:center; gap:6px; background:linear-gradient(135deg,#0B1F3B,#123B73); color:#fff; font-size:0.78rem; font-weight:700; padding:8px 14px; border-radius:8px; white-space:nowrap; flex-shrink:0;\">\r\n          <svg width=\"13\" height=\"13\" viewBox=\"0 0 24 24\" fill=\"none\" stroke=\"#D4B56B\" stroke-width=\"2.5\" stroke-linecap=\"round\" stroke-linejoin=\"round\"><path d=\"M21 15v4a2 2 0 0 1-2 2H5a2 2 0 0 1-2-2v-4\"\/><polyline points=\"7 10 12 15 17 10\"\/><line x1=\"12\" y1=\"15\" x2=\"12\" y2=\"3\"\/><\/svg>\r\n          PDF\r\n        <\/a>\r\n      <\/div>\r\n\r\n      <div style=\"display:flex; align-items:center; justify-content:space-between; gap:12px; background:#fff; border:1px solid #dde3ee; border-radius:10px; padding:14px 18px; box-shadow:0 1px 6px rgba(11,31,59,0.05);\">\r\n        <div style=\"display:flex; align-items:center; gap:14px; flex:1; min-width:0;\">\r\n          <span style=\"background:#0B1F3B; color:#D4B56B; font-size:0.68rem; font-weight:700; padding:4px 9px; border-radius:6px; white-space:nowrap; flex-shrink:0;\">AS 2801<\/span>\r\n          <span style=\"font-size:0.88rem; color:#222; font-weight:600; line-height:1.3;\">Estate Tax Return of Nonresident or United States Citizen Resident of Puerto Rico and Instructions<\/span>\r\n        <\/div>\r\n        <a href=\"https:\/\/hacienda.pr.gov\/sites\/default\/files\/documentos\/as_2801_0.pdf\" target=\"_blank\" rel=\"noopener\" style=\"text-decoration:none; display:inline-flex; align-items:center; gap:6px; background:linear-gradient(135deg,#0B1F3B,#123B73); color:#fff; font-size:0.78rem; font-weight:700; padding:8px 14px; border-radius:8px; white-space:nowrap; flex-shrink:0;\">\r\n          <svg width=\"13\" height=\"13\" viewBox=\"0 0 24 24\" fill=\"none\" stroke=\"#D4B56B\" stroke-width=\"2.5\" stroke-linecap=\"round\" stroke-linejoin=\"round\"><path d=\"M21 15v4a2 2 0 0 1-2 2H5a2 2 0 0 1-2-2v-4\"\/><polyline points=\"7 10 12 15 17 10\"\/><line x1=\"12\" y1=\"15\" x2=\"12\" y2=\"3\"\/><\/svg>\r\n          PDF\r\n        <\/a>\r\n      <\/div>\r\n\r\n      <div style=\"display:flex; align-items:center; justify-content:space-between; gap:12px; background:#fff; border:1px solid #dde3ee; border-radius:10px; padding:14px 18px; box-shadow:0 1px 6px rgba(11,31,59,0.05);\">\r\n        <div style=\"display:flex; align-items:center; gap:14px; flex:1; min-width:0;\">\r\n          <span style=\"background:#0B1F3B; color:#D4B56B; font-size:0.68rem; font-weight:700; padding:4px 9px; border-radius:6px; white-space:nowrap; flex-shrink:0;\">SC 2788<\/span>\r\n          <span style=\"font-size:0.88rem; color:#222; font-weight:600; line-height:1.3;\">Planilla de Contribuci\u00f3n sobre Donaciones<\/span>\r\n        <\/div>\r\n        <a href=\"https:\/\/hacienda.pr.gov\/downloads\/pdf\/planillas\/SC%202788.pdf\" target=\"_blank\" rel=\"noopener\" style=\"text-decoration:none; display:inline-flex; align-items:center; gap:6px; background:linear-gradient(135deg,#0B1F3B,#123B73); color:#fff; font-size:0.78rem; font-weight:700; padding:8px 14px; border-radius:8px; white-space:nowrap; flex-shrink:0;\">\r\n          <svg width=\"13\" height=\"13\" viewBox=\"0 0 24 24\" fill=\"none\" stroke=\"#D4B56B\" stroke-width=\"2.5\" stroke-linecap=\"round\" stroke-linejoin=\"round\"><path d=\"M21 15v4a2 2 0 0 1-2 2H5a2 2 0 0 1-2-2v-4\"\/><polyline points=\"7 10 12 15 17 10\"\/><line x1=\"12\" y1=\"15\" x2=\"12\" y2=\"3\"\/><\/svg>\r\n          PDF\r\n        <\/a>\r\n      <\/div>\r\n\r\n    <\/div>\r\n  <\/div>\r\n\r\n\r\n  <!-- ===================== CRIM ===================== -->\r\n  <div style=\"margin-bottom:40px;\">\r\n\r\n    <div style=\"display:flex; align-items:center; gap:14px; margin-bottom:18px;\">\r\n      <div style=\"width:42px; height:42px; background:linear-gradient(135deg,#123B73,#1a5599); border-radius:10px; display:flex; align-items:center; justify-content:center; font-size:1.2rem; flex-shrink:0;\">\ud83c\udfe0<\/div>\r\n      <div>\r\n        <p style=\"margin:0; font-size:0.7rem; font-weight:700; color:#D4B56B; text-transform:uppercase; letter-spacing:0.09em;\">Centro de Recaudaci\u00f3n de Ingresos Municipales<\/p>\r\n        <h3 style=\"margin:0; font-size:1.1rem; font-weight:700; color:#0B1F3B;\">CRIM<\/h3>\r\n      <\/div>\r\n    <\/div>\r\n\r\n    <div style=\"display:flex; flex-direction:column; gap:10px;\">\r\n\r\n      <div style=\"display:flex; align-items:center; justify-content:space-between; gap:12px; background:#fff; border:1px solid #dde3ee; border-radius:10px; padding:14px 18px; box-shadow:0 1px 6px rgba(11,31,59,0.05);\">\r\n        <div style=\"display:flex; align-items:center; gap:14px; flex:1; min-width:0;\">\r\n          <span style=\"background:#123B73; color:#fff; font-size:0.68rem; font-weight:700; padding:4px 9px; border-radius:6px; white-space:nowrap; flex-shrink:0;\">CRIM<\/span>\r\n          <span style=\"font-size:0.88rem; color:#222; font-weight:600; line-height:1.3;\">Solicitud de Cambio de Due\u00f1o<\/span>\r\n        <\/div>\r\n        <a href=\"https:\/\/portal.crim360.com\/crimpr\/CMS\/DOCUMENTOS\/download\/167.pdf\" target=\"_blank\" rel=\"noopener\" style=\"text-decoration:none; display:inline-flex; align-items:center; gap:6px; background:linear-gradient(135deg,#123B73,#1a5599); color:#fff; font-size:0.78rem; font-weight:700; padding:8px 14px; border-radius:8px; white-space:nowrap; flex-shrink:0;\">\r\n          <svg width=\"13\" height=\"13\" viewBox=\"0 0 24 24\" fill=\"none\" stroke=\"#D4B56B\" stroke-width=\"2.5\" stroke-linecap=\"round\" stroke-linejoin=\"round\"><path d=\"M21 15v4a2 2 0 0 1-2 2H5a2 2 0 0 1-2-2v-4\"\/><polyline points=\"7 10 12 15 17 10\"\/><line x1=\"12\" y1=\"15\" x2=\"12\" y2=\"3\"\/><\/svg>\r\n          PDF\r\n        <\/a>\r\n      <\/div>\r\n\r\n    <\/div>\r\n  <\/div>\r\n\r\n\r\n  <!-- ===================== ODIN \/ PODER JUDICIAL ===================== -->\r\n  <div style=\"margin-bottom:40px;\">\r\n\r\n    <div style=\"display:flex; align-items:center; gap:14px; margin-bottom:18px;\">\r\n      <div style=\"width:42px; height:42px; background:linear-gradient(135deg,#0B1F3B,#123B73); border-radius:10px; display:flex; align-items:center; justify-content:center; font-size:1.2rem; flex-shrink:0;\">\u2696\ufe0f<\/div>\r\n      <div>\r\n        <p style=\"margin:0; font-size:0.7rem; font-weight:700; color:#D4B56B; text-transform:uppercase; letter-spacing:0.09em;\">Rama Judicial de Puerto Rico<\/p>\r\n        <h3 style=\"margin:0; font-size:1.1rem; font-weight:700; color:#0B1F3B;\">Asuntos Notariales \u2014 ODIN<\/h3>\r\n      <\/div>\r\n    <\/div>\r\n\r\n    <!-- Aviso de completar con lista ODIN -->\r\n    <div style=\"background:#fff8e6; border:1px dashed #D4B56B; border-radius:10px; padding:16px 20px; display:flex; gap:12px; align-items:flex-start;\">\r\n      <span style=\"font-size:1.3rem; flex-shrink:0;\">\ud83d\udccb<\/span>\r\n      <div>\r\n        <p style=\"margin:0 0 4px; font-size:0.85rem; font-weight:700; color:#0B1F3B;\">Formularios ODIN pendientes<\/p>\r\n        <p style=\"margin:0; font-size:0.82rem; color:#666; line-height:1.6;\">Comparte la foto con los formularios del enlace <a href=\"https:\/\/poderjudicial.pr\/formularios\/#et_pb_toggle_6\" target=\"_blank\" style=\"color:#123B73; font-weight:600;\">poderjudicial.pr\/formularios<\/a> y los a\u00f1ado de inmediato con el mismo dise\u00f1o.<\/p>\r\n      <\/div>\r\n    <\/div>\r\n\r\n  <\/div>\r\n\r\n\r\n  <!-- ===================== T\u00c9RMINOS DE NOTIFICACI\u00d3N ===================== -->\r\n  <div style=\"background:linear-gradient(135deg,#0B1F3B,#123B73); border-radius:14px; padding:26px 28px;\">\r\n    <div style=\"display:flex; align-items:center; gap:12px; margin-bottom:18px;\">\r\n      <span style=\"font-size:1.3rem;\">\u23f1\ufe0f<\/span>\r\n      <div>\r\n        <p style=\"margin:0; font-size:0.7rem; font-weight:700; color:#D4B56B; text-transform:uppercase; letter-spacing:0.09em;\">Tribunal Supremo \u00b7 Inspecci\u00f3n de Notar\u00edas<\/p>\r\n        <h3 style=\"margin:0; font-size:1.05rem; font-weight:700; color:#fff;\">T\u00e9rminos de Notificaci\u00f3n Obligatoria<\/h3>\r\n      <\/div>\r\n    <\/div>\r\n    <div style=\"display:grid; grid-template-columns:repeat(auto-fill, minmax(240px, 1fr)); gap:12px;\">\r\n\r\n      <div style=\"background:rgba(255,255,255,0.08); border:1px solid rgba(212,181,107,0.3); border-radius:10px; padding:14px 16px;\">\r\n        <p style=\"margin:0 0 6px; font-size:0.72rem; font-weight:700; color:#D4B56B; text-transform:uppercase; letter-spacing:0.07em;\">Fallecimiento de notario<\/p>\r\n        <p style=\"margin:0; font-size:0.85rem; color:rgba(255,255,255,0.85); line-height:1.5;\">Los herederos deben notificar al Tribunal Supremo dentro de los <strong style=\"color:#fff;\">10 d\u00edas<\/strong> del fallecimiento.<\/p>\r\n      <\/div>\r\n\r\n      <div style=\"background:rgba(255,255,255,0.08); border:1px solid rgba(212,181,107,0.3); border-radius:10px; padding:14px 16px;\">\r\n        <p style=\"margin:0 0 6px; font-size:0.72rem; font-weight:700; color:#D4B56B; text-transform:uppercase; letter-spacing:0.07em;\">P\u00e9rdida o extrav\u00edo de protocolo<\/p>\r\n        <p style=\"margin:0; font-size:0.85rem; color:rgba(255,255,255,0.85); line-height:1.5;\">Notificar de inmediato al Tribunal Supremo y radicar denuncia ante la Polic\u00eda.<\/p>\r\n      <\/div>\r\n\r\n      <div style=\"background:rgba(255,255,255,0.08); border:1px solid rgba(212,181,107,0.3); border-radius:10px; padding:14px 16px;\">\r\n        <p style=\"margin:0 0 6px; font-size:0.72rem; font-weight:700; color:#D4B56B; text-transform:uppercase; letter-spacing:0.07em;\">Cambio de direcci\u00f3n<\/p>\r\n        <p style=\"margin:0; font-size:0.85rem; color:rgba(255,255,255,0.85); line-height:1.5;\">Notificar al Tribunal Supremo dentro de los <strong style=\"color:#fff;\">10 d\u00edas<\/strong> del cambio de oficina o domicilio.<\/p>\r\n      <\/div>\r\n\r\n      <div style=\"background:rgba(255,255,255,0.08); border:1px solid rgba(212,181,107,0.3); border-radius:10px; padding:14px 16px;\">\r\n        <p style=\"margin:0 0 6px; font-size:0.72rem; font-weight:700; color:#D4B56B; text-transform:uppercase; letter-spacing:0.07em;\">Entrega anual del protocolo<\/p>\r\n        <p style=\"margin:0; font-size:0.85rem; color:rgba(255,255,255,0.85); line-height:1.5;\">El protocolo del a\u00f1o anterior debe entregarse al Archivo General antes del <strong style=\"color:#fff;\">31 de marzo<\/strong> de cada a\u00f1o.<\/p>\r\n      <\/div>\r\n\r\n    <\/div>\r\n    <div style=\"margin-top:14px; text-align:right;\">\r\n      <a href=\"https:\/\/poderjudicial.pr\/tribunal-supremo\/inspeccion-de-notarias\/\" target=\"_blank\" rel=\"noopener\" style=\"font-size:0.78rem; color:#D4B56B; text-decoration:none; font-weight:600;\">Ver informaci\u00f3n completa en poderjudicial.pr \u2192<\/a>\r\n    <\/div>\r\n  <\/div>\r\n\r\n<\/section>\r\n\t\t\t\t<\/div>\n\t\t\t\t<\/div>\n\t\t\t\t\t<\/div>\n\t\t\t\t<\/div>\n\t\t\t\t<\/div>\n\t\t<div class=\"elementor-element elementor-element-79f564e e-flex e-con-boxed e-con e-parent\" data-id=\"79f564e\" data-element_type=\"container\" data-e-type=\"container\" data-settings=\"{&quot;background_background&quot;:&quot;classic&quot;}\">\n\t\t\t\t\t<div class=\"e-con-inner\">\n\t\t<div class=\"elementor-element elementor-element-6cf65d3 e-con-full e-flex e-con e-child\" data-id=\"6cf65d3\" data-element_type=\"container\" data-e-type=\"container\" data-settings=\"{&quot;background_background&quot;:&quot;classic&quot;}\">\n\t\t<div class=\"elementor-element elementor-element-e677252 e-con-full e-flex e-con e-child\" data-id=\"e677252\" data-element_type=\"container\" data-e-type=\"container\">\n\t\t\t\t<div class=\"elementor-element elementor-element-b95064c elementor-widget elementor-widget-heading\" data-id=\"b95064c\" data-element_type=\"widget\" data-e-type=\"widget\" data-widget_type=\"heading.default\">\n\t\t\t\t\t<h2 class=\"elementor-heading-title elementor-size-default\">Mensaje del Presidente<\/h2>\t\t\t\t<\/div>\n\t\t\t\t<div class=\"elementor-element elementor-element-271194b elementor-widget elementor-widget-text-editor\" data-id=\"271194b\" data-element_type=\"widget\" data-e-type=\"widget\" data-widget_type=\"text-editor.default\">\n\t\t\t\t\t\t\t\t\t<p data-start=\"189\" data-end=\"506\">En el Colegio Notarial de Puerto Rico reafirmamos nuestro compromiso con la integridad, la excelencia profesional y la protecci\u00f3n de la fe p\u00fablica, fortaleciendo cada d\u00eda la funci\u00f3n notarial en beneficio de nuestra sociedad.<\/p>\t\t\t\t\t\t\t\t<\/div>\n\t\t\t\t<div class=\"elementor-element elementor-element-6b4253c elementor-widget elementor-widget-text-editor\" data-id=\"6b4253c\" data-element_type=\"widget\" data-e-type=\"widget\" data-widget_type=\"text-editor.default\">\n\t\t\t\t\t\t\t\t\t<p><strong>Not. Ismael Garc\u00eda Ortega<\/strong><br \/>Presidente<\/p>\t\t\t\t\t\t\t\t<\/div>\n\t\t\t\t<\/div>\n\t\t<div class=\"elementor-element elementor-element-3e2a8fe e-con-full e-flex e-con e-child\" data-id=\"3e2a8fe\" data-element_type=\"container\" data-e-type=\"container\">\n\t\t\t\t<div class=\"elementor-element elementor-element-a1637be elementor-widget__width-auto elementor-widget elementor-widget-image\" data-id=\"a1637be\" data-element_type=\"widget\" data-e-type=\"widget\" data-widget_type=\"image.default\">\n\t\t\t\t\t\t\t\t\t\t\t\t\t\t\t<img fetchpriority=\"high\" decoding=\"async\" width=\"627\" height=\"642\" src=\"https:\/\/anexollc.com\/notarios\/wp-content\/uploads\/2026\/03\/ismael.png\" class=\"attachment-full size-full wp-image-1317\" alt=\"\" srcset=\"https:\/\/anexollc.com\/notarios\/wp-content\/uploads\/2026\/03\/ismael.png 627w, https:\/\/anexollc.com\/notarios\/wp-content\/uploads\/2026\/03\/ismael-293x300.png 293w\" sizes=\"(max-width: 627px) 100vw, 627px\" \/>\t\t\t\t\t\t\t\t\t\t\t\t\t\t\t<\/div>\n\t\t\t\t<\/div>\n\t\t\t\t<\/div>\n\t\t\t\t\t<\/div>\n\t\t\t\t<\/div>\n\t\t\t\t<\/div>\n\t\t","protected":false},"excerpt":{"rendered":"<p>El Colegio Notarial de Puerto Rico (CNPR) Modelos y Formularios Acceso directo a formularios oficiales para la pr\u00e1ctica notarial \ud83c\udfdb\ufe0f Gobierno de Puerto Rico Departamento de Hacienda 499 R-1B Planilla Trimestral Patronal de Contribuci\u00f3n sobre Ingresos Retenida PDF SC 2800 Planilla de Contribuci\u00f3n sobre Caudal Relicto e Instrucciones PDF SC 2800 A Planilla Corta de [&hellip;]<\/p>\n","protected":false},"author":1,"featured_media":0,"parent":0,"menu_order":0,"comment_status":"closed","ping_status":"closed","template":"elementor_header_footer","meta":{"footnotes":""},"class_list":["post-35166","page","type-page","status-publish","hentry"],"_hostinger_reach_plugin_has_subscription_block":false,"_hostinger_reach_plugin_is_elementor":false,"_links":{"self":[{"href":"https:\/\/anexollc.com\/notarios\/wp-json\/wp\/v2\/pages\/35166","targetHints":{"allow":["GET"]}}],"collection":[{"href":"https:\/\/anexollc.com\/notarios\/wp-json\/wp\/v2\/pages"}],"about":[{"href":"https:\/\/anexollc.com\/notarios\/wp-json\/wp\/v2\/types\/page"}],"author":[{"embeddable":true,"href":"https:\/\/anexollc.com\/notarios\/wp-json\/wp\/v2\/users\/1"}],"replies":[{"embeddable":true,"href":"https:\/\/anexollc.com\/notarios\/wp-json\/wp\/v2\/comments?post=35166"}],"version-history":[{"count":10,"href":"https:\/\/anexollc.com\/notarios\/wp-json\/wp\/v2\/pages\/35166\/revisions"}],"predecessor-version":[{"id":35247,"href":"https:\/\/anexollc.com\/notarios\/wp-json\/wp\/v2\/pages\/35166\/revisions\/35247"}],"wp:attachment":[{"href":"https:\/\/anexollc.com\/notarios\/wp-json\/wp\/v2\/media?parent=35166"}],"curies":[{"name":"wp","href":"https:\/\/api.w.org\/{rel}","templated":true}]}}