{"id":35159,"date":"2026-04-13T15:20:23","date_gmt":"2026-04-13T15:20:23","guid":{"rendered":"https:\/\/anexollc.com\/notarios\/?page_id=35159"},"modified":"2026-04-13T19:05:41","modified_gmt":"2026-04-13T19:05:41","slug":"biblioteca-digital","status":"publish","type":"page","link":"https:\/\/anexollc.com\/notarios\/biblioteca-digital\/","title":{"rendered":"Biblioteca Digital"},"content":{"rendered":"\t\t<div data-elementor-type=\"wp-page\" data-elementor-id=\"35159\" class=\"elementor elementor-35159\" data-elementor-post-type=\"page\">\n\t\t\t\t<div class=\"elementor-element elementor-element-e1cc2c7 e-con-full e-flex e-con e-parent\" data-id=\"e1cc2c7\" data-element_type=\"container\" data-e-type=\"container\" data-settings=\"{&quot;background_background&quot;:&quot;gradient&quot;}\">\n\t\t<div class=\"elementor-element elementor-element-8def439 e-flex e-con-boxed e-con e-child\" data-id=\"8def439\" data-element_type=\"container\" data-e-type=\"container\">\n\t\t\t\t\t<div class=\"e-con-inner\">\n\t\t\t\t<div class=\"elementor-element elementor-element-4d6464b elementor-widget elementor-widget-html\" data-id=\"4d6464b\" data-element_type=\"widget\" data-e-type=\"widget\" data-widget_type=\"html.default\">\n\t\t\t\t\t<div style=\"display:inline-block;background:rgba(212,181,107,0.15);border:1px solid rgba(212,181,107,0.40);border-radius:999px;padding:7px 24px;margin-bottom:22px;\"><span style=\"color:#D4B56B;font-size:13px;font-weight:700;letter-spacing:1.8px;text-transform:uppercase;\">El Colegio Notarial de Puerto Rico (CNPR)<\/span><\/div>\t\t\t\t<\/div>\n\t\t\t\t<div class=\"elementor-element elementor-element-3bd8bd0 elementor-widget elementor-widget-heading\" data-id=\"3bd8bd0\" data-element_type=\"widget\" data-e-type=\"widget\" data-widget_type=\"heading.default\">\n\t\t\t\t\t<h1 class=\"elementor-heading-title elementor-size-default\">Biblioteca Digital<\/h1>\t\t\t\t<\/div>\n\t\t\t\t\t<\/div>\n\t\t\t\t<\/div>\n\t\t\t\t<\/div>\n\t\t<div class=\"elementor-element elementor-element-6aeaa8a e-con-full e-flex e-con e-parent\" data-id=\"6aeaa8a\" data-element_type=\"container\" data-e-type=\"container\" data-settings=\"{&quot;background_background&quot;:&quot;classic&quot;}\">\n\t\t<div class=\"elementor-element elementor-element-88cdd37 e-flex e-con-boxed e-con e-child\" data-id=\"88cdd37\" data-element_type=\"container\" data-e-type=\"container\">\n\t\t\t\t\t<div class=\"e-con-inner\">\n\t\t<div class=\"elementor-element elementor-element-c1e26c4 e-con-full e-flex e-con e-child\" data-id=\"c1e26c4\" data-element_type=\"container\" data-e-type=\"container\" data-settings=\"{&quot;background_background&quot;:&quot;classic&quot;}\">\n\t\t\t\t<div class=\"elementor-element elementor-element-8d7e2dd elementor-widget elementor-widget-html\" data-id=\"8d7e2dd\" data-element_type=\"widget\" data-e-type=\"widget\" data-widget_type=\"html.default\">\n\t\t\t\t\t<section style=\"font-family: Arial, sans-serif; padding: 40px 20px; max-width: 100%; margin: 0 auto;\">\r\n\r\n  <!-- Header -->\r\n  <div style=\"display:flex; align-items:center; gap:12px; margin-bottom:10px;\">\r\n    <div style=\"width:4px; height:36px; background:linear-gradient(180deg,#D4B56B,#123B73); border-radius:2px; flex-shrink:0;\"><\/div>\r\n    <div>\r\n      <h2 style=\"margin:0; font-size:1.7rem; color:#0B1F3B; font-weight:700;\">Revistas<\/h2>\r\n      <p style=\"margin:4px 0 0; font-size:0.95rem; color:#555;\">Publicaciones del Colegio Notarial de Puerto Rico<\/p>\r\n    <\/div>\r\n  <\/div>\r\n  <hr style=\"border:none; border-top:2px solid #D4B56B; width:80px; margin:14px 0 30px 16px;\">\r\n\r\n  <!-- Fila 1: Revistas propias -->\r\n  <div style=\"display:grid; grid-template-columns:repeat(auto-fill, minmax(280px, 1fr)); gap:20px; margin-bottom:36px;\">\r\n\r\n    <!-- Anota Revista Jur\u00eddica -->\r\n    <a href=\"https:\/\/anexollc.com\/notarios\/anota-revista-juridica\/\" style=\"text-decoration:none; display:flex; align-items:center; gap:18px; background:linear-gradient(135deg,#0B1F3B,#123B73); border-radius:12px; padding:24px 20px; box-shadow:0 4px 16px rgba(11,31,59,0.3); transition:transform .18s, box-shadow .18s;\"\r\n       onmouseover=\"this.style.transform='translateY(-3px)';this.style.boxShadow='0 10px 28px rgba(11,31,59,0.4)';\"\r\n       onmouseout=\"this.style.transform='translateY(0)';this.style.boxShadow='0 4px 16px rgba(11,31,59,0.3)';\">\r\n      <div style=\"width:52px; height:52px; background:rgba(212,181,107,0.2); border:2px solid #D4B56B; border-radius:10px; display:flex; align-items:center; justify-content:center; flex-shrink:0; font-size:1.6rem;\">\ud83d\udcda<\/div>\r\n      <div>\r\n        <div style=\"font-size:0.7rem; font-weight:700; color:#D4B56B; text-transform:uppercase; letter-spacing:0.08em; margin-bottom:3px;\">Revista Jur\u00eddica<\/div>\r\n        <div style=\"font-size:1.05rem; font-weight:700; color:#fff; line-height:1.25;\">Anota<\/div>\r\n        <div style=\"font-size:0.8rem; color:rgba(255,255,255,0.65); margin-top:3px;\">Publicaci\u00f3n oficial del Colegio \u2192<\/div>\r\n      <\/div>\r\n    <\/a>\r\n\r\n    <!-- RIN -->\r\n    <a href=\"https:\/\/anexollc.com\/notarios\/rin\/\" style=\"text-decoration:none; display:flex; align-items:center; gap:18px; background:linear-gradient(135deg,#123B73,#1a5599); border-radius:12px; padding:24px 20px; box-shadow:0 4px 16px rgba(11,31,59,0.3); transition:transform .18s, box-shadow .18s;\"\r\n       onmouseover=\"this.style.transform='translateY(-3px)';this.style.boxShadow='0 10px 28px rgba(11,31,59,0.4)';\"\r\n       onmouseout=\"this.style.transform='translateY(0)';this.style.boxShadow='0 4px 16px rgba(11,31,59,0.3)';\">\r\n      <div style=\"width:52px; height:52px; background:rgba(255,255,255,0.12); border:2px solid rgba(255,255,255,0.3); border-radius:10px; display:flex; align-items:center; justify-content:center; flex-shrink:0; font-size:1.6rem;\">\ud83d\udcd6<\/div>\r\n      <div>\r\n        <div style=\"font-size:0.7rem; font-weight:700; color:#D4B56B; text-transform:uppercase; letter-spacing:0.08em; margin-bottom:3px;\">Revista<\/div>\r\n        <div style=\"font-size:1.05rem; font-weight:700; color:#fff; line-height:1.25;\">RIN<\/div>\r\n        <div style=\"font-size:0.8rem; color:rgba(255,255,255,0.65); margin-top:3px;\">Revista de informaci\u00f3n notarial \u2192<\/div>\r\n      <\/div>\r\n    <\/a>\r\n\r\n  <\/div>\r\n\r\n  <!-- Fila 2: Grupo Notariados de Am\u00e9rica -->\r\n  <div style=\"background:#bbd0f1; border-radius:14px; padding:24px 20px;\">\r\n\r\n    <div style=\"display:flex; align-items:center; gap:10px; margin-bottom:20px;\">\r\n      <span style=\"font-size:1rem; font-weight:700; color:#0B1F3B;\">\ud83c\udf0e Notariados de Am\u00e9rica<\/span>\r\n      <div style=\"flex:1; height:1px; background:linear-gradient(90deg,#D4B56B,transparent);\"><\/div>\r\n    <\/div>\r\n\r\n    <div style=\"display:grid; grid-template-columns:repeat(auto-fill, minmax(220px, 1fr)); gap:16px;\">\r\n\r\n      <!-- Pioneras del Notariado -->\r\n      <a href=\"https:\/\/flipbooklets.com\/pdfflipbooklets\/pioneras-del-notariado-latino#page1\" target=\"_blank\" rel=\"noopener\" style=\"text-decoration:none; display:flex; flex-direction:column; align-items:flex-start; background:linear-gradient(135deg,#0B1F3B,#123B73); border-radius:10px; padding:20px 18px; box-shadow:0 4px 14px rgba(11,31,59,0.28); transition:transform .18s, box-shadow .18s;\"\r\n         onmouseover=\"this.style.transform='translateY(-3px)';this.style.boxShadow='0 10px 24px rgba(11,31,59,0.4)';\"\r\n         onmouseout=\"this.style.transform='translateY(0)';this.style.boxShadow='0 4px 14px rgba(11,31,59,0.28)';\">\r\n        <div style=\"width:40px; height:40px; background:rgba(212,181,107,0.2); border:2px solid #D4B56B; border-radius:8px; display:flex; align-items:center; justify-content:center; font-size:1.2rem; margin-bottom:12px;\">\u2b50<\/div>\r\n        <div style=\"font-size:0.68rem; font-weight:700; color:#D4B56B; text-transform:uppercase; letter-spacing:0.08em; margin-bottom:4px;\">Publicaci\u00f3n<\/div>\r\n        <div style=\"font-size:0.95rem; font-weight:700; color:#fff; line-height:1.3; margin-bottom:10px;\">Pioneras del Notariado<\/div>\r\n        <div style=\"margin-top:auto; display:inline-flex; align-items:center; gap:5px; font-size:0.78rem; color:rgba(255,255,255,0.7); font-weight:600;\">\r\n          <svg width=\"13\" height=\"13\" viewBox=\"0 0 24 24\" fill=\"none\" stroke=\"rgba(255,255,255,0.7)\" stroke-width=\"2.5\" stroke-linecap=\"round\" stroke-linejoin=\"round\"><path d=\"M18 13v6a2 2 0 0 1-2 2H5a2 2 0 0 1-2-2V8a2 2 0 0 1 2-2h6\"\/><polyline points=\"15 3 21 3 21 9\"\/><line x1=\"10\" y1=\"14\" x2=\"21\" y2=\"3\"\/><\/svg>\r\n          Ver flipbook\r\n        <\/div>\r\n      <\/a>\r\n\r\n      <!-- Notariados de Am\u00e9rica -->\r\n      <a href=\"https:\/\/heyzine.com\/flip-book\/4619a0b872.html\" target=\"_blank\" rel=\"noopener\" style=\"text-decoration:none; display:flex; flex-direction:column; align-items:flex-start; background:linear-gradient(135deg,#123B73,#1a5599); border-radius:10px; padding:20px 18px; box-shadow:0 4px 14px rgba(11,31,59,0.28); transition:transform .18s, box-shadow .18s;\"\r\n         onmouseover=\"this.style.transform='translateY(-3px)';this.style.boxShadow='0 10px 24px rgba(11,31,59,0.4)';\"\r\n         onmouseout=\"this.style.transform='translateY(0)';this.style.boxShadow='0 4px 14px rgba(11,31,59,0.28)';\">\r\n        <div style=\"width:40px; height:40px; background:rgba(255,255,255,0.12); border:2px solid rgba(255,255,255,0.3); border-radius:8px; display:flex; align-items:center; justify-content:center; font-size:1.2rem; margin-bottom:12px;\">\ud83c\udf0e<\/div>\r\n        <div style=\"font-size:0.68rem; font-weight:700; color:#D4B56B; text-transform:uppercase; letter-spacing:0.08em; margin-bottom:4px;\">Publicaci\u00f3n<\/div>\r\n        <div style=\"font-size:0.95rem; font-weight:700; color:#fff; line-height:1.3; margin-bottom:10px;\">Notariados de Am\u00e9rica<\/div>\r\n        <div style=\"margin-top:auto; display:inline-flex; align-items:center; gap:5px; font-size:0.78rem; color:rgba(255,255,255,0.7); font-weight:600;\">\r\n          <svg width=\"13\" height=\"13\" viewBox=\"0 0 24 24\" fill=\"none\" stroke=\"rgba(255,255,255,0.7)\" stroke-width=\"2.5\" stroke-linecap=\"round\" stroke-linejoin=\"round\"><path d=\"M18 13v6a2 2 0 0 1-2 2H5a2 2 0 0 1-2-2V8a2 2 0 0 1 2-2h6\"\/><polyline points=\"15 3 21 3 21 9\"\/><line x1=\"10\" y1=\"14\" x2=\"21\" y2=\"3\"\/><\/svg>\r\n          Ver flipbook\r\n        <\/div>\r\n      <\/a>\r\n\r\n      <!-- El Notariado de Tipo Latino -->\r\n      <a href=\"https:\/\/flipbooklets.com\/pdfflipbooklets\/el-notariado-de-tipo-latino-un-puente-para-el-logro-de-la-igualdad-entre-hombres-y-mujeres#page1\" target=\"_blank\" rel=\"noopener\" style=\"text-decoration:none; display:flex; flex-direction:column; align-items:flex-start; background:linear-gradient(135deg,#0B1F3B,#123B73); border-radius:10px; padding:20px 18px; box-shadow:0 4px 14px rgba(11,31,59,0.28); transition:transform .18s, box-shadow .18s;\"\r\n         onmouseover=\"this.style.transform='translateY(-3px)';this.style.boxShadow='0 10px 24px rgba(11,31,59,0.4)';\"\r\n         onmouseout=\"this.style.transform='translateY(0)';this.style.boxShadow='0 4px 14px rgba(11,31,59,0.28)';\">\r\n        <div style=\"width:40px; height:40px; background:rgba(212,181,107,0.2); border:2px solid #D4B56B; border-radius:8px; display:flex; align-items:center; justify-content:center; font-size:1.2rem; margin-bottom:12px;\">\ud83d\udcdc<\/div>\r\n        <div style=\"font-size:0.68rem; font-weight:700; color:#D4B56B; text-transform:uppercase; letter-spacing:0.08em; margin-bottom:4px;\">Publicaci\u00f3n<\/div>\r\n        <div style=\"font-size:0.95rem; font-weight:700; color:#fff; line-height:1.3; margin-bottom:10px;\">El Notariado de Tipo Latino<\/div>\r\n        <div style=\"margin-top:auto; display:inline-flex; align-items:center; gap:5px; font-size:0.78rem; color:rgba(255,255,255,0.7); font-weight:600;\">\r\n          <svg width=\"13\" height=\"13\" viewBox=\"0 0 24 24\" fill=\"none\" stroke=\"rgba(255,255,255,0.7)\" stroke-width=\"2.5\" stroke-linecap=\"round\" stroke-linejoin=\"round\"><path d=\"M18 13v6a2 2 0 0 1-2 2H5a2 2 0 0 1-2-2V8a2 2 0 0 1 2-2h6\"\/><polyline points=\"15 3 21 3 21 9\"\/><line x1=\"10\" y1=\"14\" x2=\"21\" y2=\"3\"\/><\/svg>\r\n          Ver flipbook\r\n        <\/div>\r\n      <\/a>\r\n\r\n    <\/div>\r\n  <\/div>\r\n\r\n<\/section>\r\n\t\t\t\t<\/div>\n\t\t\t\t<\/div>\n\t\t\t\t\t<\/div>\n\t\t\t\t<\/div>\n\t\t\t\t<\/div>\n\t\t<div class=\"elementor-element elementor-element-79f564e e-flex e-con-boxed e-con e-parent\" data-id=\"79f564e\" data-element_type=\"container\" data-e-type=\"container\" data-settings=\"{&quot;background_background&quot;:&quot;classic&quot;}\">\n\t\t\t\t\t<div class=\"e-con-inner\">\n\t\t<div class=\"elementor-element elementor-element-6cf65d3 e-con-full e-flex e-con e-child\" data-id=\"6cf65d3\" data-element_type=\"container\" data-e-type=\"container\" data-settings=\"{&quot;background_background&quot;:&quot;classic&quot;}\">\n\t\t<div class=\"elementor-element elementor-element-e677252 e-con-full e-flex e-con e-child\" data-id=\"e677252\" data-element_type=\"container\" data-e-type=\"container\">\n\t\t\t\t<div class=\"elementor-element elementor-element-b95064c elementor-widget elementor-widget-heading\" data-id=\"b95064c\" data-element_type=\"widget\" data-e-type=\"widget\" data-widget_type=\"heading.default\">\n\t\t\t\t\t<h2 class=\"elementor-heading-title elementor-size-default\">Mensaje del Presidente<\/h2>\t\t\t\t<\/div>\n\t\t\t\t<div class=\"elementor-element elementor-element-271194b elementor-widget elementor-widget-text-editor\" data-id=\"271194b\" data-element_type=\"widget\" data-e-type=\"widget\" data-widget_type=\"text-editor.default\">\n\t\t\t\t\t\t\t\t\t<p data-start=\"189\" data-end=\"506\">En el Colegio Notarial de Puerto Rico reafirmamos nuestro compromiso con la integridad, la excelencia profesional y la protecci\u00f3n de la fe p\u00fablica, fortaleciendo cada d\u00eda la funci\u00f3n notarial en beneficio de nuestra sociedad.<\/p>\t\t\t\t\t\t\t\t<\/div>\n\t\t\t\t<div class=\"elementor-element elementor-element-6b4253c elementor-widget elementor-widget-text-editor\" data-id=\"6b4253c\" data-element_type=\"widget\" data-e-type=\"widget\" data-widget_type=\"text-editor.default\">\n\t\t\t\t\t\t\t\t\t<p><strong>Not. Ismael Garc\u00eda Ortega<\/strong><br \/>Presidente<\/p>\t\t\t\t\t\t\t\t<\/div>\n\t\t\t\t<\/div>\n\t\t<div class=\"elementor-element elementor-element-3e2a8fe e-con-full e-flex e-con e-child\" data-id=\"3e2a8fe\" data-element_type=\"container\" data-e-type=\"container\">\n\t\t\t\t<div class=\"elementor-element elementor-element-a1637be elementor-widget__width-auto elementor-widget elementor-widget-image\" data-id=\"a1637be\" data-element_type=\"widget\" data-e-type=\"widget\" data-widget_type=\"image.default\">\n\t\t\t\t\t\t\t\t\t\t\t\t\t\t\t<img fetchpriority=\"high\" decoding=\"async\" width=\"627\" height=\"642\" src=\"https:\/\/anexollc.com\/notarios\/wp-content\/uploads\/2026\/03\/ismael.png\" class=\"attachment-full size-full wp-image-1317\" alt=\"\" srcset=\"https:\/\/anexollc.com\/notarios\/wp-content\/uploads\/2026\/03\/ismael.png 627w, https:\/\/anexollc.com\/notarios\/wp-content\/uploads\/2026\/03\/ismael-293x300.png 293w\" sizes=\"(max-width: 627px) 100vw, 627px\" \/>\t\t\t\t\t\t\t\t\t\t\t\t\t\t\t<\/div>\n\t\t\t\t<\/div>\n\t\t\t\t<\/div>\n\t\t\t\t\t<\/div>\n\t\t\t\t<\/div>\n\t\t\t\t<\/div>\n\t\t","protected":false},"excerpt":{"rendered":"<p>El Colegio Notarial de Puerto Rico (CNPR) Biblioteca Digital Revistas Publicaciones del Colegio Notarial de Puerto Rico \ud83d\udcda Revista Jur\u00eddica Anota Publicaci\u00f3n oficial del Colegio \u2192 \ud83d\udcd6 Revista RIN Revista de informaci\u00f3n notarial \u2192 \ud83c\udf0e Notariados de Am\u00e9rica \u2b50 Publicaci\u00f3n Pioneras del Notariado Ver flipbook \ud83c\udf0e Publicaci\u00f3n Notariados de Am\u00e9rica Ver flipbook \ud83d\udcdc Publicaci\u00f3n El [&hellip;]<\/p>\n","protected":false},"author":1,"featured_media":0,"parent":0,"menu_order":0,"comment_status":"closed","ping_status":"closed","template":"elementor_header_footer","meta":{"footnotes":""},"class_list":["post-35159","page","type-page","status-publish","hentry"],"_hostinger_reach_plugin_has_subscription_block":false,"_hostinger_reach_plugin_is_elementor":false,"_links":{"self":[{"href":"https:\/\/anexollc.com\/notarios\/wp-json\/wp\/v2\/pages\/35159","targetHints":{"allow":["GET"]}}],"collection":[{"href":"https:\/\/anexollc.com\/notarios\/wp-json\/wp\/v2\/pages"}],"about":[{"href":"https:\/\/anexollc.com\/notarios\/wp-json\/wp\/v2\/types\/page"}],"author":[{"embeddable":true,"href":"https:\/\/anexollc.com\/notarios\/wp-json\/wp\/v2\/users\/1"}],"replies":[{"embeddable":true,"href":"https:\/\/anexollc.com\/notarios\/wp-json\/wp\/v2\/comments?post=35159"}],"version-history":[{"count":16,"href":"https:\/\/anexollc.com\/notarios\/wp-json\/wp\/v2\/pages\/35159\/revisions"}],"predecessor-version":[{"id":35235,"href":"https:\/\/anexollc.com\/notarios\/wp-json\/wp\/v2\/pages\/35159\/revisions\/35235"}],"wp:attachment":[{"href":"https:\/\/anexollc.com\/notarios\/wp-json\/wp\/v2\/media?parent=35159"}],"curies":[{"name":"wp","href":"https:\/\/api.w.org\/{rel}","templated":true}]}}