{"id":35020,"date":"2026-03-31T13:44:42","date_gmt":"2026-03-31T13:44:42","guid":{"rendered":"https:\/\/anexollc.com\/notarios\/?page_id=35020"},"modified":"2026-03-31T14:29:44","modified_gmt":"2026-03-31T14:29:44","slug":"solicitar-mentoria","status":"publish","type":"page","link":"https:\/\/anexollc.com\/notarios\/solicitar-mentoria\/","title":{"rendered":"Solicitar Mentor\u00eda"},"content":{"rendered":"\t\t<div data-elementor-type=\"wp-page\" data-elementor-id=\"35020\" class=\"elementor elementor-35020\" data-elementor-post-type=\"page\">\n\t\t\t\t<div class=\"elementor-element elementor-element-f72b50f e-flex e-con-boxed e-con e-parent\" data-id=\"f72b50f\" data-element_type=\"container\" data-e-type=\"container\">\n\t\t\t\t\t<div class=\"e-con-inner\">\n\t\t\t\t<div class=\"elementor-element elementor-element-761fc92 elementor-widget elementor-widget-html\" data-id=\"761fc92\" data-element_type=\"widget\" data-e-type=\"widget\" data-widget_type=\"html.default\">\n\t\t\t\t\t<style>\r\n\r\n\r\n\r\n:root {\r\n  --cnpr-blue:   #0B1F3B;\r\n  --cnpr-blue-2: #123B73;\r\n  --cnpr-gold:   #ba8a18;\r\n  --cnpr-text:   #1e2a36;\r\n  --cnpr-line:   #d9e0ea;\r\n  --cnpr-shadow: 0 10px 30px rgba(11,31,59,.10);\r\n}\r\n\r\n.cnpr-section {\r\n  width: min(1180px, calc(100% - 40px));\r\n  margin: 0 auto;\r\n  padding: 72px 0;\r\n}\r\n.cnpr-section .elementor-heading-title,\r\n.cnpr-section h2 {\r\n  font-size: clamp(32px,4vw,48px);\r\n  line-height: 1.1;\r\n  margin-bottom: 24px;\r\n  color: var(--cnpr-blue);\r\n}\r\n.cnpr-section h3 {\r\n  font-size: 24px;\r\n  line-height: 1.2;\r\n  margin-bottom: 10px;\r\n  color: var(--cnpr-blue);\r\n}\r\n.cnpr-section p { font-size: 18px; line-height: 1.75; color: var(--cnpr-text); }\r\n\r\n.cnpr-hero {\r\n  min-height: 620px;\r\n  display: flex !important;\r\n  align-items: center;\r\n  justify-content: center;\r\n  text-align: center;\r\n  padding: 80px 20px;\r\n  background:\r\n    linear-gradient(rgba(7,25,52,.60), rgba(7,25,52,.60)),\r\n    url(\"https:\/\/images.unsplash.com\/photo-1450101499163-c8848c66ca85?auto=format&fit=crop&w=1600&q=80\")\r\n    center\/cover no-repeat !important;\r\n}\r\n.cnpr-hero .elementor-heading-title,\r\n.cnpr-hero h1 { color: #fff !important; font-size: clamp(40px,6vw,74px); line-height: 1.05; }\r\n.cnpr-hero .elementor-widget-text-editor p { color: rgba(255,255,255,.92) !important; font-size: 22px; max-width: 820px; margin: 0 auto 28px; }\r\n.cnpr-hero .elementor-button {\r\n  background: linear-gradient(135deg, var(--cnpr-gold), #c9a050) !important;\r\n  color: #fff !important;\r\n  border-radius: 999px;\r\n  padding: 16px 30px;\r\n  font-weight: 700;\r\n}\r\n\r\n.cnpr-about {\r\n  display: grid !important;\r\n  grid-template-columns: 1.05fr 1.2fr;\r\n  gap: 42px;\r\n  align-items: center;\r\n}\r\n.cnpr-about__media img { width: 100%; border-radius: 22px; box-shadow: var(--cnpr-shadow); display: block; }\r\n\r\n.cnpr-timeline { position: relative; padding-left: 34px; border-left: 2px solid var(--cnpr-line); margin-top: 30px; }\r\n.cnpr-timeline__item { position: relative; padding: 0 0 34px 18px; }\r\n.cnpr-timeline__item:last-child { padding-bottom: 0; }\r\n.cnpr-timeline__item::before {\r\n  content: \"\";\r\n  position: absolute;\r\n  left: -44px; top: 8px;\r\n  width: 18px; height: 18px;\r\n  border-radius: 50%;\r\n  background: var(--cnpr-gold);\r\n  border: 4px solid #fff;\r\n  box-shadow: 0 0 0 2px var(--cnpr-blue);\r\n}\r\n\r\n.cnpr-mv__grid { display: grid !important; grid-template-columns: 1fr 1fr; gap: 26px; margin-top: 24px; }\r\n.cnpr-card { padding: 34px; border-radius: 24px; box-shadow: var(--cnpr-shadow); }\r\n.cnpr-card--blue {\r\n  background: linear-gradient(135deg, var(--cnpr-blue), var(--cnpr-blue-2)) !important;\r\n}\r\n.cnpr-card--blue .elementor-heading-title,\r\n.cnpr-card--blue h3,\r\n.cnpr-card--blue p { color: #fff !important; }\r\n\r\n.cnpr-function__grid { display: grid !important; grid-template-columns: repeat(4,1fr); gap: 22px; margin: 30px 0 34px; }\r\n.cnpr-icon-card {\r\n  background: #fff;\r\n  border: 1px solid #e8edf5;\r\n  border-radius: 22px;\r\n  padding: 28px 22px;\r\n  text-align: center;\r\n  box-shadow: var(--cnpr-shadow);\r\n  transition: transform .25s ease, box-shadow .25s ease;\r\n}\r\n.cnpr-icon-card:hover { transform: translateY(-4px); box-shadow: 0 16px 34px rgba(11,31,59,.14); }\r\n\r\n.cnpr-closing {\r\n  padding: 56px 20px;\r\n  text-align: center;\r\n  background: linear-gradient(135deg, var(--cnpr-blue), #0b2d5a) !important;\r\n}\r\n.cnpr-closing .elementor-heading-title,\r\n.cnpr-closing h2 { color: #fff !important; margin: 0; font-size: clamp(28px,3vw,42px); }\r\n\r\n@media (max-width:1024px) {\r\n  .cnpr-about { grid-template-columns: 1fr !important; }\r\n  .cnpr-function__grid { grid-template-columns: repeat(2,1fr) !important; }\r\n}\r\n@media (max-width:767px) {\r\n  .cnpr-section { padding: 52px 0; }\r\n  .cnpr-mv__grid, .cnpr-function__grid { grid-template-columns: 1fr !important; }\r\n  .cnpr-card { padding: 26px; }\r\n  .cnpr-timeline { padding-left: 24px; }\r\n  .cnpr-timeline__item::before { left: -34px; }\r\n}\r\n<\/style>\r\n\t\t\t\t<\/div>\n\t\t\t\t\t<\/div>\n\t\t\t\t<\/div>\n\t\t<div class=\"elementor-element elementor-element-f4e92b1 e-con-full e-flex e-con e-parent\" data-id=\"f4e92b1\" data-element_type=\"container\" data-e-type=\"container\" data-settings=\"{&quot;background_background&quot;:&quot;gradient&quot;}\">\n\t\t<div class=\"elementor-element elementor-element-55bf653f e-flex e-con-boxed e-con e-child\" data-id=\"55bf653f\" data-element_type=\"container\" data-e-type=\"container\">\n\t\t\t\t\t<div class=\"e-con-inner\">\n\t\t\t\t<div class=\"elementor-element elementor-element-14579c76 elementor-widget elementor-widget-html\" data-id=\"14579c76\" data-element_type=\"widget\" data-e-type=\"widget\" data-widget_type=\"html.default\">\n\t\t\t\t\t<div style=\"display:inline-block;background:rgba(212,181,107,0.15);border:1px solid rgba(212,181,107,0.40);border-radius:999px;padding:7px 24px;margin-bottom:22px;\"><span style=\"color:#D4B56B;font-size:13px;font-weight:700;letter-spacing:1.8px;text-transform:uppercase;\">Programa de Mentor\u00eda<\/span><\/div>\t\t\t\t<\/div>\n\t\t\t\t<div class=\"elementor-element elementor-element-6aaff6ec elementor-widget elementor-widget-heading\" data-id=\"6aaff6ec\" data-element_type=\"widget\" data-e-type=\"widget\" data-widget_type=\"heading.default\">\n\t\t\t\t\t<h1 class=\"elementor-heading-title elementor-size-default\">Solicitar Mentor\u00eda<\/h1>\t\t\t\t<\/div>\n\t\t\t\t<div class=\"elementor-element elementor-element-34989ca5 elementor-widget elementor-widget-text-editor\" data-id=\"34989ca5\" data-element_type=\"widget\" data-e-type=\"widget\" data-widget_type=\"text-editor.default\">\n\t\t\t\t\t\t\t\t\t<p>Nuestro programa conecta a notarios\/as de nuevo ingreso con colegas experimentados que brindan gu\u00eda pr\u00e1ctica, criterio profesional y apoyo \u00e9tico durante el primer a\u00f1o de ejercicio.<\/p>\t\t\t\t\t\t\t\t<\/div>\n\t\t\t\t\t<\/div>\n\t\t\t\t<\/div>\n\t\t\t\t<\/div>\n\t\t<div class=\"elementor-element elementor-element-555e416c e-flex e-con-boxed e-con e-parent\" data-id=\"555e416c\" data-element_type=\"container\" data-e-type=\"container\">\n\t\t\t\t\t<div class=\"e-con-inner\">\n\t\t<div class=\"elementor-element elementor-element-b0c66d3 e-flex e-con-boxed e-con e-child\" data-id=\"b0c66d3\" data-element_type=\"container\" data-e-type=\"container\">\n\t\t\t\t\t<div class=\"e-con-inner\">\n\t\t\t\t<div class=\"elementor-element elementor-element-5accda1e elementor-widget elementor-widget-text-editor\" data-id=\"5accda1e\" data-element_type=\"widget\" data-e-type=\"widget\" data-widget_type=\"text-editor.default\">\n\t\t\t\t\t\t\t\t\t<h3 id=\"cnpr-mentoria-title\"><span style=\"color: #000000;\">Instrucciones para completar esta solicitud<\/span><\/h3><p><span style=\"color: #000000;\">Este formulario est\u00e1 destinado a notarios\/as colegiados\/as que desean recibir acompa\u00f1amiento mediante el Programa de Mentor\u00eda.<\/span><br \/><span style=\"color: #000000;\">Complete los campos con informaci\u00f3n precisa para facilitar la asignaci\u00f3n de un\/a mentor\/a acorde con sus necesidades.<\/span><\/p><ul style=\"padding-bottom: 15px;\"><li><span style=\"color: #000000;\"><strong>N.\u00ba de Colegiado\/a:<\/strong><\/span><br \/><span style=\"color: #000000;\">Escriba el n\u00famero tal como aparece en su certificaci\u00f3n vigente.<\/span><\/li><li><span style=\"color: #000000;\"><strong>Principales \u00e1reas en las que buscas apoyo:<\/strong><\/span><br \/><span style=\"color: #000000;\">Indique los temas o materias en los que necesita orientaci\u00f3n (por ejemplo, testamentos, corporativo, hipotecas).<\/span><\/li><li><span style=\"color: #000000;\"><strong>Comentarios u objetivos de la mentor\u00eda:<\/strong><\/span><br \/><span style=\"color: #000000;\">Describa brevemente sus metas, expectativas y cualquier informaci\u00f3n relevante para que el\/la mentor\/a comprenda sus necesidades.<\/span><\/li><\/ul><p><span style=\"color: #000000;\">La Comisi\u00f3n de Mentor\u00eda responder\u00e1 en un plazo de hasta\u00a0<strong>5 d\u00edas laborables<\/strong>.<\/span><br \/><span style=\"color: #000000;\">Si se requiere informaci\u00f3n adicional, recibir\u00e1 un aviso por correo electr\u00f3nico y contar\u00e1 con<\/span><br \/><span style=\"color: #000000;\"><strong>3 d\u00edas laborables<\/strong>\u00a0para completarla.<\/span><\/p><p><span style=\"color: #000000;\">Consultas:\u00a0<strong>(787) 758-2773<\/strong>\u00a0\u00b7 Horario: lunes a viernes, de 8:00 a.m. a 5:00 p.m.<\/span><\/p>\t\t\t\t\t\t\t\t<\/div>\n\t\t\t\t\t<\/div>\n\t\t\t\t<\/div>\n\t\t<div class=\"elementor-element elementor-element-af95baa e-flex e-con-boxed e-con e-child\" data-id=\"af95baa\" data-element_type=\"container\" data-e-type=\"container\" data-settings=\"{&quot;background_background&quot;:&quot;classic&quot;}\">\n\t\t\t\t\t<div class=\"e-con-inner\">\n\t\t\t\t<div class=\"elementor-element elementor-element-9ddc1ff elementor-widget elementor-widget-html\" data-id=\"9ddc1ff\" data-element_type=\"widget\" data-e-type=\"widget\" data-widget_type=\"html.default\">\n\t\t\t\t\t    <iframe\r\n      id=\"JotFormIFrame-252236576102048\"\r\n      title=\"Notarios Solicitar Mentor\u00eda\"\r\n      onload=\"window.parent.scrollTo(0,0)\"\r\n      allowtransparency=\"true\"\r\n      allow=\"geolocation; microphone; camera; fullscreen; payment\"\r\n      src=\"https:\/\/form.jotform.com\/252236576102048\"\r\n      frameborder=\"0\"\r\n      style=\"min-width:100%;max-width:100%;height:539px;border:none;\"\r\n      scrolling=\"no\"\r\n    >\r\n    <\/iframe>\r\n    <script src='https:\/\/cdn.jotfor.ms\/s\/umd\/latest\/for-form-embed-handler.js'><\/script>\r\n    <script>window.jotformEmbedHandler(\"iframe[id='JotFormIFrame-252236576102048']\", \"https:\/\/form.jotform.com\/\")<\/script>\r\n    \t\t\t\t<\/div>\n\t\t\t\t\t<\/div>\n\t\t\t\t<\/div>\n\t\t\t\t\t<\/div>\n\t\t\t\t<\/div>\n\t\t<div class=\"elementor-element elementor-element-6e47ff0 e-con-full e-flex e-con e-parent\" data-id=\"6e47ff0\" data-element_type=\"container\" data-e-type=\"container\" data-settings=\"{&quot;background_background&quot;:&quot;gradient&quot;}\">\n\t\t\t\t<div class=\"elementor-element elementor-element-5d98972b elementor-view-default elementor-widget elementor-widget-icon\" data-id=\"5d98972b\" data-element_type=\"widget\" data-e-type=\"widget\" data-widget_type=\"icon.default\">\n\t\t\t\t\t\t\t<div class=\"elementor-icon-wrapper\">\n\t\t\t<div class=\"elementor-icon\">\n\t\t\t<svg aria-hidden=\"true\" class=\"e-font-icon-svg e-fas-quote-left\" viewBox=\"0 0 512 512\" xmlns=\"http:\/\/www.w3.org\/2000\/svg\"><path d=\"M464 256h-80v-64c0-35.3 28.7-64 64-64h8c13.3 0 24-10.7 24-24V56c0-13.3-10.7-24-24-24h-8c-88.4 0-160 71.6-160 160v240c0 26.5 21.5 48 48 48h128c26.5 0 48-21.5 48-48V304c0-26.5-21.5-48-48-48zm-288 0H96v-64c0-35.3 28.7-64 64-64h8c13.3 0 24-10.7 24-24V56c0-13.3-10.7-24-24-24h-8C71.6 32 0 103.6 0 192v240c0 26.5 21.5 48 48 48h128c26.5 0 48-21.5 48-48V304c0-26.5-21.5-48-48-48z\"><\/path><\/svg>\t\t\t<\/div>\n\t\t<\/div>\n\t\t\t\t\t\t<\/div>\n\t\t\t\t<div class=\"elementor-element elementor-element-78305479 elementor-widget elementor-widget-heading\" data-id=\"78305479\" data-element_type=\"widget\" data-e-type=\"widget\" data-widget_type=\"heading.default\">\n\t\t\t\t\t<h2 class=\"elementor-heading-title elementor-size-default\">Fortalecer la profesi\u00f3n notarial en Puerto Rico a trav\u00e9s de mentor\u00edas \u00e9ticas, pr\u00e1cticas y humanas que formen notarios\/as competentes, responsables y comprometidos con el servicio p\u00fablico.<\/h2>\t\t\t\t<\/div>\n\t\t\t\t<div class=\"elementor-element elementor-element-9692ccd elementor-widget elementor-widget-html\" data-id=\"9692ccd\" data-element_type=\"widget\" data-e-type=\"widget\" data-widget_type=\"html.default\">\n\t\t\t\t\t<p style=\"color:#D4B56B;font-size:12px;font-weight:700;letter-spacing:2.5px;text-transform:uppercase;text-align:center;margin-top:28px;margin-bottom:0;\">Misi\u00f3n del programa<\/p>\t\t\t\t<\/div>\n\t\t\t\t<\/div>\n\t\t<div class=\"elementor-element elementor-element-5ada4a61 e-flex e-con-boxed e-con e-parent\" data-id=\"5ada4a61\" data-element_type=\"container\" data-e-type=\"container\">\n\t\t\t\t\t<div class=\"e-con-inner\">\n\t\t\t\t<div class=\"elementor-element elementor-element-2da450f3 elementor-widget elementor-widget-heading\" data-id=\"2da450f3\" data-element_type=\"widget\" data-e-type=\"widget\" data-widget_type=\"heading.default\">\n\t\t\t\t\t<h2 class=\"elementor-heading-title elementor-size-default\">Participa en el programa<\/h2>\t\t\t\t<\/div>\n\t\t\t\t<div class=\"elementor-element elementor-element-752e7813 elementor-widget elementor-widget-text-editor\" data-id=\"752e7813\" data-element_type=\"widget\" data-e-type=\"widget\" data-widget_type=\"text-editor.default\">\n\t\t\t\t\t\t\t\t\t<p>Elige la modalidad que mejor se adapta a tu momento profesional.<\/p>\t\t\t\t\t\t\t\t<\/div>\n\t\t<div class=\"elementor-element elementor-element-49cfbf91 e-flex e-con-boxed e-con e-child\" data-id=\"49cfbf91\" data-element_type=\"container\" data-e-type=\"container\">\n\t\t\t\t\t<div class=\"e-con-inner\">\n\t\t<div class=\"elementor-element elementor-element-64dc11af e-flex e-con-boxed e-con e-child\" data-id=\"64dc11af\" data-element_type=\"container\" data-e-type=\"container\" data-settings=\"{&quot;background_background&quot;:&quot;gradient&quot;}\">\n\t\t\t\t\t<div class=\"e-con-inner\">\n\t\t\t\t<div class=\"elementor-element elementor-element-5afa9e2f elementor-view-default elementor-widget elementor-widget-icon\" data-id=\"5afa9e2f\" data-element_type=\"widget\" data-e-type=\"widget\" data-widget_type=\"icon.default\">\n\t\t\t\t\t\t\t<div class=\"elementor-icon-wrapper\">\n\t\t\t<div class=\"elementor-icon\">\n\t\t\t<svg aria-hidden=\"true\" class=\"e-font-icon-svg e-fas-user-graduate\" viewBox=\"0 0 448 512\" xmlns=\"http:\/\/www.w3.org\/2000\/svg\"><path d=\"M319.4 320.6L224 416l-95.4-95.4C57.1 323.7 0 382.2 0 454.4v9.6c0 26.5 21.5 48 48 48h352c26.5 0 48-21.5 48-48v-9.6c0-72.2-57.1-130.7-128.6-133.8zM13.6 79.8l6.4 1.5v58.4c-7 4.2-12 11.5-12 20.3 0 8.4 4.6 15.4 11.1 19.7L3.5 242c-1.7 6.9 2.1 14 7.6 14h41.8c5.5 0 9.3-7.1 7.6-14l-15.6-62.3C51.4 175.4 56 168.4 56 160c0-8.8-5-16.1-12-20.3V87.1l66 15.9c-8.6 17.2-14 36.4-14 57 0 70.7 57.3 128 128 128s128-57.3 128-128c0-20.6-5.3-39.8-14-57l96.3-23.2c18.2-4.4 18.2-27.1 0-31.5l-190.4-46c-13-3.1-26.7-3.1-39.7 0L13.6 48.2c-18.1 4.4-18.1 27.2 0 31.6z\"><\/path><\/svg>\t\t\t<\/div>\n\t\t<\/div>\n\t\t\t\t\t\t<\/div>\n\t\t\t\t<div class=\"elementor-element elementor-element-2d1177e7 elementor-widget elementor-widget-heading\" data-id=\"2d1177e7\" data-element_type=\"widget\" data-e-type=\"widget\" data-widget_type=\"heading.default\">\n\t\t\t\t\t<h3 class=\"elementor-heading-title elementor-size-default\">Solicitar Mentor\u00eda<\/h3>\t\t\t\t<\/div>\n\t\t\t\t<div class=\"elementor-element elementor-element-2faeef0d elementor-widget elementor-widget-text-editor\" data-id=\"2faeef0d\" data-element_type=\"widget\" data-e-type=\"widget\" data-widget_type=\"text-editor.default\">\n\t\t\t\t\t\t\t\t\t<p>Soy notario\/a de nuevo ingreso y deseo contar con el apoyo de un mentor\/a durante mi primer a\u00f1o de ejercicio.<\/p>\t\t\t\t\t\t\t\t<\/div>\n\t\t\t\t<div class=\"elementor-element elementor-element-7ac47b01 elementor-align-center elementor-widget elementor-widget-button\" data-id=\"7ac47b01\" data-element_type=\"widget\" data-e-type=\"widget\" data-widget_type=\"button.default\">\n\t\t\t\t\t\t\t\t\t\t<a class=\"elementor-button elementor-button-link elementor-size-md\" href=\"https:\/\/anexollc.com\/notarios\/solicitar-mentoria\">\n\t\t\t\t\t\t<span class=\"elementor-button-content-wrapper\">\n\t\t\t\t\t\t\t\t\t<span class=\"elementor-button-text\">Solicitar Mentor\u00eda<\/span>\n\t\t\t\t\t<\/span>\n\t\t\t\t\t<\/a>\n\t\t\t\t\t\t\t\t<\/div>\n\t\t\t\t\t<\/div>\n\t\t\t\t<\/div>\n\t\t<div class=\"elementor-element elementor-element-3bdeacac e-flex e-con-boxed e-con e-child\" data-id=\"3bdeacac\" data-element_type=\"container\" data-e-type=\"container\" data-settings=\"{&quot;background_background&quot;:&quot;classic&quot;}\">\n\t\t\t\t\t<div class=\"e-con-inner\">\n\t\t\t\t<div class=\"elementor-element elementor-element-6a3306e9 elementor-view-default elementor-widget elementor-widget-icon\" data-id=\"6a3306e9\" data-element_type=\"widget\" data-e-type=\"widget\" data-widget_type=\"icon.default\">\n\t\t\t\t\t\t\t<div class=\"elementor-icon-wrapper\">\n\t\t\t<div class=\"elementor-icon\">\n\t\t\t<svg aria-hidden=\"true\" class=\"e-font-icon-svg e-fas-chalkboard-teacher\" viewBox=\"0 0 640 512\" xmlns=\"http:\/\/www.w3.org\/2000\/svg\"><path d=\"M208 352c-2.39 0-4.78.35-7.06 1.09C187.98 357.3 174.35 360 160 360c-14.35 0-27.98-2.7-40.95-6.91-2.28-.74-4.66-1.09-7.05-1.09C49.94 352-.33 402.48 0 464.62.14 490.88 21.73 512 48 512h224c26.27 0 47.86-21.12 48-47.38.33-62.14-49.94-112.62-112-112.62zm-48-32c53.02 0 96-42.98 96-96s-42.98-96-96-96-96 42.98-96 96 42.98 96 96 96zM592 0H208c-26.47 0-48 22.25-48 49.59V96c23.42 0 45.1 6.78 64 17.8V64h352v288h-64v-64H384v64h-76.24c19.1 16.69 33.12 38.73 39.69 64H592c26.47 0 48-22.25 48-49.59V49.59C640 22.25 618.47 0 592 0z\"><\/path><\/svg>\t\t\t<\/div>\n\t\t<\/div>\n\t\t\t\t\t\t<\/div>\n\t\t\t\t<div class=\"elementor-element elementor-element-79d36073 elementor-widget elementor-widget-heading\" data-id=\"79d36073\" data-element_type=\"widget\" data-e-type=\"widget\" data-widget_type=\"heading.default\">\n\t\t\t\t\t<h3 class=\"elementor-heading-title elementor-size-default\">Unirme como Mentor\/a<\/h3>\t\t\t\t<\/div>\n\t\t\t\t<div class=\"elementor-element elementor-element-63e693bd elementor-widget elementor-widget-text-editor\" data-id=\"63e693bd\" data-element_type=\"widget\" data-e-type=\"widget\" data-widget_type=\"text-editor.default\">\n\t\t\t\t\t\t\t\t\t<p>Soy notario\/a con experiencia y quiero contribuir al desarrollo de colegas de nuevo ingreso.<\/p>\t\t\t\t\t\t\t\t<\/div>\n\t\t\t\t<div class=\"elementor-element elementor-element-7b7d2d56 elementor-align-center elementor-widget elementor-widget-button\" data-id=\"7b7d2d56\" data-element_type=\"widget\" data-e-type=\"widget\" data-widget_type=\"button.default\">\n\t\t\t\t\t\t\t\t\t\t<a class=\"elementor-button elementor-button-link elementor-size-md\" href=\"https:\/\/anexollc.com\/notarios\/unirme-como-mentor-a\/\">\n\t\t\t\t\t\t<span class=\"elementor-button-content-wrapper\">\n\t\t\t\t\t\t\t\t\t<span class=\"elementor-button-text\">Unirme como Mentor\/a<\/span>\n\t\t\t\t\t<\/span>\n\t\t\t\t\t<\/a>\n\t\t\t\t\t\t\t\t<\/div>\n\t\t\t\t\t<\/div>\n\t\t\t\t<\/div>\n\t\t<div class=\"elementor-element elementor-element-3accc534 e-flex e-con-boxed e-con e-child\" data-id=\"3accc534\" data-element_type=\"container\" data-e-type=\"container\" data-settings=\"{&quot;background_background&quot;:&quot;classic&quot;}\">\n\t\t\t\t\t<div class=\"e-con-inner\">\n\t\t\t\t<div class=\"elementor-element elementor-element-5ba4753b elementor-view-default elementor-widget elementor-widget-icon\" data-id=\"5ba4753b\" data-element_type=\"widget\" data-e-type=\"widget\" data-widget_type=\"icon.default\">\n\t\t\t\t\t\t\t<div class=\"elementor-icon-wrapper\">\n\t\t\t<div class=\"elementor-icon\">\n\t\t\t<svg aria-hidden=\"true\" class=\"e-font-icon-svg e-fas-eye\" viewBox=\"0 0 576 512\" xmlns=\"http:\/\/www.w3.org\/2000\/svg\"><path d=\"M572.52 241.4C518.29 135.59 410.93 64 288 64S57.68 135.64 3.48 241.41a32.35 32.35 0 0 0 0 29.19C57.71 376.41 165.07 448 288 448s230.32-71.64 284.52-177.41a32.35 32.35 0 0 0 0-29.19zM288 400a144 144 0 1 1 144-144 143.93 143.93 0 0 1-144 144zm0-240a95.31 95.31 0 0 0-25.31 3.79 47.85 47.85 0 0 1-66.9 66.9A95.78 95.78 0 1 0 288 160z\"><\/path><\/svg>\t\t\t<\/div>\n\t\t<\/div>\n\t\t\t\t\t\t<\/div>\n\t\t\t\t<div class=\"elementor-element elementor-element-64aca468 elementor-widget elementor-widget-heading\" data-id=\"64aca468\" data-element_type=\"widget\" data-e-type=\"widget\" data-widget_type=\"heading.default\">\n\t\t\t\t\t<h3 class=\"elementor-heading-title elementor-size-default\">Solicitar Shadowing<\/h3>\t\t\t\t<\/div>\n\t\t\t\t<div class=\"elementor-element elementor-element-5fac45e1 elementor-widget elementor-widget-text-editor\" data-id=\"5fac45e1\" data-element_type=\"widget\" data-e-type=\"widget\" data-widget_type=\"text-editor.default\">\n\t\t\t\t\t\t\t\t\t<p>Deseo observar la pr\u00e1ctica notarial junto a un colega experimentado en un entorno real de trabajo.<\/p>\t\t\t\t\t\t\t\t<\/div>\n\t\t\t\t<div class=\"elementor-element elementor-element-2ea55eee elementor-align-center elementor-widget elementor-widget-button\" data-id=\"2ea55eee\" data-element_type=\"widget\" data-e-type=\"widget\" data-widget_type=\"button.default\">\n\t\t\t\t\t\t\t\t\t\t<a class=\"elementor-button elementor-button-link elementor-size-md\" href=\"https:\/\/anexollc.com\/notarios\/solicitar-shadowing\/\">\n\t\t\t\t\t\t<span class=\"elementor-button-content-wrapper\">\n\t\t\t\t\t\t\t\t\t<span class=\"elementor-button-text\">Solicitar Shadowing<\/span>\n\t\t\t\t\t<\/span>\n\t\t\t\t\t<\/a>\n\t\t\t\t\t\t\t\t<\/div>\n\t\t\t\t\t<\/div>\n\t\t\t\t<\/div>\n\t\t\t\t\t<\/div>\n\t\t\t\t<\/div>\n\t\t\t\t\t<\/div>\n\t\t\t\t<\/div>\n\t\t<div class=\"elementor-element elementor-element-79f564e e-flex e-con-boxed e-con e-parent\" data-id=\"79f564e\" data-element_type=\"container\" data-e-type=\"container\" data-settings=\"{&quot;background_background&quot;:&quot;classic&quot;}\">\n\t\t\t\t\t<div class=\"e-con-inner\">\n\t\t<div class=\"elementor-element elementor-element-6cf65d3 e-con-full e-flex e-con e-child\" data-id=\"6cf65d3\" data-element_type=\"container\" data-e-type=\"container\" data-settings=\"{&quot;background_background&quot;:&quot;classic&quot;}\">\n\t\t<div class=\"elementor-element elementor-element-e677252 e-con-full e-flex e-con e-child\" data-id=\"e677252\" data-element_type=\"container\" data-e-type=\"container\">\n\t\t\t\t<div class=\"elementor-element elementor-element-b95064c elementor-widget elementor-widget-heading\" data-id=\"b95064c\" data-element_type=\"widget\" data-e-type=\"widget\" data-widget_type=\"heading.default\">\n\t\t\t\t\t<h2 class=\"elementor-heading-title elementor-size-default\">Mensaje del Presidente<\/h2>\t\t\t\t<\/div>\n\t\t\t\t<div class=\"elementor-element elementor-element-271194b elementor-widget elementor-widget-text-editor\" data-id=\"271194b\" data-element_type=\"widget\" data-e-type=\"widget\" data-widget_type=\"text-editor.default\">\n\t\t\t\t\t\t\t\t\t<p data-start=\"189\" data-end=\"506\">En el Colegio Notarial de Puerto Rico reafirmamos nuestro compromiso con la integridad, la excelencia profesional y la protecci\u00f3n de la fe p\u00fablica, fortaleciendo cada d\u00eda la funci\u00f3n notarial en beneficio de nuestra sociedad.<\/p>\t\t\t\t\t\t\t\t<\/div>\n\t\t\t\t<div class=\"elementor-element elementor-element-6b4253c elementor-widget elementor-widget-text-editor\" data-id=\"6b4253c\" data-element_type=\"widget\" data-e-type=\"widget\" data-widget_type=\"text-editor.default\">\n\t\t\t\t\t\t\t\t\t<p><strong>Not. Ismael Garc\u00eda Ortega<\/strong><br \/>Presidente<\/p>\t\t\t\t\t\t\t\t<\/div>\n\t\t\t\t<\/div>\n\t\t<div class=\"elementor-element elementor-element-3e2a8fe e-con-full e-flex e-con e-child\" data-id=\"3e2a8fe\" data-element_type=\"container\" data-e-type=\"container\">\n\t\t\t\t<div class=\"elementor-element elementor-element-a1637be elementor-widget__width-auto elementor-widget elementor-widget-image\" data-id=\"a1637be\" data-element_type=\"widget\" data-e-type=\"widget\" data-widget_type=\"image.default\">\n\t\t\t\t\t\t\t\t\t\t\t\t\t\t\t<img fetchpriority=\"high\" decoding=\"async\" width=\"627\" height=\"642\" src=\"https:\/\/anexollc.com\/notarios\/wp-content\/uploads\/2026\/03\/ismael.png\" class=\"attachment-full size-full wp-image-1317\" alt=\"\" srcset=\"https:\/\/anexollc.com\/notarios\/wp-content\/uploads\/2026\/03\/ismael.png 627w, https:\/\/anexollc.com\/notarios\/wp-content\/uploads\/2026\/03\/ismael-293x300.png 293w\" sizes=\"(max-width: 627px) 100vw, 627px\" \/>\t\t\t\t\t\t\t\t\t\t\t\t\t\t\t<\/div>\n\t\t\t\t<\/div>\n\t\t\t\t<\/div>\n\t\t\t\t\t<\/div>\n\t\t\t\t<\/div>\n\t\t\t\t<\/div>\n\t\t","protected":false},"excerpt":{"rendered":"<p>Programa de Mentor\u00eda Solicitar Mentor\u00eda Nuestro programa conecta a notarios\/as de nuevo ingreso con colegas experimentados que brindan gu\u00eda pr\u00e1ctica, criterio profesional y apoyo \u00e9tico durante el primer a\u00f1o de ejercicio. Instrucciones para completar esta solicitud Este formulario est\u00e1 destinado a notarios\/as colegiados\/as que desean recibir acompa\u00f1amiento mediante el Programa de Mentor\u00eda.Complete los campos con [&hellip;]<\/p>\n","protected":false},"author":1,"featured_media":0,"parent":0,"menu_order":0,"comment_status":"closed","ping_status":"closed","template":"elementor_header_footer","meta":{"footnotes":""},"class_list":["post-35020","page","type-page","status-publish","hentry"],"_hostinger_reach_plugin_has_subscription_block":false,"_hostinger_reach_plugin_is_elementor":false,"_links":{"self":[{"href":"https:\/\/anexollc.com\/notarios\/wp-json\/wp\/v2\/pages\/35020","targetHints":{"allow":["GET"]}}],"collection":[{"href":"https:\/\/anexollc.com\/notarios\/wp-json\/wp\/v2\/pages"}],"about":[{"href":"https:\/\/anexollc.com\/notarios\/wp-json\/wp\/v2\/types\/page"}],"author":[{"embeddable":true,"href":"https:\/\/anexollc.com\/notarios\/wp-json\/wp\/v2\/users\/1"}],"replies":[{"embeddable":true,"href":"https:\/\/anexollc.com\/notarios\/wp-json\/wp\/v2\/comments?post=35020"}],"version-history":[{"count":25,"href":"https:\/\/anexollc.com\/notarios\/wp-json\/wp\/v2\/pages\/35020\/revisions"}],"predecessor-version":[{"id":35090,"href":"https:\/\/anexollc.com\/notarios\/wp-json\/wp\/v2\/pages\/35020\/revisions\/35090"}],"wp:attachment":[{"href":"https:\/\/anexollc.com\/notarios\/wp-json\/wp\/v2\/media?parent=35020"}],"curies":[{"name":"wp","href":"https:\/\/api.w.org\/{rel}","templated":true}]}}