{"id":34857,"date":"2026-03-24T15:59:57","date_gmt":"2026-03-24T15:59:57","guid":{"rendered":"https:\/\/anexollc.com\/notarios\/?page_id=34857"},"modified":"2026-04-13T15:04:36","modified_gmt":"2026-04-13T15:04:36","slug":"paranotarios","status":"publish","type":"page","link":"https:\/\/anexollc.com\/notarios\/paranotarios\/","title":{"rendered":"Notarios"},"content":{"rendered":"\t\t<div data-elementor-type=\"wp-page\" data-elementor-id=\"34857\" class=\"elementor elementor-34857\" data-elementor-post-type=\"page\">\n\t\t\t\t<div class=\"elementor-element elementor-element-e1cc2c7 e-con-full e-flex e-con e-parent\" data-id=\"e1cc2c7\" data-element_type=\"container\" data-e-type=\"container\" data-settings=\"{&quot;background_background&quot;:&quot;gradient&quot;}\">\n\t\t<div class=\"elementor-element elementor-element-8def439 e-flex e-con-boxed e-con e-child\" data-id=\"8def439\" data-element_type=\"container\" data-e-type=\"container\">\n\t\t\t\t\t<div class=\"e-con-inner\">\n\t\t\t\t<div class=\"elementor-element elementor-element-4d6464b elementor-widget elementor-widget-html\" data-id=\"4d6464b\" data-element_type=\"widget\" data-e-type=\"widget\" data-widget_type=\"html.default\">\n\t\t\t\t\t<div style=\"display:inline-block;background:rgba(212,181,107,0.15);border:1px solid rgba(212,181,107,0.40);border-radius:999px;padding:7px 24px;margin-bottom:22px;\"><span style=\"color:#D4B56B;font-size:13px;font-weight:700;letter-spacing:1.8px;text-transform:uppercase;\">El Colegio de Notarios de Puerto Rico (CNPR)<\/span><\/div>\t\t\t\t<\/div>\n\t\t\t\t<div class=\"elementor-element elementor-element-3bd8bd0 elementor-widget elementor-widget-heading\" data-id=\"3bd8bd0\" data-element_type=\"widget\" data-e-type=\"widget\" data-widget_type=\"heading.default\">\n\t\t\t\t\t<h1 class=\"elementor-heading-title elementor-size-default\">Notarios<\/h1>\t\t\t\t<\/div>\n\t\t\t\t\t<\/div>\n\t\t\t\t<\/div>\n\t\t\t\t<\/div>\n\t\t<div class=\"elementor-element elementor-element-6aeaa8a e-con-full e-flex e-con e-parent\" data-id=\"6aeaa8a\" data-element_type=\"container\" data-e-type=\"container\" data-settings=\"{&quot;background_background&quot;:&quot;classic&quot;}\">\n\t\t<div class=\"elementor-element elementor-element-88cdd37 e-flex e-con-boxed e-con e-child\" data-id=\"88cdd37\" data-element_type=\"container\" data-e-type=\"container\">\n\t\t\t\t\t<div class=\"e-con-inner\">\n\t\t<div class=\"elementor-element elementor-element-c1e26c4 e-con-full e-flex e-con e-child\" data-id=\"c1e26c4\" data-element_type=\"container\" data-e-type=\"container\">\n\t\t\t\t<div class=\"elementor-element elementor-element-8d7e2dd elementor-widget elementor-widget-html\" data-id=\"8d7e2dd\" data-element_type=\"widget\" data-e-type=\"widget\" data-widget_type=\"html.default\">\n\t\t\t\t\t<div style=\"font-family: Arial, Helvetica, sans-serif; color:#1f2937; background:#ffffff; max-width: 1000px; margin: 0 auto; padding: 40px 32px; line-height: 1.7; border: 1px solid #e5e7eb; border-radius: 14px; box-shadow: 0 10px 30px rgba(0,0,0,0.05);\">\r\n\r\n\r\n  <!-- Contenido -->\r\n  <div style=\"font-size:17px;\">\r\n\r\n\r\n    <p>\r\n      El Colegio Notarial de Puerto Rico (CNPR) le invita a participar en el Programa Notarios por Puerto Rico,\r\n      una iniciativa dirigida a ofrecer asesor\u00eda legal, notarial y servicios pro-bono a comunidades y personas\r\n      de escasos recursos en Puerto Rico.\r\n    <\/p>\r\n\r\n    <p>\r\n      El Tribunal Supremo de Puerto Rico, conforme a lo dispuesto en el Reglamento de Asignaci\u00f3n de\r\n      Abogados y Abogadas de Oficio, ha certificado al CNPR como Entidad Autorizada, para certificar horas\r\n      de servicio pro-bono a los notarios y notarias que ofrezcan servicios voluntarios a trav\u00e9s de nuestro\r\n      programa. Dicho Reglamento reconoce que el deber \u00e9tico de ofrecer servicio pro-bono puede\r\n      satisfacerse mediante entidades como la nuestra, y las horas ofrecidas ser\u00e1n certificadas para que\r\n      pueda solicitar la correspondiente exenci\u00f3n del servicio de oficio ante el Tribunal Supremo para el\r\n      pr\u00f3ximo a\u00f1o fiscal.\r\n    <\/p>\r\n\r\n    <p>\r\n      Nuestro objetivo es contar con una plantilla de notarios y notarias voluntarias que puedan brindar\r\n      servicios en sede notarial, tales como; orientaci\u00f3n legal, declaraciones juradas, poderes, capitulaciones\r\n      matrimoniales, declaratorias de herederos, cambio de nombre, donaciones, cesiones, actas de\r\n      edificaci\u00f3n, derecho de superficie, testamentos y cancelaci\u00f3n de hipoteca.\r\n    <\/p>\r\n\r\n    <p>\r\n      El CNPR ofrecer\u00e1 estos servicios mediante las siguientes modalidades:\r\n    <\/p>\r\n\r\n    <ol style=\"padding-left: 22px; margin-top: 0;\">\r\n      <li style=\"margin-bottom: 12px;\">\r\n        Promoci\u00f3n de la instituci\u00f3n como entidad proveedora de asesor\u00eda y servicios notariales\r\n        gratuitos a personas de escasos recursos, a trav\u00e9s de entidades y municipios con los cuales\r\n        mantenemos acuerdos de colaboraci\u00f3n.\r\n      <\/li>\r\n      <li style=\"margin-bottom: 12px;\">\r\n        Convocatoria de actividades comunitarias de orientaci\u00f3n legal, invitando a los participantes a\r\n        solicitar los servicios relacionados a los temas discutidos.\r\n      <\/li>\r\n      <li style=\"margin-bottom: 12px;\">\r\n        Alianzas con otras instituciones para integrar nuestra oferta de servicios en actividades ya\r\n        programadas, conforme a sus necesidades.\r\n      <\/li>\r\n      <li style=\"margin-bottom: 12px;\">\r\n        Cualquier otra iniciativa que surja con el prop\u00f3sito de brindar estos servicios a la comunidad.\r\n      <\/li>\r\n    <\/ol>\r\n\r\n    <p style=\"font-size:15px; color:#374151; background:#f9fafb; border-left: 4px solid #9ca3af; padding: 16px 18px; border-radius: 8px; margin-top: 24px;\">\r\n      La Regla 7(b) del Reglamento dispone como una de las causas de exenci\u00f3n, haber cumplido con (30) horas\r\n      de servicio pro-bono debidamente acreditada por entidad autorizada. Estar en la plantilla de nuestros\r\n      voluntarios no le concede autom\u00e1ticamente la exenci\u00f3n. Puede ofrecer servicios voluntarios en m\u00e1s de una\r\n      instituci\u00f3n.\r\n    <\/p>\r\n\r\n    <p>\r\n      La capacidad econ\u00f3mica de los participantes ser\u00e1 evaluada conforme a los criterios establecidos por la\r\n      Oficina de Administraci\u00f3n de los Tribunales (OAT). Una vez aceptado el participante en el programa,\r\n      ser\u00e1 referido a un notario o notaria voluntaria para la atenci\u00f3n del tr\u00e1mite correspondiente. Al concluir\r\n      el servicio, el notario presentar\u00e1 un resumen de las gestiones realizadas y del tiempo invertido, el cual\r\n      servir\u00e1 para la certificaci\u00f3n de las horas pro-bono.\r\n    <\/p>\r\n\r\n    <p>\r\n      Si interesa aceptar esta invitaci\u00f3n y formar parte de nuestro programa, es requisito tener la colegiaci\u00f3n\r\n      al d\u00eda y remitir los siguientes documentos al correo electr\u00f3nico comunidad@colegionotarialpr.com:\r\n    <\/p>\r\n\r\n    <ol style=\"padding-left: 22px; margin-top: 0;\">\r\n      <li style=\"margin-bottom: 12px;\">\r\n        Solicitud de voluntariado debidamente completada y acuerdo de voluntariado firmado\r\n      <\/li>\r\n      <li style=\"margin-bottom: 12px;\">\r\n        Certificado de cumplimiento (\u201cGood Standing\u201d) del Tribunal Supremo de Puerto Rico\r\n      <\/li>\r\n      <li style=\"margin-bottom: 12px;\">\r\n        Certificaci\u00f3n de cumplimiento con el Programa de Educaci\u00f3n Jur\u00eddica Continua\r\n      <\/li>\r\n      <li style=\"margin-bottom: 12px;\">\r\n        Evidencia de la vigencia de la fianza notarial\r\n      <\/li>\r\n    <\/ol>\r\n\r\n    <p>\r\n      Una vez recibida la informaci\u00f3n, se le har\u00e1n llegar los Protocolo para el manejo de entrevistas y casos.\r\n    <\/p>\r\n\r\n    <p>\r\n      Agradecemos de antemano su disposici\u00f3n para servir y contribuir al acceso a la justicia en nuestras\r\n      comunidades. Para cualquier duda o informaci\u00f3n adicional, puede comunicarse con nosotros al correo\r\n      electr\u00f3nico antes indicado o al (787) 758-2773.\r\n    <\/p>\r\n\r\n    <p style=\"margin-top:32px;\">Cordialmente,<\/p>\r\n\r\n    <p style=\"margin-top:24px; font-weight:bold;\">\r\n      Not. Virmarily Pacheco Rivera<br>\r\n      Directora Ejecutiva\r\n    <\/p>\r\n\r\n  <\/div>\r\n<\/div>\t\t\t\t<\/div>\n\t\t\t\t<\/div>\n\t\t\t\t\t<\/div>\n\t\t\t\t<\/div>\n\t\t\t\t<\/div>\n\t\t<div class=\"elementor-element elementor-element-79f564e e-flex e-con-boxed e-con e-parent\" data-id=\"79f564e\" data-element_type=\"container\" data-e-type=\"container\" data-settings=\"{&quot;background_background&quot;:&quot;classic&quot;}\">\n\t\t\t\t\t<div class=\"e-con-inner\">\n\t\t<div class=\"elementor-element elementor-element-6cf65d3 e-con-full e-flex e-con e-child\" data-id=\"6cf65d3\" data-element_type=\"container\" data-e-type=\"container\" data-settings=\"{&quot;background_background&quot;:&quot;classic&quot;}\">\n\t\t<div class=\"elementor-element elementor-element-e677252 e-con-full e-flex e-con e-child\" data-id=\"e677252\" data-element_type=\"container\" data-e-type=\"container\">\n\t\t\t\t<div class=\"elementor-element elementor-element-b95064c elementor-widget elementor-widget-heading\" data-id=\"b95064c\" data-element_type=\"widget\" data-e-type=\"widget\" data-widget_type=\"heading.default\">\n\t\t\t\t\t<h2 class=\"elementor-heading-title elementor-size-default\">Mensaje del Presidente<\/h2>\t\t\t\t<\/div>\n\t\t\t\t<div class=\"elementor-element elementor-element-271194b elementor-widget elementor-widget-text-editor\" data-id=\"271194b\" data-element_type=\"widget\" data-e-type=\"widget\" data-widget_type=\"text-editor.default\">\n\t\t\t\t\t\t\t\t\t<p data-start=\"189\" data-end=\"506\">En el Colegio Notarial de Puerto Rico reafirmamos nuestro compromiso con la integridad, la excelencia profesional y la protecci\u00f3n de la fe p\u00fablica, fortaleciendo cada d\u00eda la funci\u00f3n notarial en beneficio de nuestra sociedad.<\/p>\t\t\t\t\t\t\t\t<\/div>\n\t\t\t\t<div class=\"elementor-element elementor-element-6b4253c elementor-widget elementor-widget-text-editor\" data-id=\"6b4253c\" data-element_type=\"widget\" data-e-type=\"widget\" data-widget_type=\"text-editor.default\">\n\t\t\t\t\t\t\t\t\t<p><strong>Not. Ismael Garc\u00eda Ortega<\/strong><br \/>Presidente<\/p>\t\t\t\t\t\t\t\t<\/div>\n\t\t\t\t<\/div>\n\t\t<div class=\"elementor-element elementor-element-3e2a8fe e-con-full e-flex e-con e-child\" data-id=\"3e2a8fe\" data-element_type=\"container\" data-e-type=\"container\">\n\t\t\t\t<div class=\"elementor-element elementor-element-a1637be elementor-widget__width-auto elementor-widget elementor-widget-image\" data-id=\"a1637be\" data-element_type=\"widget\" data-e-type=\"widget\" data-widget_type=\"image.default\">\n\t\t\t\t\t\t\t\t\t\t\t\t\t\t\t<img fetchpriority=\"high\" decoding=\"async\" width=\"627\" height=\"642\" src=\"https:\/\/anexollc.com\/notarios\/wp-content\/uploads\/2026\/03\/ismael.png\" class=\"attachment-full size-full wp-image-1317\" alt=\"\" srcset=\"https:\/\/anexollc.com\/notarios\/wp-content\/uploads\/2026\/03\/ismael.png 627w, https:\/\/anexollc.com\/notarios\/wp-content\/uploads\/2026\/03\/ismael-293x300.png 293w\" sizes=\"(max-width: 627px) 100vw, 627px\" \/>\t\t\t\t\t\t\t\t\t\t\t\t\t\t\t<\/div>\n\t\t\t\t<\/div>\n\t\t\t\t<\/div>\n\t\t\t\t\t<\/div>\n\t\t\t\t<\/div>\n\t\t\t\t<\/div>\n\t\t","protected":false},"excerpt":{"rendered":"<p>El Colegio de Notarios de Puerto Rico (CNPR) Notarios El Colegio Notarial de Puerto Rico (CNPR) le invita a participar en el Programa Notarios por Puerto Rico, una iniciativa dirigida a ofrecer asesor\u00eda legal, notarial y servicios pro-bono a comunidades y personas de escasos recursos en Puerto Rico. El Tribunal Supremo de Puerto Rico, conforme [&hellip;]<\/p>\n","protected":false},"author":1,"featured_media":0,"parent":0,"menu_order":0,"comment_status":"closed","ping_status":"closed","template":"elementor_header_footer","meta":{"footnotes":""},"class_list":["post-34857","page","type-page","status-publish","hentry"],"_hostinger_reach_plugin_has_subscription_block":false,"_hostinger_reach_plugin_is_elementor":false,"_links":{"self":[{"href":"https:\/\/anexollc.com\/notarios\/wp-json\/wp\/v2\/pages\/34857","targetHints":{"allow":["GET"]}}],"collection":[{"href":"https:\/\/anexollc.com\/notarios\/wp-json\/wp\/v2\/pages"}],"about":[{"href":"https:\/\/anexollc.com\/notarios\/wp-json\/wp\/v2\/types\/page"}],"author":[{"embeddable":true,"href":"https:\/\/anexollc.com\/notarios\/wp-json\/wp\/v2\/users\/1"}],"replies":[{"embeddable":true,"href":"https:\/\/anexollc.com\/notarios\/wp-json\/wp\/v2\/comments?post=34857"}],"version-history":[{"count":7,"href":"https:\/\/anexollc.com\/notarios\/wp-json\/wp\/v2\/pages\/34857\/revisions"}],"predecessor-version":[{"id":35127,"href":"https:\/\/anexollc.com\/notarios\/wp-json\/wp\/v2\/pages\/34857\/revisions\/35127"}],"wp:attachment":[{"href":"https:\/\/anexollc.com\/notarios\/wp-json\/wp\/v2\/media?parent=34857"}],"curies":[{"name":"wp","href":"https:\/\/api.w.org\/{rel}","templated":true}]}}