{"id":34779,"date":"2026-03-24T15:00:16","date_gmt":"2026-03-24T15:00:16","guid":{"rendered":"https:\/\/anexollc.com\/notarios\/?page_id=34779"},"modified":"2026-03-25T14:16:44","modified_gmt":"2026-03-25T14:16:44","slug":"reglas","status":"publish","type":"page","link":"https:\/\/anexollc.com\/notarios\/reglas\/","title":{"rendered":"Reglas"},"content":{"rendered":"\t\t<div data-elementor-type=\"wp-page\" data-elementor-id=\"34779\" class=\"elementor elementor-34779\" data-elementor-post-type=\"page\">\n\t\t\t\t<div class=\"elementor-element elementor-element-e1cc2c7 e-con-full e-flex e-con e-parent\" data-id=\"e1cc2c7\" data-element_type=\"container\" data-e-type=\"container\" data-settings=\"{&quot;background_background&quot;:&quot;gradient&quot;}\">\n\t\t<div class=\"elementor-element elementor-element-8def439 e-flex e-con-boxed e-con e-child\" data-id=\"8def439\" data-element_type=\"container\" data-e-type=\"container\">\n\t\t\t\t\t<div class=\"e-con-inner\">\n\t\t\t\t<div class=\"elementor-element elementor-element-4d6464b elementor-widget elementor-widget-html\" data-id=\"4d6464b\" data-element_type=\"widget\" data-e-type=\"widget\" data-widget_type=\"html.default\">\n\t\t\t\t\t<div style=\"display:inline-block;background:rgba(212,181,107,0.15);border:1px solid rgba(212,181,107,0.40);border-radius:999px;padding:7px 24px;margin-bottom:22px;\"><span style=\"color:#D4B56B;font-size:13px;font-weight:700;letter-spacing:1.8px;text-transform:uppercase;\"><center>COLEGIO NOTARIAL DE PUERTO RICO<\/center><\/span><\/div>\t\t\t\t<\/div>\n\t\t\t\t<div class=\"elementor-element elementor-element-3bd8bd0 elementor-widget elementor-widget-heading\" data-id=\"3bd8bd0\" data-element_type=\"widget\" data-e-type=\"widget\" data-widget_type=\"heading.default\">\n\t\t\t\t\t<h1 class=\"elementor-heading-title elementor-size-default\">Reglas<\/h1>\t\t\t\t<\/div>\n\t\t\t\t\t<\/div>\n\t\t\t\t<\/div>\n\t\t\t\t<\/div>\n\t\t<div class=\"elementor-element elementor-element-6aeaa8a e-con-full e-flex e-con e-parent\" data-id=\"6aeaa8a\" data-element_type=\"container\" data-e-type=\"container\" data-settings=\"{&quot;background_background&quot;:&quot;classic&quot;}\">\n\t\t<div class=\"elementor-element elementor-element-88cdd37 e-flex e-con-boxed e-con e-child\" data-id=\"88cdd37\" data-element_type=\"container\" data-e-type=\"container\">\n\t\t\t\t\t<div class=\"e-con-inner\">\n\t\t\t\t<div class=\"elementor-element elementor-element-9bb5671 elementor-widget elementor-widget-text-editor\" data-id=\"9bb5671\" data-element_type=\"widget\" data-e-type=\"widget\" data-widget_type=\"text-editor.default\">\n\t\t\t\t\t\t\t\t\t<p dir=\"auto\">El Colegio Notarial de Puerto Rico ofrecer\u00e1 los materiales de forma digital al perfil de cada evento, por lo que su matr\u00edcula debe estar pagada en su totalidad tres d\u00edas antes del curso. Luego de estar disponibles los materiales, NO se aceptar\u00e1n solicitudes de cancelaci\u00f3n. Para garantizar espacio, deber\u00e1 reservar y pagar la matr\u00edcula tres d\u00edas antes de la fecha del seminario.<\/p><p dir=\"auto\">Las cancelaciones se honrar\u00e1n \u00daNICAMENTE por ESCRITO con 72 horas de anticipaci\u00f3n a la fecha del seminario, siempre que no se hayan colocado los materiales disponibles a los participantes. Toda cancelaci\u00f3n conlleva un cargo del 5 por ciento del costo pagado. Para que el total de las horas cr\u00e9dito puedan ser reclamadas al Tribunal Supremo, deber\u00e1 asistir a TODO el seminario conforme al Reglamento del 2005 del Tribunal. Debe haber un m\u00ednimo de 20 participantes matriculados para poder ofrecer el curso; de lo contrario, ser\u00e1 cancelado.<\/p><p><strong>CONTACTO \u2013 SERVICIO AL CLIENTE<\/strong><\/p><p>El equipo de servicio al cliente del Colegio Notarial de Puerto Rico est\u00e1 disponible para atender dudas o cualquier asunto t\u00e9cnico:<\/p><p>Tel\u00e9fono: (787) 758-2773<\/p><p dir=\"auto\">Correo electr\u00f3nico:\u00a0<a href=\"mailto:info@colegionotarialpr.com\" target=\"_blank\" rel=\"noopener\">info@colegionotarialpr.com<\/a><\/p><p dir=\"auto\">El horario de atenci\u00f3n al cliente del Colegio Notarial de Puerto Rico es:<\/p><p dir=\"auto\">Lunes a viernes: 8:30 a.m. a 5:00 p.m.<\/p>\t\t\t\t\t\t\t\t<\/div>\n\t\t\t\t\t<\/div>\n\t\t\t\t<\/div>\n\t\t\t\t<\/div>\n\t\t<div class=\"elementor-element elementor-element-79f564e e-flex e-con-boxed e-con e-parent\" data-id=\"79f564e\" data-element_type=\"container\" data-e-type=\"container\" data-settings=\"{&quot;background_background&quot;:&quot;classic&quot;}\">\n\t\t\t\t\t<div class=\"e-con-inner\">\n\t\t<div class=\"elementor-element elementor-element-6cf65d3 e-con-full e-flex e-con e-child\" data-id=\"6cf65d3\" data-element_type=\"container\" data-e-type=\"container\" data-settings=\"{&quot;background_background&quot;:&quot;classic&quot;}\">\n\t\t<div class=\"elementor-element elementor-element-e677252 e-con-full e-flex e-con e-child\" data-id=\"e677252\" data-element_type=\"container\" data-e-type=\"container\">\n\t\t\t\t<div class=\"elementor-element elementor-element-b95064c elementor-widget elementor-widget-heading\" data-id=\"b95064c\" data-element_type=\"widget\" data-e-type=\"widget\" data-widget_type=\"heading.default\">\n\t\t\t\t\t<h2 class=\"elementor-heading-title elementor-size-default\">Mensaje del Presidente<\/h2>\t\t\t\t<\/div>\n\t\t\t\t<div class=\"elementor-element elementor-element-271194b elementor-widget elementor-widget-text-editor\" data-id=\"271194b\" data-element_type=\"widget\" data-e-type=\"widget\" data-widget_type=\"text-editor.default\">\n\t\t\t\t\t\t\t\t\t<p data-start=\"189\" data-end=\"506\">En el Colegio Notarial de Puerto Rico reafirmamos nuestro compromiso con la integridad, la excelencia profesional y la protecci\u00f3n de la fe p\u00fablica, fortaleciendo cada d\u00eda la funci\u00f3n notarial en beneficio de nuestra sociedad.<\/p>\t\t\t\t\t\t\t\t<\/div>\n\t\t\t\t<div class=\"elementor-element elementor-element-6b4253c elementor-widget elementor-widget-text-editor\" data-id=\"6b4253c\" data-element_type=\"widget\" data-e-type=\"widget\" data-widget_type=\"text-editor.default\">\n\t\t\t\t\t\t\t\t\t<p><strong>Not. Ismael Garc\u00eda Ortega<\/strong><br \/>Presidente<\/p>\t\t\t\t\t\t\t\t<\/div>\n\t\t\t\t<\/div>\n\t\t<div class=\"elementor-element elementor-element-3e2a8fe e-con-full e-flex e-con e-child\" data-id=\"3e2a8fe\" data-element_type=\"container\" data-e-type=\"container\">\n\t\t\t\t<div class=\"elementor-element elementor-element-a1637be elementor-widget__width-auto elementor-widget elementor-widget-image\" data-id=\"a1637be\" data-element_type=\"widget\" data-e-type=\"widget\" data-widget_type=\"image.default\">\n\t\t\t\t\t\t\t\t\t\t\t\t\t\t\t<img fetchpriority=\"high\" decoding=\"async\" width=\"627\" height=\"642\" src=\"https:\/\/anexollc.com\/notarios\/wp-content\/uploads\/2026\/03\/ismael.png\" class=\"attachment-full size-full wp-image-1317\" alt=\"\" srcset=\"https:\/\/anexollc.com\/notarios\/wp-content\/uploads\/2026\/03\/ismael.png 627w, https:\/\/anexollc.com\/notarios\/wp-content\/uploads\/2026\/03\/ismael-293x300.png 293w\" sizes=\"(max-width: 627px) 100vw, 627px\" \/>\t\t\t\t\t\t\t\t\t\t\t\t\t\t\t<\/div>\n\t\t\t\t<\/div>\n\t\t\t\t<\/div>\n\t\t\t\t\t<\/div>\n\t\t\t\t<\/div>\n\t\t\t\t<\/div>\n\t\t","protected":false},"excerpt":{"rendered":"<p>COLEGIO NOTARIAL DE PUERTO RICO Reglas El Colegio Notarial de Puerto Rico ofrecer\u00e1 los materiales de forma digital al perfil de cada evento, por lo que su matr\u00edcula debe estar pagada en su totalidad tres d\u00edas antes del curso. Luego de estar disponibles los materiales, NO se aceptar\u00e1n solicitudes de cancelaci\u00f3n. Para garantizar espacio, deber\u00e1 [&hellip;]<\/p>\n","protected":false},"author":1,"featured_media":0,"parent":0,"menu_order":0,"comment_status":"closed","ping_status":"closed","template":"elementor_header_footer","meta":{"footnotes":""},"class_list":["post-34779","page","type-page","status-publish","hentry"],"_hostinger_reach_plugin_has_subscription_block":false,"_hostinger_reach_plugin_is_elementor":false,"_links":{"self":[{"href":"https:\/\/anexollc.com\/notarios\/wp-json\/wp\/v2\/pages\/34779","targetHints":{"allow":["GET"]}}],"collection":[{"href":"https:\/\/anexollc.com\/notarios\/wp-json\/wp\/v2\/pages"}],"about":[{"href":"https:\/\/anexollc.com\/notarios\/wp-json\/wp\/v2\/types\/page"}],"author":[{"embeddable":true,"href":"https:\/\/anexollc.com\/notarios\/wp-json\/wp\/v2\/users\/1"}],"replies":[{"embeddable":true,"href":"https:\/\/anexollc.com\/notarios\/wp-json\/wp\/v2\/comments?post=34779"}],"version-history":[{"count":13,"href":"https:\/\/anexollc.com\/notarios\/wp-json\/wp\/v2\/pages\/34779\/revisions"}],"predecessor-version":[{"id":34919,"href":"https:\/\/anexollc.com\/notarios\/wp-json\/wp\/v2\/pages\/34779\/revisions\/34919"}],"wp:attachment":[{"href":"https:\/\/anexollc.com\/notarios\/wp-json\/wp\/v2\/media?parent=34779"}],"curies":[{"name":"wp","href":"https:\/\/api.w.org\/{rel}","templated":true}]}}