{"id":34769,"date":"2026-03-24T14:56:21","date_gmt":"2026-03-24T14:56:21","guid":{"rendered":"https:\/\/anexollc.com\/notarios\/?page_id=34769"},"modified":"2026-04-13T14:29:30","modified_gmt":"2026-04-13T14:29:30","slug":"noticias","status":"publish","type":"page","link":"https:\/\/anexollc.com\/notarios\/noticias\/","title":{"rendered":"Noticias"},"content":{"rendered":"\t\t<div data-elementor-type=\"wp-page\" data-elementor-id=\"34769\" class=\"elementor elementor-34769\" data-elementor-post-type=\"page\">\n\t\t\t\t<div class=\"elementor-element elementor-element-e1cc2c7 e-con-full e-flex e-con e-parent\" data-id=\"e1cc2c7\" data-element_type=\"container\" data-e-type=\"container\" data-settings=\"{&quot;background_background&quot;:&quot;gradient&quot;}\">\n\t\t<div class=\"elementor-element elementor-element-8def439 e-flex e-con-boxed e-con e-child\" data-id=\"8def439\" data-element_type=\"container\" data-e-type=\"container\">\n\t\t\t\t\t<div class=\"e-con-inner\">\n\t\t\t\t<div class=\"elementor-element elementor-element-4d6464b elementor-widget elementor-widget-html\" data-id=\"4d6464b\" data-element_type=\"widget\" data-e-type=\"widget\" data-widget_type=\"html.default\">\n\t\t\t\t\t<div style=\"display:inline-block;background:rgba(212,181,107,0.15);border:1px solid rgba(212,181,107,0.40);border-radius:999px;padding:7px 24px;margin-bottom:22px;\"><span style=\"color:#D4B56B;font-size:13px;font-weight:700;letter-spacing:1.8px;text-transform:uppercase;\"><center>COLEGIO NOTARIAL DE PUERTO RICO<\/center><\/span><\/div>\t\t\t\t<\/div>\n\t\t\t\t<div class=\"elementor-element elementor-element-3bd8bd0 elementor-widget elementor-widget-heading\" data-id=\"3bd8bd0\" data-element_type=\"widget\" data-e-type=\"widget\" data-widget_type=\"heading.default\">\n\t\t\t\t\t<h1 class=\"elementor-heading-title elementor-size-default\">Noticias<\/h1>\t\t\t\t<\/div>\n\t\t\t\t\t<\/div>\n\t\t\t\t<\/div>\n\t\t\t\t<\/div>\n\t\t<div class=\"elementor-element elementor-element-6aeaa8a e-flex e-con-boxed e-con e-parent\" data-id=\"6aeaa8a\" data-element_type=\"container\" data-e-type=\"container\" data-settings=\"{&quot;background_background&quot;:&quot;gradient&quot;}\">\n\t\t\t\t\t<div class=\"e-con-inner\">\n\t\t\t\t<div class=\"elementor-element elementor-element-ec73d8d elementor-grid-3 elementor-grid-tablet-2 elementor-grid-mobile-1 elementor-posts--thumbnail-top elementor-card-shadow-yes elementor-posts__hover-gradient elementor-widget elementor-widget-posts\" data-id=\"ec73d8d\" data-element_type=\"widget\" data-e-type=\"widget\" data-settings=\"{&quot;cards_masonry&quot;:&quot;yes&quot;,&quot;cards_columns&quot;:&quot;3&quot;,&quot;cards_columns_tablet&quot;:&quot;2&quot;,&quot;cards_columns_mobile&quot;:&quot;1&quot;,&quot;cards_row_gap&quot;:{&quot;unit&quot;:&quot;px&quot;,&quot;size&quot;:35,&quot;sizes&quot;:[]},&quot;cards_row_gap_tablet&quot;:{&quot;unit&quot;:&quot;px&quot;,&quot;size&quot;:&quot;&quot;,&quot;sizes&quot;:[]},&quot;cards_row_gap_mobile&quot;:{&quot;unit&quot;:&quot;px&quot;,&quot;size&quot;:&quot;&quot;,&quot;sizes&quot;:[]}}\" data-widget_type=\"posts.cards\">\n\t\t\t\t<div class=\"elementor-widget-container\">\n\t\t\t\t\t\t\t<div class=\"elementor-posts-container elementor-posts elementor-posts--skin-cards elementor-grid\" role=\"list\">\n\t\t\t\t<article class=\"elementor-post elementor-grid-item post-35104 post type-post status-publish format-standard has-post-thumbnail hentry category-notarios-as-por-puerto-rico\" role=\"listitem\">\n\t\t\t<div class=\"elementor-post__card\">\n\t\t\t\t<a class=\"elementor-post__thumbnail__link\" href=\"https:\/\/anexollc.com\/notarios\/el-colegio-notarial-de-puerto-rico-impulsa-el-acceso-a-servicios-notariales-en-vega-baja-mediante-taller-y-nueva-colaboracion-comunitaria\/\" tabindex=\"-1\" ><div class=\"elementor-post__thumbnail\"><img fetchpriority=\"high\" decoding=\"async\" width=\"300\" height=\"225\" src=\"https:\/\/anexollc.com\/notarios\/wp-content\/uploads\/2026\/04\/654320587_1364912675668947_8364666617144564817_n-300x225.jpg\" class=\"attachment-medium size-medium wp-image-35106\" alt=\"\" srcset=\"https:\/\/anexollc.com\/notarios\/wp-content\/uploads\/2026\/04\/654320587_1364912675668947_8364666617144564817_n-300x225.jpg 300w, https:\/\/anexollc.com\/notarios\/wp-content\/uploads\/2026\/04\/654320587_1364912675668947_8364666617144564817_n-1024x768.jpg 1024w, https:\/\/anexollc.com\/notarios\/wp-content\/uploads\/2026\/04\/654320587_1364912675668947_8364666617144564817_n-768x576.jpg 768w, https:\/\/anexollc.com\/notarios\/wp-content\/uploads\/2026\/04\/654320587_1364912675668947_8364666617144564817_n-1536x1152.jpg 1536w, https:\/\/anexollc.com\/notarios\/wp-content\/uploads\/2026\/04\/654320587_1364912675668947_8364666617144564817_n.jpg 1600w\" sizes=\"(max-width: 300px) 100vw, 300px\" \/><\/div><\/a>\n\t\t\t\t<div class=\"elementor-post__text\">\n\t\t\t\t<h3 class=\"elementor-post__title\">\n\t\t\t<a href=\"https:\/\/anexollc.com\/notarios\/el-colegio-notarial-de-puerto-rico-impulsa-el-acceso-a-servicios-notariales-en-vega-baja-mediante-taller-y-nueva-colaboracion-comunitaria\/\" >\n\t\t\t\tEl Colegio Notarial de Puerto Rico impulsa el acceso a servicios notariales en Vega Baja mediante taller y nueva colaboraci\u00f3n comunitaria\t\t\t<\/a>\n\t\t<\/h3>\n\t\t\t\t<div class=\"elementor-post__excerpt\">\n\t\t\t<p>[vc_row][vc_column][vc_column_text]El pasado 19 de marzo de 2026, el Colegio Notarial de Puerto Rico llev\u00f3 a cabo el taller titulado \u00abAlternativa para cumplir tu obligaci\u00f3n \u00e9tica<\/p>\n\t\t<\/div>\n\t\t\n\t\t<a class=\"elementor-post__read-more\" href=\"https:\/\/anexollc.com\/notarios\/el-colegio-notarial-de-puerto-rico-impulsa-el-acceso-a-servicios-notariales-en-vega-baja-mediante-taller-y-nueva-colaboracion-comunitaria\/\" aria-label=\"Read more about El Colegio Notarial de Puerto Rico impulsa el acceso a servicios notariales en Vega Baja mediante taller y nueva colaboraci\u00f3n comunitaria\" tabindex=\"-1\" >\n\t\t\tLeer m\u00e1s \u00bb\t\t<\/a>\n\n\t\t\t\t<\/div>\n\t\t\t\t\t<\/div>\n\t\t<\/article>\n\t\t\t\t<article class=\"elementor-post elementor-grid-item post-35103 post type-post status-publish format-standard has-post-thumbnail hentry category-notarios-as-por-puerto-rico\" role=\"listitem\">\n\t\t\t<div class=\"elementor-post__card\">\n\t\t\t\t<a class=\"elementor-post__thumbnail__link\" href=\"https:\/\/anexollc.com\/notarios\/cuatro-notarias-puertorriquenas-representaran-al-pais-en-la-universidad-del-notariado-mundial-jean-paul-decorps\/\" tabindex=\"-1\" ><div class=\"elementor-post__thumbnail\"><img decoding=\"async\" width=\"240\" height=\"300\" src=\"https:\/\/anexollc.com\/notarios\/wp-content\/uploads\/2026\/04\/WhatsApp-Image-2026-04-06-at-12.42.36-PM-240x300.jpeg\" class=\"attachment-medium size-medium wp-image-35114\" alt=\"\" srcset=\"https:\/\/anexollc.com\/notarios\/wp-content\/uploads\/2026\/04\/WhatsApp-Image-2026-04-06-at-12.42.36-PM-240x300.jpeg 240w, https:\/\/anexollc.com\/notarios\/wp-content\/uploads\/2026\/04\/WhatsApp-Image-2026-04-06-at-12.42.36-PM-819x1024.jpeg 819w, https:\/\/anexollc.com\/notarios\/wp-content\/uploads\/2026\/04\/WhatsApp-Image-2026-04-06-at-12.42.36-PM-768x960.jpeg 768w, https:\/\/anexollc.com\/notarios\/wp-content\/uploads\/2026\/04\/WhatsApp-Image-2026-04-06-at-12.42.36-PM.jpeg 1080w\" sizes=\"(max-width: 240px) 100vw, 240px\" \/><\/div><\/a>\n\t\t\t\t<div class=\"elementor-post__text\">\n\t\t\t\t<h3 class=\"elementor-post__title\">\n\t\t\t<a href=\"https:\/\/anexollc.com\/notarios\/cuatro-notarias-puertorriquenas-representaran-al-pais-en-la-universidad-del-notariado-mundial-jean-paul-decorps\/\" >\n\t\t\t\tCuatro notarias puertorrique\u00f1as representar\u00e1n al pa\u00eds en la Universidad del Notariado Mundial \u201cJean-Paul Decorps\u201d\t\t\t<\/a>\n\t\t<\/h3>\n\t\t\t\t<div class=\"elementor-post__excerpt\">\n\t\t\t<p>El Colegio Notarial de Puerto Rico se enorgullece en anunciar la selecci\u00f3n de cuatro destacadas notarias puertorrique\u00f1as que participar\u00e1n en la prestigiosa\u00a0Universidad del Notariado Mundial<\/p>\n\t\t<\/div>\n\t\t\n\t\t<a class=\"elementor-post__read-more\" href=\"https:\/\/anexollc.com\/notarios\/cuatro-notarias-puertorriquenas-representaran-al-pais-en-la-universidad-del-notariado-mundial-jean-paul-decorps\/\" aria-label=\"Read more about Cuatro notarias puertorrique\u00f1as representar\u00e1n al pa\u00eds en la Universidad del Notariado Mundial \u201cJean-Paul Decorps\u201d\" tabindex=\"-1\" >\n\t\t\tLeer m\u00e1s \u00bb\t\t<\/a>\n\n\t\t\t\t<\/div>\n\t\t\t\t\t<\/div>\n\t\t<\/article>\n\t\t\t\t<article class=\"elementor-post elementor-grid-item post-34725 post type-post status-publish format-standard has-post-thumbnail hentry category-noticias\" role=\"listitem\">\n\t\t\t<div class=\"elementor-post__card\">\n\t\t\t\t<a class=\"elementor-post__thumbnail__link\" href=\"https:\/\/anexollc.com\/notarios\/conmemoracion-del-dia-internacional-de-la-mujer-con-webinario-de-la-union-internacional-del-notariado\/\" tabindex=\"-1\" ><div class=\"elementor-post__thumbnail\"><img decoding=\"async\" width=\"300\" height=\"225\" src=\"https:\/\/anexollc.com\/notarios\/wp-content\/uploads\/2026\/03\/Screenshot-webinario-1024x768-1-300x225.jpg\" class=\"attachment-medium size-medium wp-image-34727\" alt=\"\" srcset=\"https:\/\/anexollc.com\/notarios\/wp-content\/uploads\/2026\/03\/Screenshot-webinario-1024x768-1-300x225.jpg 300w, https:\/\/anexollc.com\/notarios\/wp-content\/uploads\/2026\/03\/Screenshot-webinario-1024x768-1-768x576.jpg 768w, https:\/\/anexollc.com\/notarios\/wp-content\/uploads\/2026\/03\/Screenshot-webinario-1024x768-1.jpg 1024w\" sizes=\"(max-width: 300px) 100vw, 300px\" \/><\/div><\/a>\n\t\t\t\t<div class=\"elementor-post__text\">\n\t\t\t\t<h3 class=\"elementor-post__title\">\n\t\t\t<a href=\"https:\/\/anexollc.com\/notarios\/conmemoracion-del-dia-internacional-de-la-mujer-con-webinario-de-la-union-internacional-del-notariado\/\" >\n\t\t\t\tConmemoraci\u00f3n del D\u00eda Internacional de la Mujer con webinario de la Uni\u00f3n Internacional del Notariado\t\t\t<\/a>\n\t\t<\/h3>\n\t\t\t\t<div class=\"elementor-post__excerpt\">\n\t\t\t<p>[vc_row][vc_column][vc_column_text]El pasado\u00a09 de marzo de 2026, se conmemor\u00f3 el\u00a0D\u00eda Internacional de la Mujer\u00a0mediante la realizaci\u00f3n de un webinario convocado por la\u00a0Uni\u00f3n Internacional del Notariado\u00a0(UINL), bajo<\/p>\n\t\t<\/div>\n\t\t\n\t\t<a class=\"elementor-post__read-more\" href=\"https:\/\/anexollc.com\/notarios\/conmemoracion-del-dia-internacional-de-la-mujer-con-webinario-de-la-union-internacional-del-notariado\/\" aria-label=\"Read more about Conmemoraci\u00f3n del D\u00eda Internacional de la Mujer con webinario de la Uni\u00f3n Internacional del Notariado\" tabindex=\"-1\" >\n\t\t\tLeer m\u00e1s \u00bb\t\t<\/a>\n\n\t\t\t\t<\/div>\n\t\t\t\t\t<\/div>\n\t\t<\/article>\n\t\t\t\t<article class=\"elementor-post elementor-grid-item post-34722 post type-post status-publish format-standard has-post-thumbnail hentry category-noticias\" role=\"listitem\">\n\t\t\t<div class=\"elementor-post__card\">\n\t\t\t\t<a class=\"elementor-post__thumbnail__link\" href=\"https:\/\/anexollc.com\/notarios\/encuentro-de-celebracion-y-networking-tras-la-revalida-notarial\/\" tabindex=\"-1\" ><div class=\"elementor-post__thumbnail\"><img loading=\"lazy\" decoding=\"async\" width=\"300\" height=\"225\" src=\"https:\/\/anexollc.com\/notarios\/wp-content\/uploads\/2026\/03\/IMG_1477-300x225.jpg\" class=\"attachment-medium size-medium wp-image-34723\" alt=\"\" srcset=\"https:\/\/anexollc.com\/notarios\/wp-content\/uploads\/2026\/03\/IMG_1477-300x225.jpg 300w, https:\/\/anexollc.com\/notarios\/wp-content\/uploads\/2026\/03\/IMG_1477-768x576.jpg 768w, https:\/\/anexollc.com\/notarios\/wp-content\/uploads\/2026\/03\/IMG_1477.jpg 1024w\" sizes=\"(max-width: 300px) 100vw, 300px\" \/><\/div><\/a>\n\t\t\t\t<div class=\"elementor-post__text\">\n\t\t\t\t<h3 class=\"elementor-post__title\">\n\t\t\t<a href=\"https:\/\/anexollc.com\/notarios\/encuentro-de-celebracion-y-networking-tras-la-revalida-notarial\/\" >\n\t\t\t\tEncuentro de celebraci\u00f3n y networking tras la Rev\u00e1lida Notarial\t\t\t<\/a>\n\t\t<\/h3>\n\t\t\t\t<div class=\"elementor-post__excerpt\">\n\t\t\t<p>[vc_row][vc_column][vc_column_text]El pasado 12 de marzo de 2026, el Colegio Notarial de Puerto Rico celebr\u00f3 un Happy Hour Post Rev\u00e1lida, un espacio de encuentro dirigido a<\/p>\n\t\t<\/div>\n\t\t\n\t\t<a class=\"elementor-post__read-more\" href=\"https:\/\/anexollc.com\/notarios\/encuentro-de-celebracion-y-networking-tras-la-revalida-notarial\/\" aria-label=\"Read more about Encuentro de celebraci\u00f3n y networking tras la Rev\u00e1lida Notarial\" tabindex=\"-1\" >\n\t\t\tLeer m\u00e1s \u00bb\t\t<\/a>\n\n\t\t\t\t<\/div>\n\t\t\t\t\t<\/div>\n\t\t<\/article>\n\t\t\t\t<article class=\"elementor-post elementor-grid-item post-34717 post type-post status-publish format-standard has-post-thumbnail hentry category-noticias\" role=\"listitem\">\n\t\t\t<div class=\"elementor-post__card\">\n\t\t\t\t<a class=\"elementor-post__thumbnail__link\" href=\"https:\/\/anexollc.com\/notarios\/primera-reunion-del-consejo-de-direccion-2026-2028-de-la-uinl-y-traspaso-de-poderes-en-ciudad-de-mexico\/\" tabindex=\"-1\" ><div class=\"elementor-post__thumbnail\"><img loading=\"lazy\" decoding=\"async\" width=\"300\" height=\"200\" src=\"https:\/\/anexollc.com\/notarios\/wp-content\/uploads\/2026\/03\/CD-2026-2028-1024x682-1-300x200.jpg\" class=\"attachment-medium size-medium wp-image-34718\" alt=\"\" srcset=\"https:\/\/anexollc.com\/notarios\/wp-content\/uploads\/2026\/03\/CD-2026-2028-1024x682-1-300x200.jpg 300w, https:\/\/anexollc.com\/notarios\/wp-content\/uploads\/2026\/03\/CD-2026-2028-1024x682-1-768x512.jpg 768w, https:\/\/anexollc.com\/notarios\/wp-content\/uploads\/2026\/03\/CD-2026-2028-1024x682-1.jpg 1024w\" sizes=\"(max-width: 300px) 100vw, 300px\" \/><\/div><\/a>\n\t\t\t\t<div class=\"elementor-post__text\">\n\t\t\t\t<h3 class=\"elementor-post__title\">\n\t\t\t<a href=\"https:\/\/anexollc.com\/notarios\/primera-reunion-del-consejo-de-direccion-2026-2028-de-la-uinl-y-traspaso-de-poderes-en-ciudad-de-mexico\/\" >\n\t\t\t\tPrimera reuni\u00f3n del Consejo de Direcci\u00f3n 2026\u20112028 de la UINL y traspaso de poderes en Ciudad de M\u00e9xico\t\t\t<\/a>\n\t\t<\/h3>\n\t\t\t\t<div class=\"elementor-post__excerpt\">\n\t\t\t<p>[vc_row][vc_column][vc_column_text]El viernes 27 de febrero de 2026, en Ciudad de M\u00e9xico, tuvo lugar el primer Consejo de Direcci\u00f3n de la legislatura 2026\u20112028 de la UINL,<\/p>\n\t\t<\/div>\n\t\t\n\t\t<a class=\"elementor-post__read-more\" href=\"https:\/\/anexollc.com\/notarios\/primera-reunion-del-consejo-de-direccion-2026-2028-de-la-uinl-y-traspaso-de-poderes-en-ciudad-de-mexico\/\" aria-label=\"Read more about Primera reuni\u00f3n del Consejo de Direcci\u00f3n 2026\u20112028 de la UINL y traspaso de poderes en Ciudad de M\u00e9xico\" tabindex=\"-1\" >\n\t\t\tLeer m\u00e1s \u00bb\t\t<\/a>\n\n\t\t\t\t<\/div>\n\t\t\t\t\t<\/div>\n\t\t<\/article>\n\t\t\t\t<article class=\"elementor-post elementor-grid-item post-34710 post type-post status-publish format-standard has-post-thumbnail hentry category-noticias\" role=\"listitem\">\n\t\t\t<div class=\"elementor-post__card\">\n\t\t\t\t<a class=\"elementor-post__thumbnail__link\" href=\"https:\/\/anexollc.com\/notarios\/el-colegio-notarial-dice-presente-en-juramentacion-protocolar\/\" tabindex=\"-1\" ><div class=\"elementor-post__thumbnail\"><img loading=\"lazy\" decoding=\"async\" width=\"300\" height=\"160\" src=\"https:\/\/anexollc.com\/notarios\/wp-content\/uploads\/2026\/03\/632245929_18092401799287100_8697353200135289345_n-300x160.jpg\" class=\"attachment-medium size-medium wp-image-34713\" alt=\"\" srcset=\"https:\/\/anexollc.com\/notarios\/wp-content\/uploads\/2026\/03\/632245929_18092401799287100_8697353200135289345_n-300x160.jpg 300w, https:\/\/anexollc.com\/notarios\/wp-content\/uploads\/2026\/03\/632245929_18092401799287100_8697353200135289345_n.jpg 589w\" sizes=\"(max-width: 300px) 100vw, 300px\" \/><\/div><\/a>\n\t\t\t\t<div class=\"elementor-post__text\">\n\t\t\t\t<h3 class=\"elementor-post__title\">\n\t\t\t<a href=\"https:\/\/anexollc.com\/notarios\/el-colegio-notarial-dice-presente-en-juramentacion-protocolar\/\" >\n\t\t\t\tEl Colegio Notarial dice presente en Juramentaci\u00f3n Protocolar\t\t\t<\/a>\n\t\t<\/h3>\n\t\t\t\t<div class=\"elementor-post__excerpt\">\n\t\t\t<p>[vc_row][vc_column][vc_column_text]El mi\u00e9rcoles, 11 de febrero de 2026, se llev\u00f3 a cabo la Juramentaci\u00f3n Protocolar de nuevos notarios y notarias, un acto solemne que marca el<\/p>\n\t\t<\/div>\n\t\t\n\t\t<a class=\"elementor-post__read-more\" href=\"https:\/\/anexollc.com\/notarios\/el-colegio-notarial-dice-presente-en-juramentacion-protocolar\/\" aria-label=\"Read more about El Colegio Notarial dice presente en Juramentaci\u00f3n Protocolar\" tabindex=\"-1\" >\n\t\t\tLeer m\u00e1s \u00bb\t\t<\/a>\n\n\t\t\t\t<\/div>\n\t\t\t\t\t<\/div>\n\t\t<\/article>\n\t\t\t\t<\/div>\n\t\t\n\t\t\t\t\t\t<\/div>\n\t\t\t\t<\/div>\n\t\t\t\t\t<\/div>\n\t\t\t\t<\/div>\n\t\t<div class=\"elementor-element elementor-element-79f564e e-flex e-con-boxed e-con e-parent\" data-id=\"79f564e\" data-element_type=\"container\" data-e-type=\"container\" data-settings=\"{&quot;background_background&quot;:&quot;classic&quot;}\">\n\t\t\t\t\t<div class=\"e-con-inner\">\n\t\t<div class=\"elementor-element elementor-element-6cf65d3 e-con-full e-flex e-con e-child\" data-id=\"6cf65d3\" data-element_type=\"container\" data-e-type=\"container\" data-settings=\"{&quot;background_background&quot;:&quot;classic&quot;}\">\n\t\t<div class=\"elementor-element elementor-element-e677252 e-con-full e-flex e-con e-child\" data-id=\"e677252\" data-element_type=\"container\" data-e-type=\"container\">\n\t\t\t\t<div class=\"elementor-element elementor-element-b95064c elementor-widget elementor-widget-heading\" data-id=\"b95064c\" data-element_type=\"widget\" data-e-type=\"widget\" data-widget_type=\"heading.default\">\n\t\t\t\t\t<h2 class=\"elementor-heading-title elementor-size-default\">Mensaje del Presidente<\/h2>\t\t\t\t<\/div>\n\t\t\t\t<div class=\"elementor-element elementor-element-271194b elementor-widget elementor-widget-text-editor\" data-id=\"271194b\" data-element_type=\"widget\" data-e-type=\"widget\" data-widget_type=\"text-editor.default\">\n\t\t\t\t\t\t\t\t\t<p data-start=\"189\" data-end=\"506\">En el Colegio Notarial de Puerto Rico reafirmamos nuestro compromiso con la integridad, la excelencia profesional y la protecci\u00f3n de la fe p\u00fablica, fortaleciendo cada d\u00eda la funci\u00f3n notarial en beneficio de nuestra sociedad.<\/p>\t\t\t\t\t\t\t\t<\/div>\n\t\t\t\t<div class=\"elementor-element elementor-element-6b4253c elementor-widget elementor-widget-text-editor\" data-id=\"6b4253c\" data-element_type=\"widget\" data-e-type=\"widget\" data-widget_type=\"text-editor.default\">\n\t\t\t\t\t\t\t\t\t<p><strong>Not. Ismael Garc\u00eda Ortega<\/strong><br \/>Presidente<\/p>\t\t\t\t\t\t\t\t<\/div>\n\t\t\t\t<\/div>\n\t\t<div class=\"elementor-element elementor-element-3e2a8fe e-con-full e-flex e-con e-child\" data-id=\"3e2a8fe\" data-element_type=\"container\" data-e-type=\"container\">\n\t\t\t\t<div class=\"elementor-element elementor-element-a1637be elementor-widget__width-auto elementor-widget elementor-widget-image\" data-id=\"a1637be\" data-element_type=\"widget\" data-e-type=\"widget\" data-widget_type=\"image.default\">\n\t\t\t\t\t\t\t\t\t\t\t\t\t\t\t<img loading=\"lazy\" decoding=\"async\" width=\"627\" height=\"642\" src=\"https:\/\/anexollc.com\/notarios\/wp-content\/uploads\/2026\/03\/ismael.png\" class=\"attachment-full size-full wp-image-1317\" alt=\"\" srcset=\"https:\/\/anexollc.com\/notarios\/wp-content\/uploads\/2026\/03\/ismael.png 627w, https:\/\/anexollc.com\/notarios\/wp-content\/uploads\/2026\/03\/ismael-293x300.png 293w\" sizes=\"(max-width: 627px) 100vw, 627px\" \/>\t\t\t\t\t\t\t\t\t\t\t\t\t\t\t<\/div>\n\t\t\t\t<\/div>\n\t\t\t\t<\/div>\n\t\t\t\t\t<\/div>\n\t\t\t\t<\/div>\n\t\t\t\t<\/div>\n\t\t","protected":false},"excerpt":{"rendered":"<p>COLEGIO NOTARIAL DE PUERTO RICO Noticias Mensaje del Presidente En el Colegio Notarial de Puerto Rico reafirmamos nuestro compromiso con la integridad, la excelencia profesional y la protecci\u00f3n de la fe p\u00fablica, fortaleciendo cada d\u00eda la funci\u00f3n notarial en beneficio de nuestra sociedad. Not. Ismael Garc\u00eda OrtegaPresidente<\/p>\n","protected":false},"author":1,"featured_media":0,"parent":0,"menu_order":0,"comment_status":"closed","ping_status":"closed","template":"elementor_header_footer","meta":{"footnotes":""},"class_list":["post-34769","page","type-page","status-publish","hentry"],"_hostinger_reach_plugin_has_subscription_block":false,"_hostinger_reach_plugin_is_elementor":false,"_links":{"self":[{"href":"https:\/\/anexollc.com\/notarios\/wp-json\/wp\/v2\/pages\/34769","targetHints":{"allow":["GET"]}}],"collection":[{"href":"https:\/\/anexollc.com\/notarios\/wp-json\/wp\/v2\/pages"}],"about":[{"href":"https:\/\/anexollc.com\/notarios\/wp-json\/wp\/v2\/types\/page"}],"author":[{"embeddable":true,"href":"https:\/\/anexollc.com\/notarios\/wp-json\/wp\/v2\/users\/1"}],"replies":[{"embeddable":true,"href":"https:\/\/anexollc.com\/notarios\/wp-json\/wp\/v2\/comments?post=34769"}],"version-history":[{"count":16,"href":"https:\/\/anexollc.com\/notarios\/wp-json\/wp\/v2\/pages\/34769\/revisions"}],"predecessor-version":[{"id":35120,"href":"https:\/\/anexollc.com\/notarios\/wp-json\/wp\/v2\/pages\/34769\/revisions\/35120"}],"wp:attachment":[{"href":"https:\/\/anexollc.com\/notarios\/wp-json\/wp\/v2\/media?parent=34769"}],"curies":[{"name":"wp","href":"https:\/\/api.w.org\/{rel}","templated":true}]}}