{"id":1509,"date":"2026-03-24T14:38:51","date_gmt":"2026-03-24T14:38:51","guid":{"rendered":"https:\/\/anexollc.com\/notarios\/?page_id=1509"},"modified":"2026-04-13T17:37:03","modified_gmt":"2026-04-13T17:37:03","slug":"carrito","status":"publish","type":"page","link":"https:\/\/anexollc.com\/notarios\/carrito\/","title":{"rendered":"Carrito"},"content":{"rendered":"\t\t<div data-elementor-type=\"wp-page\" data-elementor-id=\"1509\" class=\"elementor elementor-1509\" data-elementor-post-type=\"page\">\n\t\t\t\t<div class=\"elementor-element elementor-element-e1cc2c7 e-con-full e-flex e-con e-parent\" data-id=\"e1cc2c7\" data-element_type=\"container\" data-e-type=\"container\" data-settings=\"{&quot;background_background&quot;:&quot;gradient&quot;}\">\n\t\t<div class=\"elementor-element elementor-element-8def439 e-flex e-con-boxed e-con e-child\" data-id=\"8def439\" data-element_type=\"container\" data-e-type=\"container\">\n\t\t\t\t\t<div class=\"e-con-inner\">\n\t\t\t\t<div class=\"elementor-element elementor-element-4d6464b elementor-widget elementor-widget-html\" data-id=\"4d6464b\" data-element_type=\"widget\" data-e-type=\"widget\" data-widget_type=\"html.default\">\n\t\t\t\t\t<div style=\"display:inline-block;background:rgba(212,181,107,0.15);border:1px solid rgba(212,181,107,0.40);border-radius:999px;padding:7px 24px;margin-bottom:22px;\"><span style=\"color:#D4B56B;font-size:13px;font-weight:700;letter-spacing:1.8px;text-transform:uppercase;\"><center>COLEGIO NOTARIAL DE PUERTO RICO<\/center><\/span><\/div>\t\t\t\t<\/div>\n\t\t\t\t<div class=\"elementor-element elementor-element-3bd8bd0 elementor-widget elementor-widget-heading\" data-id=\"3bd8bd0\" data-element_type=\"widget\" data-e-type=\"widget\" data-widget_type=\"heading.default\">\n\t\t\t\t\t<h1 class=\"elementor-heading-title elementor-size-default\">Carrito<\/h1>\t\t\t\t<\/div>\n\t\t\t\t\t<\/div>\n\t\t\t\t<\/div>\n\t\t\t\t<\/div>\n\t\t<div class=\"elementor-element elementor-element-6aeaa8a e-con-full e-flex e-con e-parent\" data-id=\"6aeaa8a\" data-element_type=\"container\" data-e-type=\"container\" data-settings=\"{&quot;background_background&quot;:&quot;gradient&quot;}\">\n\t\t\t\t<div class=\"elementor-element elementor-element-6d85f5a elementor-widget elementor-widget-html\" data-id=\"6d85f5a\" data-element_type=\"widget\" data-e-type=\"widget\" data-widget_type=\"html.default\">\n\t\t\t\t\t<script type=\"module\">\r\nimport * as Unify from \"https:\/\/unify.centrixpr.com\/common\/unify\/unify.js\";\r\nvar api = new Unify.Api('cb0135d1-f5c2-2eac-085b-9d695ebd48d9','production' );\r\napi.initWebsite('1403f7fc-002c-066d-1502-e41862513115');\r\n<\/script>\t\t\t\t<\/div>\n\t\t\t\t<\/div>\n\t\t<div class=\"elementor-element elementor-element-79f564e e-flex e-con-boxed e-con e-parent\" data-id=\"79f564e\" data-element_type=\"container\" data-e-type=\"container\" data-settings=\"{&quot;background_background&quot;:&quot;classic&quot;}\">\n\t\t\t\t\t<div class=\"e-con-inner\">\n\t\t<div class=\"elementor-element elementor-element-6cf65d3 e-con-full e-flex e-con e-child\" data-id=\"6cf65d3\" data-element_type=\"container\" data-e-type=\"container\" data-settings=\"{&quot;background_background&quot;:&quot;classic&quot;}\">\n\t\t<div class=\"elementor-element elementor-element-e677252 e-con-full e-flex e-con e-child\" data-id=\"e677252\" data-element_type=\"container\" data-e-type=\"container\">\n\t\t\t\t<div class=\"elementor-element elementor-element-b95064c elementor-widget elementor-widget-heading\" data-id=\"b95064c\" data-element_type=\"widget\" data-e-type=\"widget\" data-widget_type=\"heading.default\">\n\t\t\t\t\t<h2 class=\"elementor-heading-title elementor-size-default\">Mensaje del Presidente<\/h2>\t\t\t\t<\/div>\n\t\t\t\t<div class=\"elementor-element elementor-element-271194b elementor-widget elementor-widget-text-editor\" data-id=\"271194b\" data-element_type=\"widget\" data-e-type=\"widget\" data-widget_type=\"text-editor.default\">\n\t\t\t\t\t\t\t\t\t<p data-start=\"189\" data-end=\"506\">En el Colegio Notarial de Puerto Rico reafirmamos nuestro compromiso con la integridad, la excelencia profesional y la protecci\u00f3n de la fe p\u00fablica, fortaleciendo cada d\u00eda la funci\u00f3n notarial en beneficio de nuestra sociedad.<\/p>\t\t\t\t\t\t\t\t<\/div>\n\t\t\t\t<div class=\"elementor-element elementor-element-6b4253c elementor-widget elementor-widget-text-editor\" data-id=\"6b4253c\" data-element_type=\"widget\" data-e-type=\"widget\" data-widget_type=\"text-editor.default\">\n\t\t\t\t\t\t\t\t\t<p><strong>Not. Ismael Garc\u00eda Ortega<\/strong><br \/>Presidente<\/p>\t\t\t\t\t\t\t\t<\/div>\n\t\t\t\t<\/div>\n\t\t<div class=\"elementor-element elementor-element-3e2a8fe e-con-full e-flex e-con e-child\" data-id=\"3e2a8fe\" data-element_type=\"container\" data-e-type=\"container\">\n\t\t\t\t<div class=\"elementor-element elementor-element-a1637be elementor-widget__width-auto elementor-widget elementor-widget-image\" data-id=\"a1637be\" data-element_type=\"widget\" data-e-type=\"widget\" data-widget_type=\"image.default\">\n\t\t\t\t\t\t\t\t\t\t\t\t\t\t\t<img fetchpriority=\"high\" decoding=\"async\" width=\"627\" height=\"642\" src=\"https:\/\/anexollc.com\/notarios\/wp-content\/uploads\/2026\/03\/ismael.png\" class=\"attachment-full size-full wp-image-1317\" alt=\"\" srcset=\"https:\/\/anexollc.com\/notarios\/wp-content\/uploads\/2026\/03\/ismael.png 627w, https:\/\/anexollc.com\/notarios\/wp-content\/uploads\/2026\/03\/ismael-293x300.png 293w\" sizes=\"(max-width: 627px) 100vw, 627px\" \/>\t\t\t\t\t\t\t\t\t\t\t\t\t\t\t<\/div>\n\t\t\t\t<\/div>\n\t\t\t\t<\/div>\n\t\t\t\t\t<\/div>\n\t\t\t\t<\/div>\n\t\t\t\t<\/div>\n\t\t","protected":false},"excerpt":{"rendered":"<p>COLEGIO NOTARIAL DE PUERTO RICO Carrito Mensaje del Presidente En el Colegio Notarial de Puerto Rico reafirmamos nuestro compromiso con la integridad, la excelencia profesional y la protecci\u00f3n de la fe p\u00fablica, fortaleciendo cada d\u00eda la funci\u00f3n notarial en beneficio de nuestra sociedad. Not. Ismael Garc\u00eda OrtegaPresidente<\/p>\n","protected":false},"author":1,"featured_media":0,"parent":0,"menu_order":0,"comment_status":"closed","ping_status":"closed","template":"elementor_header_footer","meta":{"footnotes":""},"class_list":["post-1509","page","type-page","status-publish","hentry"],"_hostinger_reach_plugin_has_subscription_block":false,"_hostinger_reach_plugin_is_elementor":false,"_links":{"self":[{"href":"https:\/\/anexollc.com\/notarios\/wp-json\/wp\/v2\/pages\/1509","targetHints":{"allow":["GET"]}}],"collection":[{"href":"https:\/\/anexollc.com\/notarios\/wp-json\/wp\/v2\/pages"}],"about":[{"href":"https:\/\/anexollc.com\/notarios\/wp-json\/wp\/v2\/types\/page"}],"author":[{"embeddable":true,"href":"https:\/\/anexollc.com\/notarios\/wp-json\/wp\/v2\/users\/1"}],"replies":[{"embeddable":true,"href":"https:\/\/anexollc.com\/notarios\/wp-json\/wp\/v2\/comments?post=1509"}],"version-history":[{"count":7,"href":"https:\/\/anexollc.com\/notarios\/wp-json\/wp\/v2\/pages\/1509\/revisions"}],"predecessor-version":[{"id":35210,"href":"https:\/\/anexollc.com\/notarios\/wp-json\/wp\/v2\/pages\/1509\/revisions\/35210"}],"wp:attachment":[{"href":"https:\/\/anexollc.com\/notarios\/wp-json\/wp\/v2\/media?parent=1509"}],"curies":[{"name":"wp","href":"https:\/\/api.w.org\/{rel}","templated":true}]}}