{"id":1354,"date":"2026-03-20T18:16:19","date_gmt":"2026-03-20T18:16:19","guid":{"rendered":"https:\/\/anexollc.com\/notarios\/?page_id=1354"},"modified":"2026-04-13T14:43:44","modified_gmt":"2026-04-13T14:43:44","slug":"notarios-por-puerto-rico","status":"publish","type":"page","link":"https:\/\/anexollc.com\/notarios\/notarios-por-puerto-rico\/","title":{"rendered":"Notarios por Puerto Rico"},"content":{"rendered":"\t\t<div data-elementor-type=\"wp-page\" data-elementor-id=\"1354\" class=\"elementor elementor-1354\" data-elementor-post-type=\"page\">\n\t\t\t\t<div class=\"elementor-element elementor-element-f72b50f e-flex e-con-boxed e-con e-parent\" data-id=\"f72b50f\" data-element_type=\"container\" data-e-type=\"container\">\n\t\t\t\t\t<div class=\"e-con-inner\">\n\t\t\t\t<div class=\"elementor-element elementor-element-761fc92 elementor-widget elementor-widget-html\" data-id=\"761fc92\" data-element_type=\"widget\" data-e-type=\"widget\" data-widget_type=\"html.default\">\n\t\t\t\t\t<style>\r\n\r\n\r\n\r\n:root {\r\n  --cnpr-blue:   #0B1F3B;\r\n  --cnpr-blue-2: #123B73;\r\n  --cnpr-gold:   #ba8a18;\r\n  --cnpr-text:   #1e2a36;\r\n  --cnpr-line:   #d9e0ea;\r\n  --cnpr-shadow: 0 10px 30px rgba(11,31,59,.10);\r\n}\r\n\r\n.cnpr-section {\r\n  width: min(1180px, calc(100% - 40px));\r\n  margin: 0 auto;\r\n  padding: 72px 0;\r\n}\r\n.cnpr-section .elementor-heading-title,\r\n.cnpr-section h2 {\r\n  font-size: clamp(32px,4vw,48px);\r\n  line-height: 1.1;\r\n  margin-bottom: 24px;\r\n  color: var(--cnpr-blue);\r\n}\r\n.cnpr-section h3 {\r\n  font-size: 24px;\r\n  line-height: 1.2;\r\n  margin-bottom: 10px;\r\n  color: var(--cnpr-blue);\r\n}\r\n.cnpr-section p { font-size: 18px; line-height: 1.75; color: var(--cnpr-text); }\r\n\r\n.cnpr-hero {\r\n  min-height: 620px;\r\n  display: flex !important;\r\n  align-items: center;\r\n  justify-content: center;\r\n  text-align: center;\r\n  padding: 80px 20px;\r\n  background:\r\n    linear-gradient(rgba(7,25,52,.60), rgba(7,25,52,.60)),\r\n    url(\"https:\/\/images.unsplash.com\/photo-1450101499163-c8848c66ca85?auto=format&fit=crop&w=1600&q=80\")\r\n    center\/cover no-repeat !important;\r\n}\r\n.cnpr-hero .elementor-heading-title,\r\n.cnpr-hero h1 { color: #fff !important; font-size: clamp(40px,6vw,74px); line-height: 1.05; }\r\n.cnpr-hero .elementor-widget-text-editor p { color: rgba(255,255,255,.92) !important; font-size: 22px; max-width: 820px; margin: 0 auto 28px; }\r\n.cnpr-hero .elementor-button {\r\n  background: linear-gradient(135deg, var(--cnpr-gold), #c9a050) !important;\r\n  color: #fff !important;\r\n  border-radius: 999px;\r\n  padding: 16px 30px;\r\n  font-weight: 700;\r\n}\r\n\r\n.cnpr-about {\r\n  display: grid !important;\r\n  grid-template-columns: 1.05fr 1.2fr;\r\n  gap: 42px;\r\n  align-items: center;\r\n}\r\n.cnpr-about__media img { width: 100%; border-radius: 22px; box-shadow: var(--cnpr-shadow); display: block; }\r\n\r\n.cnpr-timeline { position: relative; padding-left: 34px; border-left: 2px solid var(--cnpr-line); margin-top: 30px; }\r\n.cnpr-timeline__item { position: relative; padding: 0 0 34px 18px; }\r\n.cnpr-timeline__item:last-child { padding-bottom: 0; }\r\n.cnpr-timeline__item::before {\r\n  content: \"\";\r\n  position: absolute;\r\n  left: -44px; top: 8px;\r\n  width: 18px; height: 18px;\r\n  border-radius: 50%;\r\n  background: var(--cnpr-gold);\r\n  border: 4px solid #fff;\r\n  box-shadow: 0 0 0 2px var(--cnpr-blue);\r\n}\r\n\r\n.cnpr-mv__grid { display: grid !important; grid-template-columns: 1fr 1fr; gap: 26px; margin-top: 24px; }\r\n.cnpr-card { padding: 34px; border-radius: 24px; box-shadow: var(--cnpr-shadow); }\r\n.cnpr-card--blue {\r\n  background: linear-gradient(135deg, var(--cnpr-blue), var(--cnpr-blue-2)) !important;\r\n}\r\n.cnpr-card--blue .elementor-heading-title,\r\n.cnpr-card--blue h3,\r\n.cnpr-card--blue p { color: #fff !important; }\r\n\r\n.cnpr-function__grid { display: grid !important; grid-template-columns: repeat(4,1fr); gap: 22px; margin: 30px 0 34px; }\r\n.cnpr-icon-card {\r\n  background: #fff;\r\n  border: 1px solid #e8edf5;\r\n  border-radius: 22px;\r\n  padding: 28px 22px;\r\n  text-align: center;\r\n  box-shadow: var(--cnpr-shadow);\r\n  transition: transform .25s ease, box-shadow .25s ease;\r\n}\r\n.cnpr-icon-card:hover { transform: translateY(-4px); box-shadow: 0 16px 34px rgba(11,31,59,.14); }\r\n\r\n.cnpr-closing {\r\n  padding: 56px 20px;\r\n  text-align: center;\r\n  background: linear-gradient(135deg, var(--cnpr-blue), #0b2d5a) !important;\r\n}\r\n.cnpr-closing .elementor-heading-title,\r\n.cnpr-closing h2 { color: #fff !important; margin: 0; font-size: clamp(28px,3vw,42px); }\r\n\r\n@media (max-width:1024px) {\r\n  .cnpr-about { grid-template-columns: 1fr !important; }\r\n  .cnpr-function__grid { grid-template-columns: repeat(2,1fr) !important; }\r\n}\r\n@media (max-width:767px) {\r\n  .cnpr-section { padding: 52px 0; }\r\n  .cnpr-mv__grid, .cnpr-function__grid { grid-template-columns: 1fr !important; }\r\n  .cnpr-card { padding: 26px; }\r\n  .cnpr-timeline { padding-left: 24px; }\r\n  .cnpr-timeline__item::before { left: -34px; }\r\n}\r\n<\/style>\r\n\t\t\t\t<\/div>\n\t\t\t\t\t<\/div>\n\t\t\t\t<\/div>\n\t\t<div class=\"elementor-element elementor-element-f4e92b1 e-con-full e-flex e-con e-parent\" data-id=\"f4e92b1\" data-element_type=\"container\" data-e-type=\"container\" data-settings=\"{&quot;background_background&quot;:&quot;gradient&quot;}\">\n\t\t<div class=\"elementor-element elementor-element-55bf653f e-flex e-con-boxed e-con e-child\" data-id=\"55bf653f\" data-element_type=\"container\" data-e-type=\"container\">\n\t\t\t\t\t<div class=\"e-con-inner\">\n\t\t\t\t<div class=\"elementor-element elementor-element-14579c76 elementor-widget elementor-widget-html\" data-id=\"14579c76\" data-element_type=\"widget\" data-e-type=\"widget\" data-widget_type=\"html.default\">\n\t\t\t\t\t<div style=\"display:inline-block;background:rgba(212,181,107,0.15);border:1px solid rgba(212,181,107,0.40);border-radius:999px;padding:7px 24px;margin-bottom:22px;\"><span style=\"color:#D4B56B;font-size:13px;font-weight:700;letter-spacing:1.8px;text-transform:uppercase;\"><center>COLEGIO NOTARIAL DE PUERTO RICO<\/center><\/span><\/div>\t\t\t\t<\/div>\n\t\t\t\t<div class=\"elementor-element elementor-element-6aaff6ec elementor-widget elementor-widget-heading\" data-id=\"6aaff6ec\" data-element_type=\"widget\" data-e-type=\"widget\" data-widget_type=\"heading.default\">\n\t\t\t\t\t<h1 class=\"elementor-heading-title elementor-size-default\">Notarios por Puerto Rico<\/h1>\t\t\t\t<\/div>\n\t\t\t\t<div class=\"elementor-element elementor-element-34989ca5 elementor-widget elementor-widget-text-editor\" data-id=\"34989ca5\" data-element_type=\"widget\" data-e-type=\"widget\" data-widget_type=\"text-editor.default\">\n\t\t\t\t\t\t\t\t\t<p>Organizaci\u00f3n sin fines de lucro que re\u00fane voluntariamente a cerca de 1,200 Notarios y Notarias activos en Puerto Rico.<\/p>\t\t\t\t\t\t\t\t<\/div>\n\t\t\t\t\t<\/div>\n\t\t\t\t<\/div>\n\t\t\t\t<\/div>\n\t\t<div class=\"elementor-element elementor-element-f536a1b e-flex e-con-boxed e-con e-parent\" data-id=\"f536a1b\" data-element_type=\"container\" data-e-type=\"container\" data-settings=\"{&quot;background_background&quot;:&quot;classic&quot;}\">\n\t\t\t\t\t<div class=\"e-con-inner\">\n\t\t<div class=\"elementor-element elementor-element-2f3440f e-grid e-con-full e-con e-child\" data-id=\"2f3440f\" data-element_type=\"container\" data-e-type=\"container\">\n\t\t<div class=\"elementor-element elementor-element-af95baa e-con-full e-flex e-con e-child\" data-id=\"af95baa\" data-element_type=\"container\" data-e-type=\"container\" data-settings=\"{&quot;background_background&quot;:&quot;gradient&quot;}\">\n\t\t\t\t<div class=\"elementor-element elementor-element-d92bb34 elementor-widget elementor-widget-heading\" data-id=\"d92bb34\" data-element_type=\"widget\" data-e-type=\"widget\" data-widget_type=\"heading.default\">\n\t\t\t\t\t<h2 class=\"elementor-heading-title elementor-size-default\">S\u00c9 PARTE DEL CAMBIO Y DEJA TU HUELLA CON CADA CASO QUE ACEPTES.<\/h2>\t\t\t\t<\/div>\n\t\t<div class=\"elementor-element elementor-element-72a16fa e-con-full e-flex e-con e-child\" data-id=\"72a16fa\" data-element_type=\"container\" data-e-type=\"container\">\n\t\t\t\t<div class=\"elementor-element elementor-element-4e99ff2 elementor-view-default elementor-widget elementor-widget-icon\" data-id=\"4e99ff2\" data-element_type=\"widget\" data-e-type=\"widget\" data-widget_type=\"icon.default\">\n\t\t\t\t\t\t\t<div class=\"elementor-icon-wrapper\">\n\t\t\t<div class=\"elementor-icon\">\n\t\t\t<i aria-hidden=\"true\" class=\" ti-line-dotted\"><\/i>\t\t\t<\/div>\n\t\t<\/div>\n\t\t\t\t\t\t<\/div>\n\t\t\t\t<\/div>\n\t\t\t\t<div class=\"elementor-element elementor-element-eafc31d elementor-widget elementor-widget-heading\" data-id=\"eafc31d\" data-element_type=\"widget\" data-e-type=\"widget\" data-widget_type=\"heading.default\">\n\t\t\t\t\t<h2 class=\"elementor-heading-title elementor-size-default\">TRANSFORMA VIDAS CON NOTARIOS POR PUERTO RICO<\/h2>\t\t\t\t<\/div>\n\t\t\t\t<\/div>\n\t\t<div class=\"elementor-element elementor-element-74c11d9 e-con-full e-flex e-con e-child\" data-id=\"74c11d9\" data-element_type=\"container\" data-e-type=\"container\" data-settings=\"{&quot;background_background&quot;:&quot;classic&quot;}\">\n\t\t\t\t<div class=\"elementor-element elementor-element-016cc19 elementor-widget elementor-widget-heading\" data-id=\"016cc19\" data-element_type=\"widget\" data-e-type=\"widget\" data-widget_type=\"heading.default\">\n\t\t\t\t\t<h2 class=\"elementor-heading-title elementor-size-default\">\u00bfQui\u00e9nes Somos?<\/h2>\t\t\t\t<\/div>\n\t\t\t\t<div class=\"elementor-element elementor-element-44b8f09 elementor-widget elementor-widget-text-editor\" data-id=\"44b8f09\" data-element_type=\"widget\" data-e-type=\"widget\" data-widget_type=\"text-editor.default\">\n\t\t\t\t\t\t\t\t\t<p>El Colegio Notarial de Puerto Rico (CNPR) es una organizaci\u00f3n sin fines de lucro que re\u00fane voluntariamente a cerca de 1,200 Notarios y Notarias activos en Puerto Rico. Conscientes de la falta de acceso a servicios notariales para personas de escasos recursos, hemos creado el programa Notarios por Puerto Rico, cuyo objetivo central es brindar orientaci\u00f3n y asistencia notarial gratuita a quienes enfrentan limitaciones econ\u00f3micas, garantizando as\u00ed la igualdad en el acceso a servicios legales esenciales.<\/p><p>Participar en\u00a0Notarios por Puerto Rico\u00a0es una oportunidad para que nuestros profesionales del notariado cumplan con las horas pro bono requeridas por el Reglamento de Abogados y Abogadas de Oficio del Tribunal Supremo, poniendo su conocimiento al servicio de una causa noble y solidaria.<\/p><p><strong>Cada caso que aceptas marca una verdadera diferencia. \u00danete y utiliza tu experiencia profesional para generar un impacto significativo en la vida de quienes m\u00e1s necesitan apoyo. Al hacerlo, estar\u00e1s construyendo un Puerto Rico m\u00e1s justo, equitativo y solidario.<\/strong><\/p>\t\t\t\t\t\t\t\t<\/div>\n\t\t\t\t<\/div>\n\t\t\t\t<\/div>\n\t\t\t\t\t<\/div>\n\t\t\t\t<\/div>\n\t\t<div class=\"elementor-element elementor-element-a41265d e-flex e-con-boxed e-con e-parent\" data-id=\"a41265d\" data-element_type=\"container\" data-e-type=\"container\" data-settings=\"{&quot;background_background&quot;:&quot;gradient&quot;}\">\n\t\t\t\t\t<div class=\"e-con-inner\">\n\t\t\t\t<div class=\"elementor-element elementor-element-99ee75b elementor-widget__width-initial elementor-view-default elementor-position-block-start elementor-mobile-position-block-start elementor-widget elementor-widget-icon-box\" data-id=\"99ee75b\" data-element_type=\"widget\" data-e-type=\"widget\" data-widget_type=\"icon-box.default\">\n\t\t\t\t\t\t\t<div class=\"elementor-icon-box-wrapper\">\n\n\t\t\t\t\t\t<div class=\"elementor-icon-box-icon\">\n\t\t\t\t<span  class=\"elementor-icon\">\n\t\t\t\t<i aria-hidden=\"true\" class=\" ti-arrow-top-right\"><\/i>\t\t\t\t<\/span>\n\t\t\t<\/div>\n\t\t\t\n\t\t\t\t\t\t<div class=\"elementor-icon-box-content\">\n\n\t\t\t\t\t\t\t\t\t<h3 class=\"elementor-icon-box-title\">\n\t\t\t\t\t\t<span  >\n\t\t\t\t\t\t\tCRECE\t\t\t\t\t\t<\/span>\n\t\t\t\t\t<\/h3>\n\t\t\t\t\n\t\t\t\t\t\t\t\t\t<p class=\"elementor-icon-box-description\">\n\t\t\t\t\t\tFortalece tu experiencia y crece profesionalmente.\t\t\t\t\t<\/p>\n\t\t\t\t\n\t\t\t<\/div>\n\t\t\t\n\t\t<\/div>\n\t\t\t\t\t\t<\/div>\n\t\t\t\t<div class=\"elementor-element elementor-element-240e00b elementor-widget__width-initial elementor-view-default elementor-position-block-start elementor-mobile-position-block-start elementor-widget elementor-widget-icon-box\" data-id=\"240e00b\" data-element_type=\"widget\" data-e-type=\"widget\" data-widget_type=\"icon-box.default\">\n\t\t\t\t\t\t\t<div class=\"elementor-icon-box-wrapper\">\n\n\t\t\t\t\t\t<div class=\"elementor-icon-box-icon\">\n\t\t\t\t<span  class=\"elementor-icon\">\n\t\t\t\t<i aria-hidden=\"true\" class=\"lnr lnr-heart\"><\/i>\t\t\t\t<\/span>\n\t\t\t<\/div>\n\t\t\t\n\t\t\t\t\t\t<div class=\"elementor-icon-box-content\">\n\n\t\t\t\t\t\t\t\t\t<h3 class=\"elementor-icon-box-title\">\n\t\t\t\t\t\t<span  >\n\t\t\t\t\t\t\tSATISFACCI\u00d3N\t\t\t\t\t\t<\/span>\n\t\t\t\t\t<\/h3>\n\t\t\t\t\n\t\t\t\t\t\t\t\t\t<p class=\"elementor-icon-box-description\">\n\t\t\t\t\t\tDisfruta la satisfacci\u00f3n de servir con prop\u00f3sito.\t\t\t\t\t<\/p>\n\t\t\t\t\n\t\t\t<\/div>\n\t\t\t\n\t\t<\/div>\n\t\t\t\t\t\t<\/div>\n\t\t\t\t<div class=\"elementor-element elementor-element-a232e0d elementor-widget__width-initial elementor-view-default elementor-position-block-start elementor-mobile-position-block-start elementor-widget elementor-widget-icon-box\" data-id=\"a232e0d\" data-element_type=\"widget\" data-e-type=\"widget\" data-widget_type=\"icon-box.default\">\n\t\t\t\t\t\t\t<div class=\"elementor-icon-box-wrapper\">\n\n\t\t\t\t\t\t<div class=\"elementor-icon-box-icon\">\n\t\t\t\t<span  class=\"elementor-icon\">\n\t\t\t\t<i aria-hidden=\"true\" class=\"icofont icofont-light-bulb\"><\/i>\t\t\t\t<\/span>\n\t\t\t<\/div>\n\t\t\t\n\t\t\t\t\t\t<div class=\"elementor-icon-box-content\">\n\n\t\t\t\t\t\t\t\t\t<h3 class=\"elementor-icon-box-title\">\n\t\t\t\t\t\t<span  >\n\t\t\t\t\t\t\tSOLUCIONES\t\t\t\t\t\t<\/span>\n\t\t\t\t\t<\/h3>\n\t\t\t\t\n\t\t\t\t\t\t\t\t\t<p class=\"elementor-icon-box-description\">\n\t\t\t\t\t\tBrinda soluciones a personas<br \/>que requieren asistencia notarial.\t\t\t\t\t<\/p>\n\t\t\t\t\n\t\t\t<\/div>\n\t\t\t\n\t\t<\/div>\n\t\t\t\t\t\t<\/div>\n\t\t\t\t\t<\/div>\n\t\t\t\t<\/div>\n\t\t<div class=\"elementor-element elementor-element-677bb32 e-flex e-con-boxed e-con e-parent\" data-id=\"677bb32\" data-element_type=\"container\" data-e-type=\"container\" data-settings=\"{&quot;background_background&quot;:&quot;gradient&quot;}\">\n\t\t\t\t\t<div class=\"e-con-inner\">\n\t\t<div class=\"elementor-element elementor-element-35edfa2 e-con-full e-flex e-con e-child\" data-id=\"35edfa2\" data-element_type=\"container\" data-e-type=\"container\" data-settings=\"{&quot;background_background&quot;:&quot;classic&quot;}\">\n\t\t\t\t<div class=\"elementor-element elementor-element-40dcb36 elementor-view-default elementor-position-block-start elementor-mobile-position-block-start elementor-widget elementor-widget-icon-box\" data-id=\"40dcb36\" data-element_type=\"widget\" data-e-type=\"widget\" data-widget_type=\"icon-box.default\">\n\t\t\t\t\t\t\t<div class=\"elementor-icon-box-wrapper\">\n\n\t\t\t\t\t\t<div class=\"elementor-icon-box-icon\">\n\t\t\t\t<a href=\"https:\/\/anexollc.com\/notarios\/paranotarios\/\" class=\"elementor-icon\" tabindex=\"-1\" aria-label=\"INFORMACI\u00d3N PARA NOTARIOS\">\n\t\t\t\t<i aria-hidden=\"true\" class=\" ti-info-alt\"><\/i>\t\t\t\t<\/a>\n\t\t\t<\/div>\n\t\t\t\n\t\t\t\t\t\t<div class=\"elementor-icon-box-content\">\n\n\t\t\t\t\t\t\t\t\t<h3 class=\"elementor-icon-box-title\">\n\t\t\t\t\t\t<a href=\"https:\/\/anexollc.com\/notarios\/paranotarios\/\" >\n\t\t\t\t\t\t\tINFORMACI\u00d3N PARA NOTARIOS\t\t\t\t\t\t<\/a>\n\t\t\t\t\t<\/h3>\n\t\t\t\t\n\t\t\t\t\n\t\t\t<\/div>\n\t\t\t\n\t\t<\/div>\n\t\t\t\t\t\t<\/div>\n\t\t\t\t<\/div>\n\t\t<div class=\"elementor-element elementor-element-98eb129 e-con-full e-flex e-con e-child\" data-id=\"98eb129\" data-element_type=\"container\" data-e-type=\"container\" data-settings=\"{&quot;background_background&quot;:&quot;classic&quot;}\">\n\t\t\t\t<div class=\"elementor-element elementor-element-5537f04 elementor-view-default elementor-position-block-start elementor-mobile-position-block-start elementor-widget elementor-widget-icon-box\" data-id=\"5537f04\" data-element_type=\"widget\" data-e-type=\"widget\" data-widget_type=\"icon-box.default\">\n\t\t\t\t\t\t\t<div class=\"elementor-icon-box-wrapper\">\n\n\t\t\t\t\t\t<div class=\"elementor-icon-box-icon\">\n\t\t\t\t<a href=\"https:\/\/anexollc.com\/notarios\/comunidad\/\" class=\"elementor-icon\" tabindex=\"-1\" aria-label=\"INFORMACI\u00d3N PARA LA COMUNIDAD\">\n\t\t\t\t<i aria-hidden=\"true\" class=\" ti-info-alt\"><\/i>\t\t\t\t<\/a>\n\t\t\t<\/div>\n\t\t\t\n\t\t\t\t\t\t<div class=\"elementor-icon-box-content\">\n\n\t\t\t\t\t\t\t\t\t<h3 class=\"elementor-icon-box-title\">\n\t\t\t\t\t\t<a href=\"https:\/\/anexollc.com\/notarios\/comunidad\/\" >\n\t\t\t\t\t\t\tINFORMACI\u00d3N PARA LA COMUNIDAD\t\t\t\t\t\t<\/a>\n\t\t\t\t\t<\/h3>\n\t\t\t\t\n\t\t\t\t\n\t\t\t<\/div>\n\t\t\t\n\t\t<\/div>\n\t\t\t\t\t\t<\/div>\n\t\t\t\t<\/div>\n\t\t<div class=\"elementor-element elementor-element-848f407 e-con-full e-flex e-con e-child\" data-id=\"848f407\" data-element_type=\"container\" data-e-type=\"container\" data-settings=\"{&quot;background_background&quot;:&quot;classic&quot;}\">\n\t\t\t\t<div class=\"elementor-element elementor-element-277fafe elementor-view-default elementor-position-block-start elementor-mobile-position-block-start elementor-widget elementor-widget-icon-box\" data-id=\"277fafe\" data-element_type=\"widget\" data-e-type=\"widget\" data-widget_type=\"icon-box.default\">\n\t\t\t\t\t\t\t<div class=\"elementor-icon-box-wrapper\">\n\n\t\t\t\t\t\t<div class=\"elementor-icon-box-icon\">\n\t\t\t\t<a href=\"https:\/\/poderjudicial.pr\/abogados-y-abogadas-de-oficio\/entidades-y-organizaciones-autorizadas\/\" target=\"_blank\" class=\"elementor-icon\" tabindex=\"-1\" aria-label=\"PRO&lt;br \/&gt;BONO\">\n\t\t\t\t<i aria-hidden=\"true\" class=\" ti-info-alt\"><\/i>\t\t\t\t<\/a>\n\t\t\t<\/div>\n\t\t\t\n\t\t\t\t\t\t<div class=\"elementor-icon-box-content\">\n\n\t\t\t\t\t\t\t\t\t<h3 class=\"elementor-icon-box-title\">\n\t\t\t\t\t\t<a href=\"https:\/\/poderjudicial.pr\/abogados-y-abogadas-de-oficio\/entidades-y-organizaciones-autorizadas\/\" target=\"_blank\" >\n\t\t\t\t\t\t\tPRO<br \/>BONO\t\t\t\t\t\t<\/a>\n\t\t\t\t\t<\/h3>\n\t\t\t\t\n\t\t\t\t\n\t\t\t<\/div>\n\t\t\t\n\t\t<\/div>\n\t\t\t\t\t\t<\/div>\n\t\t\t\t<\/div>\n\t\t\t\t\t<\/div>\n\t\t\t\t<\/div>\n\t\t<div class=\"elementor-element elementor-element-79f564e e-flex e-con-boxed e-con e-parent\" data-id=\"79f564e\" data-element_type=\"container\" data-e-type=\"container\" data-settings=\"{&quot;background_background&quot;:&quot;classic&quot;}\">\n\t\t\t\t\t<div class=\"e-con-inner\">\n\t\t<div class=\"elementor-element elementor-element-6cf65d3 e-con-full e-flex e-con e-child\" data-id=\"6cf65d3\" data-element_type=\"container\" data-e-type=\"container\" data-settings=\"{&quot;background_background&quot;:&quot;classic&quot;}\">\n\t\t<div class=\"elementor-element elementor-element-e677252 e-con-full e-flex e-con e-child\" data-id=\"e677252\" data-element_type=\"container\" data-e-type=\"container\">\n\t\t\t\t<div class=\"elementor-element elementor-element-b95064c elementor-widget elementor-widget-heading\" data-id=\"b95064c\" data-element_type=\"widget\" data-e-type=\"widget\" data-widget_type=\"heading.default\">\n\t\t\t\t\t<h2 class=\"elementor-heading-title elementor-size-default\">Mensaje del Presidente<\/h2>\t\t\t\t<\/div>\n\t\t\t\t<div class=\"elementor-element elementor-element-271194b elementor-widget elementor-widget-text-editor\" data-id=\"271194b\" data-element_type=\"widget\" data-e-type=\"widget\" data-widget_type=\"text-editor.default\">\n\t\t\t\t\t\t\t\t\t<p data-start=\"189\" data-end=\"506\">En el Colegio Notarial de Puerto Rico reafirmamos nuestro compromiso con la integridad, la excelencia profesional y la protecci\u00f3n de la fe p\u00fablica, fortaleciendo cada d\u00eda la funci\u00f3n notarial en beneficio de nuestra sociedad.<\/p>\t\t\t\t\t\t\t\t<\/div>\n\t\t\t\t<div class=\"elementor-element elementor-element-6b4253c elementor-widget elementor-widget-text-editor\" data-id=\"6b4253c\" data-element_type=\"widget\" data-e-type=\"widget\" data-widget_type=\"text-editor.default\">\n\t\t\t\t\t\t\t\t\t<p><strong>Not. Ismael Garc\u00eda Ortega<\/strong><br \/>Presidente<\/p>\t\t\t\t\t\t\t\t<\/div>\n\t\t\t\t<\/div>\n\t\t<div class=\"elementor-element elementor-element-3e2a8fe e-con-full e-flex e-con e-child\" data-id=\"3e2a8fe\" data-element_type=\"container\" data-e-type=\"container\">\n\t\t\t\t<div class=\"elementor-element elementor-element-a1637be elementor-widget__width-auto elementor-widget elementor-widget-image\" data-id=\"a1637be\" data-element_type=\"widget\" data-e-type=\"widget\" data-widget_type=\"image.default\">\n\t\t\t\t\t\t\t\t\t\t\t\t\t\t\t<img fetchpriority=\"high\" decoding=\"async\" width=\"627\" height=\"642\" src=\"https:\/\/anexollc.com\/notarios\/wp-content\/uploads\/2026\/03\/ismael.png\" class=\"attachment-full size-full wp-image-1317\" alt=\"\" srcset=\"https:\/\/anexollc.com\/notarios\/wp-content\/uploads\/2026\/03\/ismael.png 627w, https:\/\/anexollc.com\/notarios\/wp-content\/uploads\/2026\/03\/ismael-293x300.png 293w\" sizes=\"(max-width: 627px) 100vw, 627px\" \/>\t\t\t\t\t\t\t\t\t\t\t\t\t\t\t<\/div>\n\t\t\t\t<\/div>\n\t\t\t\t<\/div>\n\t\t\t\t\t<\/div>\n\t\t\t\t<\/div>\n\t\t\t\t<\/div>\n\t\t","protected":false},"excerpt":{"rendered":"<p>COLEGIO NOTARIAL DE PUERTO RICO Notarios por Puerto Rico Organizaci\u00f3n sin fines de lucro que re\u00fane voluntariamente a cerca de 1,200 Notarios y Notarias activos en Puerto Rico. S\u00c9 PARTE DEL CAMBIO Y DEJA TU HUELLA CON CADA CASO QUE ACEPTES. TRANSFORMA VIDAS CON NOTARIOS POR PUERTO RICO \u00bfQui\u00e9nes Somos? El Colegio Notarial de Puerto [&hellip;]<\/p>\n","protected":false},"author":1,"featured_media":0,"parent":0,"menu_order":0,"comment_status":"closed","ping_status":"closed","template":"elementor_header_footer","meta":{"footnotes":""},"class_list":["post-1354","page","type-page","status-publish","hentry"],"_hostinger_reach_plugin_has_subscription_block":false,"_hostinger_reach_plugin_is_elementor":false,"_links":{"self":[{"href":"https:\/\/anexollc.com\/notarios\/wp-json\/wp\/v2\/pages\/1354","targetHints":{"allow":["GET"]}}],"collection":[{"href":"https:\/\/anexollc.com\/notarios\/wp-json\/wp\/v2\/pages"}],"about":[{"href":"https:\/\/anexollc.com\/notarios\/wp-json\/wp\/v2\/types\/page"}],"author":[{"embeddable":true,"href":"https:\/\/anexollc.com\/notarios\/wp-json\/wp\/v2\/users\/1"}],"replies":[{"embeddable":true,"href":"https:\/\/anexollc.com\/notarios\/wp-json\/wp\/v2\/comments?post=1354"}],"version-history":[{"count":85,"href":"https:\/\/anexollc.com\/notarios\/wp-json\/wp\/v2\/pages\/1354\/revisions"}],"predecessor-version":[{"id":35123,"href":"https:\/\/anexollc.com\/notarios\/wp-json\/wp\/v2\/pages\/1354\/revisions\/35123"}],"wp:attachment":[{"href":"https:\/\/anexollc.com\/notarios\/wp-json\/wp\/v2\/media?parent=1354"}],"curies":[{"name":"wp","href":"https:\/\/api.w.org\/{rel}","templated":true}]}}