{"id":1290,"date":"2026-03-17T18:45:38","date_gmt":"2026-03-17T18:45:38","guid":{"rendered":"https:\/\/anexollc.com\/notarios\/?page_id=1290"},"modified":"2026-03-18T19:50:07","modified_gmt":"2026-03-18T19:50:07","slug":"anota-revista-juridica","status":"publish","type":"page","link":"https:\/\/anexollc.com\/notarios\/anota-revista-juridica\/","title":{"rendered":"Anota Revista Jur\u00eddica"},"content":{"rendered":"\t\t<div data-elementor-type=\"wp-page\" data-elementor-id=\"1290\" class=\"elementor elementor-1290\" data-elementor-post-type=\"page\">\n\t\t\t\t<div class=\"elementor-element elementor-element-f72b50f e-flex e-con-boxed e-con e-parent\" data-id=\"f72b50f\" data-element_type=\"container\" data-e-type=\"container\">\n\t\t\t\t\t<div class=\"e-con-inner\">\n\t\t\t\t<div class=\"elementor-element elementor-element-761fc92 elementor-widget elementor-widget-html\" data-id=\"761fc92\" data-element_type=\"widget\" data-e-type=\"widget\" data-widget_type=\"html.default\">\n\t\t\t\t\t<style>\r\n\r\n\r\n\r\n:root {\r\n  --cnpr-blue:   #0B1F3B;\r\n  --cnpr-blue-2: #123B73;\r\n  --cnpr-gold:   #ba8a18;\r\n  --cnpr-text:   #1e2a36;\r\n  --cnpr-line:   #d9e0ea;\r\n  --cnpr-shadow: 0 10px 30px rgba(11,31,59,.10);\r\n}\r\n\r\n.cnpr-section {\r\n  width: min(1180px, calc(100% - 40px));\r\n  margin: 0 auto;\r\n  padding: 72px 0;\r\n}\r\n.cnpr-section .elementor-heading-title,\r\n.cnpr-section h2 {\r\n  font-size: clamp(32px,4vw,48px);\r\n  line-height: 1.1;\r\n  margin-bottom: 24px;\r\n  color: var(--cnpr-blue);\r\n}\r\n.cnpr-section h3 {\r\n  font-size: 24px;\r\n  line-height: 1.2;\r\n  margin-bottom: 10px;\r\n  color: var(--cnpr-blue);\r\n}\r\n.cnpr-section p { font-size: 18px; line-height: 1.75; color: var(--cnpr-text); }\r\n\r\n.cnpr-hero {\r\n  min-height: 620px;\r\n  display: flex !important;\r\n  align-items: center;\r\n  justify-content: center;\r\n  text-align: center;\r\n  padding: 80px 20px;\r\n  background:\r\n    linear-gradient(rgba(7,25,52,.60), rgba(7,25,52,.60)),\r\n    url(\"https:\/\/images.unsplash.com\/photo-1450101499163-c8848c66ca85?auto=format&fit=crop&w=1600&q=80\")\r\n    center\/cover no-repeat !important;\r\n}\r\n.cnpr-hero .elementor-heading-title,\r\n.cnpr-hero h1 { color: #fff !important; font-size: clamp(40px,6vw,74px); line-height: 1.05; }\r\n.cnpr-hero .elementor-widget-text-editor p { color: rgba(255,255,255,.92) !important; font-size: 22px; max-width: 820px; margin: 0 auto 28px; }\r\n.cnpr-hero .elementor-button {\r\n  background: linear-gradient(135deg, var(--cnpr-gold), #c9a050) !important;\r\n  color: #fff !important;\r\n  border-radius: 999px;\r\n  padding: 16px 30px;\r\n  font-weight: 700;\r\n}\r\n\r\n.cnpr-about {\r\n  display: grid !important;\r\n  grid-template-columns: 1.05fr 1.2fr;\r\n  gap: 42px;\r\n  align-items: center;\r\n}\r\n.cnpr-about__media img { width: 100%; border-radius: 22px; box-shadow: var(--cnpr-shadow); display: block; }\r\n\r\n.cnpr-timeline { position: relative; padding-left: 34px; border-left: 2px solid var(--cnpr-line); margin-top: 30px; }\r\n.cnpr-timeline__item { position: relative; padding: 0 0 34px 18px; }\r\n.cnpr-timeline__item:last-child { padding-bottom: 0; }\r\n.cnpr-timeline__item::before {\r\n  content: \"\";\r\n  position: absolute;\r\n  left: -44px; top: 8px;\r\n  width: 18px; height: 18px;\r\n  border-radius: 50%;\r\n  background: var(--cnpr-gold);\r\n  border: 4px solid #fff;\r\n  box-shadow: 0 0 0 2px var(--cnpr-blue);\r\n}\r\n\r\n.cnpr-mv__grid { display: grid !important; grid-template-columns: 1fr 1fr; gap: 26px; margin-top: 24px; }\r\n.cnpr-card { padding: 34px; border-radius: 24px; box-shadow: var(--cnpr-shadow); }\r\n.cnpr-card--blue {\r\n  background: linear-gradient(135deg, var(--cnpr-blue), var(--cnpr-blue-2)) !important;\r\n}\r\n.cnpr-card--blue .elementor-heading-title,\r\n.cnpr-card--blue h3,\r\n.cnpr-card--blue p { color: #fff !important; }\r\n\r\n.cnpr-function__grid { display: grid !important; grid-template-columns: repeat(4,1fr); gap: 22px; margin: 30px 0 34px; }\r\n.cnpr-icon-card {\r\n  background: #fff;\r\n  border: 1px solid #e8edf5;\r\n  border-radius: 22px;\r\n  padding: 28px 22px;\r\n  text-align: center;\r\n  box-shadow: var(--cnpr-shadow);\r\n  transition: transform .25s ease, box-shadow .25s ease;\r\n}\r\n.cnpr-icon-card:hover { transform: translateY(-4px); box-shadow: 0 16px 34px rgba(11,31,59,.14); }\r\n\r\n.cnpr-closing {\r\n  padding: 56px 20px;\r\n  text-align: center;\r\n  background: linear-gradient(135deg, var(--cnpr-blue), #0b2d5a) !important;\r\n}\r\n.cnpr-closing .elementor-heading-title,\r\n.cnpr-closing h2 { color: #fff !important; margin: 0; font-size: clamp(28px,3vw,42px); }\r\n\r\n@media (max-width:1024px) {\r\n  .cnpr-about { grid-template-columns: 1fr !important; }\r\n  .cnpr-function__grid { grid-template-columns: repeat(2,1fr) !important; }\r\n}\r\n@media (max-width:767px) {\r\n  .cnpr-section { padding: 52px 0; }\r\n  .cnpr-mv__grid, .cnpr-function__grid { grid-template-columns: 1fr !important; }\r\n  .cnpr-card { padding: 26px; }\r\n  .cnpr-timeline { padding-left: 24px; }\r\n  .cnpr-timeline__item::before { left: -34px; }\r\n}\r\n<\/style>\r\n\t\t\t\t<\/div>\n\t\t\t\t\t<\/div>\n\t\t\t\t<\/div>\n\t\t<div class=\"elementor-element elementor-element-53988304 e-con-full e-flex e-con e-parent\" data-id=\"53988304\" data-element_type=\"container\" data-e-type=\"container\" data-settings=\"{&quot;background_background&quot;:&quot;gradient&quot;}\">\n\t\t<div class=\"elementor-element elementor-element-601c96fb e-flex e-con-boxed e-con e-child\" data-id=\"601c96fb\" data-element_type=\"container\" data-e-type=\"container\">\n\t\t\t\t\t<div class=\"e-con-inner\">\n\t\t\t\t<div class=\"elementor-element elementor-element-3a56e162 elementor-widget elementor-widget-html\" data-id=\"3a56e162\" data-element_type=\"widget\" data-e-type=\"widget\" data-widget_type=\"html.default\">\n\t\t\t\t\t<div style='text-align:center;margin-bottom:6px;'><span style='display:inline-block;width:52px;height:2px;background:#D4B56B;vertical-align:middle;margin-right:14px;'><\/span><span style='color:#D4B56B;font-size:13px;font-weight:700;letter-spacing:2.5px;text-transform:uppercase;vertical-align:middle;'>Revista Jur\u00eddica<\/span><span style='display:inline-block;width:52px;height:2px;background:#D4B56B;vertical-align:middle;margin-left:14px;'><\/span><\/div><h1 style='color:#ffffff;font-size:clamp(64px,10vw,110px);font-weight:900;line-height:1;text-align:center;margin:0 0 10px;letter-spacing:-2px;font-family:inherit;'>ANOTA<\/h1><div style='text-align:center;margin-bottom:0;'><span style='display:inline-block;width:52px;height:2px;background:rgba(212,181,107,0.45);vertical-align:middle;margin-right:14px;'><\/span><span style='color:rgba(255,255,255,0.55);font-size:13px;font-weight:600;letter-spacing:2px;text-transform:uppercase;vertical-align:middle;'>Colegio Notarial de Puerto Rico<\/span><span style='display:inline-block;width:52px;height:2px;background:rgba(212,181,107,0.45);vertical-align:middle;margin-left:14px;'><\/span><\/div>\t\t\t\t<\/div>\n\t\t\t\t<div class=\"elementor-element elementor-element-13ecb799 elementor-widget elementor-widget-text-editor\" data-id=\"13ecb799\" data-element_type=\"widget\" data-e-type=\"widget\" data-widget_type=\"text-editor.default\">\n\t\t\t\t\t\t\t\t\t<p>Archivo hist\u00f3rico de publicaciones jur\u00eddicas del Colegio Notarial de Puerto Rico.<\/p>\t\t\t\t\t\t\t\t<\/div>\n\t\t\t\t\t<\/div>\n\t\t\t\t<\/div>\n\t\t\t\t<\/div>\n\t\t<div class=\"elementor-element elementor-element-e16c4d5 e-flex e-con-boxed e-con e-parent\" data-id=\"e16c4d5\" data-element_type=\"container\" data-e-type=\"container\">\n\t\t\t\t\t<div class=\"e-con-inner\">\n\t\t\t\t<div class=\"elementor-element elementor-element-75bab61 elementor-widget elementor-widget-html\" data-id=\"75bab61\" data-element_type=\"widget\" data-e-type=\"widget\" data-widget_type=\"html.default\">\n\t\t\t\t\t<style>.anota-wrap{font-family:inherit;color:#1e2a36}.anota-ctrl{display:flex;flex-wrap:wrap;gap:10px;margin-bottom:24px;padding:18px 20px;background:#fff;border-radius:16px;border:1px solid #d9e0ea;box-shadow:0 4px 16px rgba(11,31,59,.07)}.anota-srch{position:relative;flex:1;min-width:200px}.anota-srch i{position:absolute;left:13px;top:50%;transform:translateY(-50%);color:#8fa3bc;font-size:14px;pointer-events:none}.anota-srch input{width:100%;border:1px solid #d9e0ea;border-radius:10px;padding:10px 12px 10px 38px;font-size:14px;color:#1e2a36;background:#F6F8FC;font-family:inherit;box-sizing:border-box;transition:border-color .2s,background .2s}.anota-srch input:focus{outline:none;border-color:#0B1F3B;background:#fff}.anota-sel{border:1px solid #d9e0ea;border-radius:10px;padding:10px 14px;font-size:14px;color:#1e2a36;background:#F6F8FC;font-family:inherit;cursor:pointer;min-width:150px}.anota-top{background:linear-gradient(180deg,#0B1F3B,#123B73);color:#fff;border:0;border-radius:10px;padding:10px 16px;font-size:14px;font-weight:600;font-family:inherit;cursor:pointer;display:flex;align-items:center;gap:7px;white-space:nowrap}.anota-top:hover{opacity:.88}.anota-group{border-radius:14px;overflow:hidden;border:1px solid #d9e0ea;margin-bottom:8px;box-shadow:0 2px 8px rgba(11,31,59,.05)}.anota-hd{display:flex;align-items:center;justify-content:space-between;padding:14px 20px;background:linear-gradient(90deg,#1a3357,#253f6e);cursor:pointer;user-select:none}.anota-hd:hover{background:linear-gradient(90deg,#0B1F3B,#1a3a6a)}.anota-yl{color:#fff;font-size:16px;font-weight:700;display:flex;align-items:center;gap:8px}.anota-yc{color:#D4B56B;font-size:13px;font-weight:600}.anota-ch{color:rgba(255,255,255,.65);font-size:13px;transition:transform .25s}.anota-list{background:#fff;display:none}.anota-row{display:flex;align-items:center;gap:12px;padding:11px 20px;border-bottom:1px solid #f0f4f9;transition:background .12s}.anota-row:last-child{border-bottom:0}.anota-row:hover{background:#F6F8FC}.anota-ico{color:#e74c3c;font-size:20px;flex:0 0 20px}.anota-nm{flex:1;font-size:14px;color:#1e2a36;font-weight:500}.anota-open{background:linear-gradient(180deg,#0B1F3B,#123B73);color:#fff;border:0;border-radius:7px;padding:6px 14px;font-size:12px;font-weight:700;font-family:inherit;cursor:pointer;text-decoration:none;white-space:nowrap;transition:opacity .15s}.anota-open:hover{opacity:.85}.anota-dl{color:#b0c0d4;font-size:16px;text-decoration:none;padding:4px 5px;border-radius:5px;transition:color .15s;line-height:1}.anota-dl:hover{color:#0B1F3B}.anota-empty{text-align:center;padding:36px;color:#8fa3bc;font-size:15px}@media(max-width:600px){.anota-ctrl{flex-direction:column}.anota-nm{font-size:13px}.anota-open{font-size:11px;padding:5px 10px}}<\/style><div class='anota-wrap' id='anotaWrap'><div class='anota-ctrl'><div class='anota-srch'><i class='fas fa-search'><\/i><input type='text' id='anotaQ' placeholder='Buscar publicaci\u00f3n...'><\/div><select id='anotaYr' class='anota-sel'><\/select><button id='anotaTop' class='anota-top'><i class='fas fa-calendar-alt'><\/i> Ir al a\u00f1o m\u00e1s reciente<\/button><\/div><div id='anotaG'><\/div><\/div><script>(function(){var B='https:\/\/www.colegionotarialpr.com\/wp-content\/uploads\/2019\/05\/';var D=[{y:2009,f:['ANOTA_2009_No._1.pdf','ANOTA_2009_No._2.pdf','ANOTA_2009_No._3.pdf','ANOTA_2009_No._4.pdf']},{y:2008,f:['ANOTA_2008_No._1.pdf','ANOTA_2008_No._2.pdf','ANOTA_2008_No._3.pdf']},{y:2007,f:['ANOTA_2007_No._1.pdf','ANOTA_2007_No._2.pdf','ANOTA_2007_No._3.pdf','ANOTA_2007_No._5.pdf','ANOTA_2007_No._6.pdf']},{y:2006,f:['ANOTA_2006_No._1.pdf','ANOTA_2006_No._6.pdf']},{y:2005,f:['ANOTA_2005_No._1.pdf','ANOTA_2005_No._2.pdf','ANOTA_2005_No._3.pdf','ANOTA_2005_No._4.pdf','ANOTA_2005_No._5.pdf']},{y:2004,f:['ANOTA_2004_No._1.pdf','ANOTA_2004_No._2.pdf','ANOTA_2004_No._3.pdf','ANOTA_2004_No._4.pdf','ANOTA_2004_No._5.pdf','ANOTA_2004_No._6.pdf']},{y:2003,f:['ANOTA_2003__No.1.pdf','ANOTA_2003__No.2.pdf','ANOTA_2003__No.3.pdf','ANOTA_2003__No.4.pdf','ANOTA_2003__No.5.pdf','ANOTA_2003__No.6.pdf']},{y:2002,f:['ANOTA_2002_No._1.pdf','ANOTA_2002_No._2.pdf','ANOTA_2002_No._3.pdf','ANOTA_2002_No._4.pdf','ANOTA_2002_No._5.pdf','ANOTA_2002_No._6.pdf']},{y:2001,f:['ANOTA_2001_No._1.pdf','ANOTA_2001_No._2.pdf','ANOTA_2001_No._3.pdf','ANOTA_2001_No._4.pdf','ANOTA_2001_No._5.pdf','ANOTA_2001_No._6.pdf']},{y:2000,f:['ANOTA_2000_No._1.pdf','ANOTA_2000_No._2.pdf','ANOTA_2000_No._3.pdf','ANOTA_2000_No._4.pdf','ANOTA_2000_No._5.pdf','ANOTA_2000_No._6.pdf']},{y:1999,f:['ANOTA_1999_No._1_2.pdf','ANOTA_1999_No._3_4.pdf','ANOTA_1999_No._5.pdf','ANOTA_1999_No._6.pdf']},{y:1998,f:['ANOTA_1998_No._1.pdf','ANOTA_1998_No._2.pdf','ANOTA_1998_No._3.pdf','ANOTA_1998_No._4_5_6.pdf']},{y:1997,f:['ANOTA_1997_INDICE.pdf','ANOTA_1997_No._1.pdf','ANOTA_1997_No._2.pdf','ANOTA_1997_No._3.pdf','ANOTA_1997_No._4.pdf']},{y:1996,f:['ANOTA_1996_No._1.pdf','ANOTA_1996_No._2.pdf','ANOTA_1996_No._3.pdf','ANOTA_1996_No._4.pdf','ANOTA_1996_No._5.pdf','ANOTA_1996_No._6.pdf']},{y:1995,f:['ANOTA_1995_No._1.pdf','ANOTA_1995_No._2.pdf','ANOTA_1995_No._3.pdf','ANOTA_1995_No._4.pdf','ANOTA_1995_No._5.pdf','ANOTA_1995_No._6.pdf']},{y:1994,f:['ANOTA_1994_No._1.pdf','ANOTA_1994_No._2.pdf','ANOTA_1994_No._3.pdf','ANOTA_1994_No._4.pdf','ANOTA_1994_No._5.pdf','ANOTA_1994_No._6.pdf','ANOTA_1994_No._7.pdf']},{y:1993,f:['ANOTA_1993_No._1.pdf','ANOTA_1993_No._2.pdf','ANOTA_1993_No._3.pdf','ANOTA_1993_No._4.pdf','ANOTA_1993_No._5.pdf','ANOTA_1993_No._6.pdf','ANOTA_1993_No._7.pdf']},{y:1992,f:['ANOTA_1992_No._1.pdf','ANOTA_1992_No._2.pdf','ANOTA_1992_No._3.pdf','ANOTA_1992_No._4.pdf','ANOTA_1992_No._5.pdf','ANOTA_1992_No._6.pdf','ANOTA_1992_No._7.pdf','ANOTA_1992_No._8.pdf','ANOTA_1992_No._9.pdf']},{y:1991,f:['ANOTA_1991_No._1.pdf','ANOTA_1991_No._2.pdf','ANOTA_1991_No._3.pdf','ANOTA_1991_No._4.pdf','ANOTA_1991_No._5.pdf','ANOTA_1991_No._6.pdf','ANOTA_1991_No._7.pdf','ANOTA_1991_No._8.pdf','ANOTA_1991_No._9.pdf']},{y:1990,f:['ANOTA_1990_No._1.pdf','ANOTA_1990_No._2.pdf','ANOTA_1990_No._3.pdf','ANOTA_1990_No._4.pdf','ANOTA_1990_No._5.pdf','ANOTA_1990_No._6.pdf','ANOTA_1990_No._7.pdf','ANOTA_1990_No._8.pdf','ANOTA_1990_No._9.pdf']},{y:1989,f:['ANOTA_1989_No._1.pdf','ANOTA_1989_No._2.pdf','ANOTA_1989_No._3.pdf','ANOTA_1989_No._4.pdf','ANOTA_1989_No._5.pdf','ANOTA_1989_No._6.pdf','ANOTA_1989_No._7.pdf','ANOTA_1989_No._8.pdf']},{y:1988,f:['ANOTA_1988_No._1.pdf','ANOTA_1988_No._2.pdf','ANOTA_1988_No._3.pdf','ANOTA_1988_No._4.pdf','ANOTA_1988_No._5.pdf','ANOTA_1988_No._6.pdf','ANOTA_1988_No._7.pdf','ANOTA_1988_No._8.pdf','ANOTA_1988_No._9.pdf','ANOTA_1988_No._10.pdf']},{y:1987,f:['ANOTA_1987_No._1.pdf','ANOTA_1987_No._2.pdf','ANOTA_1987_No._3.pdf','ANOTA_1987_No._4.pdf','ANOTA_1987_No._5.pdf','ANOTA_1987_No._6.pdf','ANOTA_1987_No._7.pdf','ANOTA_1987_No._8.pdf','ANOTA_1987_No._9.pdf','ANOTA_1987_No._10.pdf','ANOTA_1987_No._11.pdf']}];function lbl(f){var n=f.replace('.pdf','');if(n.indexOf('INDICE')>=0)return'&#205;ndice General';var i=n.indexOf('No');if(i<0)return n;var num=n.slice(i+2);while(num.length>0&&(num[0]==='_'||num[0]==='.')){num=num.slice(1);}return'N\u00famero '+num.split('_').join('-');}var sel=document.getElementById('anotaYr');sel.innerHTML='<option value=\"\">&#9776; Filtrar por a&ntilde;o<\/option>'+D.map(function(g){return'<option value=\"'+g.y+'\">'+g.y+' ('+g.f.length+')<\/option>';}).join('');var gc=document.getElementById('anotaG');gc.innerHTML=D.map(function(g){var rows=g.f.map(function(f){return'<div class=\"anota-row\" data-f=\"'+f.toLowerCase()+'\"><div class=\"anota-ico\"><i class=\"fas fa-file-pdf\"><\/i><\/div><span class=\"anota-nm\">'+lbl(f)+'<\/span><a href=\"'+B+f+'\" target=\"_blank\" rel=\"noopener\" class=\"anota-open\">Abrir PDF<\/a><a href=\"'+B+f+'\" download class=\"anota-dl\"><i class=\"fas fa-download\"><\/i><\/a><\/div>';}).join('');return'<div class=\"anota-group\" data-y=\"'+g.y+'\" id=\"ay'+g.y+'\"><div class=\"anota-hd\" onclick=\"anotaTgl(this)\"><span class=\"anota-yl\">'+g.y+' <span class=\"anota-yc\">('+g.f.length+')<\/span><\/span><i class=\"fas fa-chevron-down anota-ch\"><\/i><\/div><div class=\"anota-list\">'+rows+'<\/div><\/div>';}).join('');window.anotaTgl=function(hd){var l=hd.nextElementSibling,o=l.style.display!=='none';l.style.display=o?'none':'block';hd.querySelector('.anota-ch').style.transform=o?'':'rotate(180deg)';};document.getElementById('anotaQ').addEventListener('input',function(){var q=this.value.toLowerCase().trim();document.querySelectorAll('.anota-group').forEach(function(g){var rows=g.querySelectorAll('.anota-row'),vis=0;rows.forEach(function(r){var show=!q||r.dataset.f.includes(q);r.style.display=show?'':'none';if(show)vis++;});g.style.display=vis||!q?'':'none';if(q&&vis){g.querySelector('.anota-list').style.display='block';g.querySelector('.anota-ch').style.transform='rotate(180deg)';}else if(!q){g.querySelector('.anota-list').style.display='none';g.querySelector('.anota-ch').style.transform='';}});});document.getElementById('anotaYr').addEventListener('change',function(){var yr=this.value;document.querySelectorAll('.anota-group').forEach(function(g){g.style.display=!yr||g.dataset.y===yr?'':'none';if(yr&&g.dataset.y===yr){g.querySelector('.anota-list').style.display='block';g.querySelector('.anota-ch').style.transform='rotate(180deg)';}});});document.getElementById('anotaTop').addEventListener('click',function(){var first=document.querySelector('.anota-group');if(first){first.scrollIntoView({behavior:'smooth',block:'start'});var hd=first.querySelector('.anota-hd');if(hd.nextElementSibling.style.display==='none')window.anotaTgl(hd);}});})();<\/script>\t\t\t\t<\/div>\n\t\t\t\t\t<\/div>\n\t\t\t\t<\/div>\n\t\t<div class=\"elementor-element elementor-element-7970f39e e-flex e-con-boxed e-con e-parent\" data-id=\"7970f39e\" data-element_type=\"container\" data-e-type=\"container\">\n\t\t\t\t\t<div class=\"e-con-inner\">\n\t\t\t\t<div class=\"elementor-element elementor-element-69a96fb5 elementor-widget elementor-widget-heading\" data-id=\"69a96fb5\" data-element_type=\"widget\" data-e-type=\"widget\" data-widget_type=\"heading.default\">\n\t\t\t\t\t<h3 class=\"elementor-heading-title elementor-size-default\">Sobre ANOTA<\/h3>\t\t\t\t<\/div>\n\t\t\t\t<div class=\"elementor-element elementor-element-47c811a7 elementor-widget elementor-widget-text-editor\" data-id=\"47c811a7\" data-element_type=\"widget\" data-e-type=\"widget\" data-widget_type=\"text-editor.default\">\n\t\t\t\t\t\t\t\t\t<p>ANOTA es la revista jur\u00eddica del <em>Colegio Notarial de Puerto Rico<\/em>, dedicada a la difusi\u00f3n de estudios, art\u00edculos y ensayos sobre temas notariales y jur\u00eddicos. Este archivo re\u00fane las ediciones publicadas desde 1987 hasta 2009, preservando el acervo hist\u00f3rico del notariado puertorrique\u00f1o.<\/p>\t\t\t\t\t\t\t\t<\/div>\n\t\t\t\t\t<\/div>\n\t\t\t\t<\/div>\n\t\t<div class=\"elementor-element elementor-element-79f564e e-flex e-con-boxed e-con e-parent\" data-id=\"79f564e\" data-element_type=\"container\" data-e-type=\"container\" data-settings=\"{&quot;background_background&quot;:&quot;classic&quot;}\">\n\t\t\t\t\t<div class=\"e-con-inner\">\n\t\t<div class=\"elementor-element elementor-element-6cf65d3 e-con-full e-flex e-con e-child\" data-id=\"6cf65d3\" data-element_type=\"container\" data-e-type=\"container\" data-settings=\"{&quot;background_background&quot;:&quot;classic&quot;}\">\n\t\t<div class=\"elementor-element elementor-element-e677252 e-con-full e-flex e-con e-child\" data-id=\"e677252\" data-element_type=\"container\" data-e-type=\"container\">\n\t\t\t\t<div class=\"elementor-element elementor-element-b95064c elementor-widget elementor-widget-heading\" data-id=\"b95064c\" data-element_type=\"widget\" data-e-type=\"widget\" data-widget_type=\"heading.default\">\n\t\t\t\t\t<h2 class=\"elementor-heading-title elementor-size-default\">Mensaje del Presidente<\/h2>\t\t\t\t<\/div>\n\t\t\t\t<div class=\"elementor-element elementor-element-271194b elementor-widget elementor-widget-text-editor\" data-id=\"271194b\" data-element_type=\"widget\" data-e-type=\"widget\" data-widget_type=\"text-editor.default\">\n\t\t\t\t\t\t\t\t\t<p data-start=\"189\" data-end=\"506\">En el Colegio Notarial de Puerto Rico reafirmamos nuestro compromiso con la integridad, la excelencia profesional y la protecci\u00f3n de la fe p\u00fablica, fortaleciendo cada d\u00eda la funci\u00f3n notarial en beneficio de nuestra sociedad.<\/p>\t\t\t\t\t\t\t\t<\/div>\n\t\t\t\t<div class=\"elementor-element elementor-element-6b4253c elementor-widget elementor-widget-text-editor\" data-id=\"6b4253c\" data-element_type=\"widget\" data-e-type=\"widget\" data-widget_type=\"text-editor.default\">\n\t\t\t\t\t\t\t\t\t<p><strong>Not. Ismael Garc\u00eda Ortega<\/strong><br \/>Presidente<\/p>\t\t\t\t\t\t\t\t<\/div>\n\t\t\t\t<\/div>\n\t\t<div class=\"elementor-element elementor-element-3e2a8fe e-con-full e-flex e-con e-child\" data-id=\"3e2a8fe\" data-element_type=\"container\" data-e-type=\"container\">\n\t\t\t\t<div class=\"elementor-element elementor-element-a1637be elementor-widget__width-auto elementor-widget elementor-widget-image\" data-id=\"a1637be\" data-element_type=\"widget\" data-e-type=\"widget\" data-widget_type=\"image.default\">\n\t\t\t\t\t\t\t\t\t\t\t\t\t\t\t<img fetchpriority=\"high\" decoding=\"async\" width=\"627\" height=\"642\" src=\"https:\/\/anexollc.com\/notarios\/wp-content\/uploads\/2026\/03\/ismael.png\" class=\"attachment-full size-full wp-image-1317\" alt=\"\" srcset=\"https:\/\/anexollc.com\/notarios\/wp-content\/uploads\/2026\/03\/ismael.png 627w, https:\/\/anexollc.com\/notarios\/wp-content\/uploads\/2026\/03\/ismael-293x300.png 293w\" sizes=\"(max-width: 627px) 100vw, 627px\" \/>\t\t\t\t\t\t\t\t\t\t\t\t\t\t\t<\/div>\n\t\t\t\t<\/div>\n\t\t\t\t<\/div>\n\t\t\t\t\t<\/div>\n\t\t\t\t<\/div>\n\t\t\t\t<\/div>\n\t\t","protected":false},"excerpt":{"rendered":"<p>Revista Jur\u00eddica ANOTA Colegio Notarial de Puerto Rico Archivo hist\u00f3rico de publicaciones jur\u00eddicas del Colegio Notarial de Puerto Rico. Ir al a\u00f1o m\u00e1s reciente Sobre ANOTA ANOTA es la revista jur\u00eddica del Colegio Notarial de Puerto Rico, dedicada a la difusi\u00f3n de estudios, art\u00edculos y ensayos sobre temas notariales y jur\u00eddicos. Este archivo re\u00fane las [&hellip;]<\/p>\n","protected":false},"author":1,"featured_media":0,"parent":0,"menu_order":0,"comment_status":"closed","ping_status":"closed","template":"elementor_header_footer","meta":{"footnotes":""},"class_list":["post-1290","page","type-page","status-publish","hentry"],"_hostinger_reach_plugin_has_subscription_block":false,"_hostinger_reach_plugin_is_elementor":false,"_links":{"self":[{"href":"https:\/\/anexollc.com\/notarios\/wp-json\/wp\/v2\/pages\/1290","targetHints":{"allow":["GET"]}}],"collection":[{"href":"https:\/\/anexollc.com\/notarios\/wp-json\/wp\/v2\/pages"}],"about":[{"href":"https:\/\/anexollc.com\/notarios\/wp-json\/wp\/v2\/types\/page"}],"author":[{"embeddable":true,"href":"https:\/\/anexollc.com\/notarios\/wp-json\/wp\/v2\/users\/1"}],"replies":[{"embeddable":true,"href":"https:\/\/anexollc.com\/notarios\/wp-json\/wp\/v2\/comments?post=1290"}],"version-history":[{"count":10,"href":"https:\/\/anexollc.com\/notarios\/wp-json\/wp\/v2\/pages\/1290\/revisions"}],"predecessor-version":[{"id":1353,"href":"https:\/\/anexollc.com\/notarios\/wp-json\/wp\/v2\/pages\/1290\/revisions\/1353"}],"wp:attachment":[{"href":"https:\/\/anexollc.com\/notarios\/wp-json\/wp\/v2\/media?parent=1290"}],"curies":[{"name":"wp","href":"https:\/\/api.w.org\/{rel}","templated":true}]}}